{"id":3444,"date":"2025-08-25T08:44:21","date_gmt":"2025-08-25T08:44:21","guid":{"rendered":"https:\/\/kraftiapet.com\/?page_id=3444"},"modified":"2026-03-05T12:25:20","modified_gmt":"2026-03-05T12:25:20","slug":"domu","status":"publish","type":"page","link":"https:\/\/kraftiapet.com\/cs\/","title":{"rendered":"Dom\u016f"},"content":{"rendered":"\n<div class=\"wp-block-cover alignfull has-parallax\" style=\"border-style:none;border-width:0px;border-radius:78px;margin-top:0;margin-bottom:0;padding-top:0;padding-right:0;padding-bottom:0;padding-left:0;min-height:560px;aspect-ratio:unset;\"><div class=\"wp-block-cover__image-background wp-image-4088 size-full has-parallax\" style=\"background-position:50% 50%;background-image:url(https:\/\/kraftiapet.com\/wp-content\/uploads\/2026\/03\/zagrljaj.webp)\"><\/div><span aria-hidden=\"true\" class=\"wp-block-cover__background has-background-dim-0 has-background-dim has-background-gradient\" style=\"background:linear-gradient(0deg,rgb(181,0,45) 0%,rgb(255,115,60) 100%)\"><\/span><div class=\"wp-block-cover__inner-container is-layout-constrained wp-container-core-cover-is-layout-602b7776 wp-block-cover-is-layout-constrained\">\n<div class=\"wp-block-group alignwide is-layout-constrained wp-block-group-is-layout-constrained\">\n<div class=\"wp-block-media-text alignwide has-media-on-the-right is-stacked-on-mobile is-vertically-aligned-center\" style=\"border-style:none;border-width:0px;border-radius:0px;margin-top:0;margin-right:0;margin-bottom:0;margin-left:0;padding-top:0;padding-right:0;padding-bottom:0;padding-left:0;font-size:clamp(14px, 0.875rem + ((1vw - 3.2px) * 0.078), 15px);grid-template-columns:auto 41%\"><div class=\"wp-block-media-text__content\">\n<h1 class=\"wp-block-heading has-text-align-left has-white-color has-text-color\" style=\"padding-top:0;padding-bottom:0;font-size:clamp(21.027px, 1.314rem + ((1vw - 3.2px) * 1.014), 34px);line-height:1.3\">V\u00e1\u0161 partner v pr\u00e9miov\u00e9 v\u00fd\u017eiv\u011b dom\u00e1c\u00edch mazl\u00ed\u010dk\u016f<\/h1>\n\n\n\n<p class=\"has-white-color has-text-color\" style=\"padding-top:0;padding-bottom:0;line-height:0.1\">Vyrobeno s p\u00e9\u010d\u00ed.<\/p>\n\n\n\n<div class=\"wp-block-buttons is-horizontal is-content-justification-left is-layout-flex wp-container-core-buttons-is-layout-e7a66ebd wp-block-buttons-is-layout-flex\" style=\"padding-top:var(--wp--preset--spacing--50);padding-bottom:var(--wp--preset--spacing--50)\">\n<div class=\"wp-block-button has-custom-width wp-block-button__width-50 is-style-fill\"><a class=\"wp-block-button__link wp-element-button\" href=\"https:\/\/kraftiapet.com\/cs\/brand-hub-prehled\/\" style=\"border-style:none;border-width:0px;border-radius:20px;padding-top:0;padding-right:0;padding-bottom:0;padding-left:0\">P\u0159ehled zna\u010dek<\/a><\/div>\n<\/div>\n<\/div><figure class=\"wp-block-media-text__media\"><\/figure><\/div>\n<\/div>\n\n\n\n<div class=\"wp-block-columns is-layout-flex wp-container-core-columns-is-layout-28f84493 wp-block-columns-is-layout-flex\">\n<div class=\"wp-block-column is-layout-flow wp-block-column-is-layout-flow\"><\/div>\n\n\n\n<div class=\"wp-block-column is-layout-flow wp-block-column-is-layout-flow\"><\/div>\n\n\n\n<div class=\"wp-block-column is-layout-flow wp-block-column-is-layout-flow\"><\/div>\n<\/div>\n<\/div><\/div>\n\n\n\n<div class=\"wp-block-group alignfull is-layout-constrained wp-container-core-group-is-layout-e6395214 wp-block-group-is-layout-constrained\" id=\"services\" style=\"padding-top:21px;padding-bottom:0px\">\n<div class=\"wp-block-columns is-layout-flex wp-container-core-columns-is-layout-28f84493 wp-block-columns-is-layout-flex\">\n<div class=\"wp-block-column is-layout-flow wp-block-column-is-layout-flow\">\n<div class=\"wp-block-columns is-layout-flex wp-container-core-columns-is-layout-28f84493 wp-block-columns-is-layout-flex\">\n<div class=\"wp-block-column is-layout-flow wp-block-column-is-layout-flow\">\n<figure class=\"wp-block-image size-large bw-hover\"><a href=\"\/cs\/?page_id=3700\"><img loading=\"lazy\" decoding=\"async\" width=\"1024\" height=\"1024\" src=\"https:\/\/kraftiapet.com\/wp-content\/uploads\/2025\/09\/1-1024x1024.png\" alt=\"\" class=\"wp-image-420\" srcset=\"https:\/\/kraftiapet.com\/wp-content\/uploads\/2025\/09\/1-1024x1024.png 1024w, https:\/\/kraftiapet.com\/wp-content\/uploads\/2025\/09\/1-300x300.png 300w, https:\/\/kraftiapet.com\/wp-content\/uploads\/2025\/09\/1-100x100.png 100w, https:\/\/kraftiapet.com\/wp-content\/uploads\/2025\/09\/1-600x600.png 600w, https:\/\/kraftiapet.com\/wp-content\/uploads\/2025\/09\/1-150x150.png 150w, https:\/\/kraftiapet.com\/wp-content\/uploads\/2025\/09\/1-768x768.png 768w, https:\/\/kraftiapet.com\/wp-content\/uploads\/2025\/09\/1.png 1080w\" sizes=\"auto, (max-width: 1024px) 100vw, 1024px\" \/><\/a><\/figure>\n<\/div>\n\n\n\n<div class=\"wp-block-column is-layout-flow wp-block-column-is-layout-flow\">\n<figure class=\"wp-block-image size-large bw-hover\"><a href=\"https:\/\/kraftiapet.com\/cs\/rawival\/\"><img loading=\"lazy\" decoding=\"async\" width=\"1024\" height=\"1024\" src=\"https:\/\/kraftiapet.com\/wp-content\/uploads\/2025\/09\/3-1024x1024.png\" alt=\"\" class=\"wp-image-431\" srcset=\"https:\/\/kraftiapet.com\/wp-content\/uploads\/2025\/09\/3-1024x1024.png 1024w, https:\/\/kraftiapet.com\/wp-content\/uploads\/2025\/09\/3-300x300.png 300w, https:\/\/kraftiapet.com\/wp-content\/uploads\/2025\/09\/3-100x100.png 100w, https:\/\/kraftiapet.com\/wp-content\/uploads\/2025\/09\/3-600x600.png 600w, https:\/\/kraftiapet.com\/wp-content\/uploads\/2025\/09\/3-150x150.png 150w, https:\/\/kraftiapet.com\/wp-content\/uploads\/2025\/09\/3-768x768.png 768w, https:\/\/kraftiapet.com\/wp-content\/uploads\/2025\/09\/3.png 1080w\" sizes=\"auto, (max-width: 1024px) 100vw, 1024px\" \/><\/a><\/figure>\n<\/div>\n<\/div>\n<\/div>\n\n\n\n<div class=\"wp-block-column is-layout-flow wp-block-column-is-layout-flow\">\n<div class=\"wp-block-columns is-layout-flex wp-container-core-columns-is-layout-28f84493 wp-block-columns-is-layout-flex\">\n<div class=\"wp-block-column is-layout-flow wp-block-column-is-layout-flow\">\n<figure class=\"wp-block-image size-large bw-hover\"><a href=\"\/cs\/?page_id=3702\"><img loading=\"lazy\" decoding=\"async\" width=\"1024\" height=\"1024\" src=\"https:\/\/kraftiapet.com\/wp-content\/uploads\/2025\/09\/2-1024x1024.png\" alt=\"\" class=\"wp-image-414\" srcset=\"https:\/\/kraftiapet.com\/wp-content\/uploads\/2025\/09\/2-1024x1024.png 1024w, https:\/\/kraftiapet.com\/wp-content\/uploads\/2025\/09\/2-300x300.png 300w, https:\/\/kraftiapet.com\/wp-content\/uploads\/2025\/09\/2-100x100.png 100w, https:\/\/kraftiapet.com\/wp-content\/uploads\/2025\/09\/2-600x600.png 600w, https:\/\/kraftiapet.com\/wp-content\/uploads\/2025\/09\/2-150x150.png 150w, https:\/\/kraftiapet.com\/wp-content\/uploads\/2025\/09\/2-768x768.png 768w, https:\/\/kraftiapet.com\/wp-content\/uploads\/2025\/09\/2.png 1080w\" sizes=\"auto, (max-width: 1024px) 100vw, 1024px\" \/><\/a><\/figure>\n<\/div>\n\n\n\n<div class=\"wp-block-column is-layout-flow wp-block-column-is-layout-flow\">\n<figure class=\"wp-block-image size-large bw-hover\"><a href=\"\/cs\/?page_id=3702#vidasuper\"><img loading=\"lazy\" decoding=\"async\" width=\"1080\" height=\"1080\" src=\"https:\/\/kraftiapet.com\/wp-content\/uploads\/2025\/09\/4-1024x1024.png\" alt=\"\" class=\"wp-image-433\" srcset=\"https:\/\/kraftiapet.com\/wp-content\/uploads\/2025\/09\/4-1024x1024.png 1024w, https:\/\/kraftiapet.com\/wp-content\/uploads\/2025\/09\/4-300x300.png 300w, https:\/\/kraftiapet.com\/wp-content\/uploads\/2025\/09\/4-100x100.png 100w, https:\/\/kraftiapet.com\/wp-content\/uploads\/2025\/09\/4-600x600.png 600w, https:\/\/kraftiapet.com\/wp-content\/uploads\/2025\/09\/4-150x150.png 150w, https:\/\/kraftiapet.com\/wp-content\/uploads\/2025\/09\/4-768x768.png 768w, https:\/\/kraftiapet.com\/wp-content\/uploads\/2025\/09\/4.png 1080w\" sizes=\"auto, (max-width: 1080px) 100vw, 1080px\" \/><\/a><\/figure>\n<\/div>\n<\/div>\n<\/div>\n<\/div>\n<\/div>\n\n\n\n<div class=\"wp-block-group kf-no-stack is-layout-constrained wp-block-group-is-layout-constrained\">\n<div class=\"wp-block-columns is-layout-flex wp-container-core-columns-is-layout-28f84493 wp-block-columns-is-layout-flex\">\n<div class=\"wp-block-column is-layout-flow wp-block-column-is-layout-flow\">\n<div class=\"wp-block-media-text has-media-on-the-right kf-mt-dog kf-link-card has-background\" style=\"background:linear-gradient(135deg,rgb(230,230,230) 0%,rgb(254,254,254) 100%);grid-template-columns:auto 44%\"><div class=\"wp-block-media-text__content\">\n<p style=\"margin-top:var(--wp--preset--spacing--70);margin-bottom:var(--wp--preset--spacing--70);font-size:clamp(14px, 0.875rem + ((1vw - 3.2px) * 0.156), 16px);\">\u201e<strong>Siln\u00e9<\/strong> t\u011blo, <strong>leskl\u00e1<\/strong> srst a\u2026 neskute\u010dn\u00e1 s\u00edla <strong>\u0161t\u011bkotu<\/strong>. D\u00edky, <strong>Craftia Natura<\/strong>!\u201c <\/p>\n\n\n\n<div class=\"wp-block-buttons is-layout-flex wp-block-buttons-is-layout-flex\">\n<div class=\"wp-block-button is-style-fill\"><a class=\"wp-block-button__link wp-element-button\" href=\"https:\/\/kraftiapet.com\/cs\/kategorie-produktu\/dog-food\/\" style=\"border-style:none;border-width:0px;border-radius:21px;padding-top:0;padding-bottom:0\">Zobrazit v\u0161echny receptury pro psy<\/a><\/div>\n<\/div>\n<\/div><figure class=\"wp-block-media-text__media\"><img loading=\"lazy\" decoding=\"async\" width=\"672\" height=\"1024\" src=\"https:\/\/kraftiapet.com\/wp-content\/uploads\/2025\/09\/Jazablink0-672x1024.webp\" alt=\"\" class=\"wp-image-1332 size-full\" srcset=\"https:\/\/kraftiapet.com\/wp-content\/uploads\/2025\/09\/Jazablink0-672x1024.webp 672w, https:\/\/kraftiapet.com\/wp-content\/uploads\/2025\/09\/Jazablink0-197x300.webp 197w, https:\/\/kraftiapet.com\/wp-content\/uploads\/2025\/09\/Jazablink0-768x1170.webp 768w, https:\/\/kraftiapet.com\/wp-content\/uploads\/2025\/09\/Jazablink0-300x457.webp 300w, https:\/\/kraftiapet.com\/wp-content\/uploads\/2025\/09\/Jazablink0-600x914.webp 600w, https:\/\/kraftiapet.com\/wp-content\/uploads\/2025\/09\/Jazablink0.webp 840w\" sizes=\"auto, (max-width: 672px) 100vw, 672px\" \/><\/figure><\/div>\n<\/div>\n\n\n\n<div class=\"wp-block-column is-layout-flow wp-block-column-is-layout-flow\">\n<div class=\"wp-block-media-text kf-mt-cat kf-link-card has-background\" style=\"background:linear-gradient(135deg,rgb(255,255,255) 0%,rgb(216,216,216) 100%);grid-template-columns:44% auto\"><figure class=\"wp-block-media-text__media\"><img loading=\"lazy\" decoding=\"async\" width=\"672\" height=\"1024\" src=\"https:\/\/kraftiapet.com\/wp-content\/uploads\/2025\/10\/cupaviblink0-672x1024.webp\" alt=\"\" class=\"wp-image-1373 size-full\" srcset=\"https:\/\/kraftiapet.com\/wp-content\/uploads\/2025\/10\/cupaviblink0-672x1024.webp 672w, https:\/\/kraftiapet.com\/wp-content\/uploads\/2025\/10\/cupaviblink0-197x300.webp 197w, https:\/\/kraftiapet.com\/wp-content\/uploads\/2025\/10\/cupaviblink0-768x1170.webp 768w, https:\/\/kraftiapet.com\/wp-content\/uploads\/2025\/10\/cupaviblink0-300x457.webp 300w, https:\/\/kraftiapet.com\/wp-content\/uploads\/2025\/10\/cupaviblink0-600x914.webp 600w, https:\/\/kraftiapet.com\/wp-content\/uploads\/2025\/10\/cupaviblink0.webp 840w\" sizes=\"auto, (max-width: 672px) 100vw, 672px\" \/><\/figure><div class=\"wp-block-media-text__content\">\n<p class=\"has-text-align-right\" style=\"margin-top:var(--wp--preset--spacing--70);margin-bottom:var(--wp--preset--spacing--70);font-size:clamp(14px, 0.875rem + ((1vw - 3.2px) * 0.078), 15px);\"><em>\u201eShaggy \u0159\u00edk\u00e1: Kdysi toulav\u00e1 ko\u010dka, dnes milovan\u00fd \u010dlen rodiny. Vyb\u00edr\u00e1m si Craftia Harmona pro tu pravou chu\u0165 p\u00e9\u010de.\u201c <\/em><\/p>\n\n\n\n<div class=\"wp-block-buttons is-content-justification-right is-layout-flex wp-container-core-buttons-is-layout-d445cf74 wp-block-buttons-is-layout-flex\">\n<div class=\"wp-block-button\"><a class=\"wp-block-button__link wp-element-button\" href=\"https:\/\/kraftiapet.com\/cs\/kategorie-produktu\/cat-food\/\" style=\"border-radius:21px\">Zobrazit v\u0161echny receptury pro ko\u010dky<\/a><\/div>\n<\/div>\n<\/div><\/div>\n<\/div>\n<\/div>\n<\/div>\n\n\n\n<div class=\"wp-block-columns has-background is-layout-flex wp-container-core-columns-is-layout-28f84493 wp-block-columns-is-layout-flex\" style=\"background-color:#ffffff00\">\n<div class=\"wp-block-column is-layout-flow wp-block-column-is-layout-flow\" style=\"flex-basis:66.66%\">\n<figure class=\"wp-block-image aligncenter size-full is-resized\"><img loading=\"lazy\" decoding=\"async\" width=\"770\" height=\"575\" src=\"https:\/\/kraftiapet.com\/wp-content\/uploads\/2025\/10\/ai-nutri-logo.webp\" alt=\"\" class=\"wp-image-2485\" style=\"aspect-ratio:1;object-fit:contain;width:306px;height:auto\" srcset=\"https:\/\/kraftiapet.com\/wp-content\/uploads\/2025\/10\/ai-nutri-logo.webp 770w, https:\/\/kraftiapet.com\/wp-content\/uploads\/2025\/10\/ai-nutri-logo-300x224.webp 300w, https:\/\/kraftiapet.com\/wp-content\/uploads\/2025\/10\/ai-nutri-logo-768x574.webp 768w, https:\/\/kraftiapet.com\/wp-content\/uploads\/2025\/10\/ai-nutri-logo-600x448.webp 600w\" sizes=\"auto, (max-width: 770px) 100vw, 770px\" \/><\/figure>\n\n\n\n<h2 class=\"wp-block-heading has-text-align-center\" style=\"margin-top:-60px;font-size:clamp(18.959px, 1.185rem + ((1vw - 3.2px) * 0.863), 30px);\">AI nutri\u010dn\u00ed poradce<\/h2>\n\n\n\n<div class=\"wp-block-buttons is-content-justification-center is-layout-flex wp-container-core-buttons-is-layout-a89b3969 wp-block-buttons-is-layout-flex\">\n<div class=\"wp-block-button\"><a class=\"wp-block-button__link wp-element-button\" href=\"https:\/\/kraftiapet.com\/cs\/ai-nutricni-poradce\/\" style=\"border-radius:16px\">Vyzkou\u0161et<\/a><\/div>\n<\/div>\n<\/div>\n\n\n\n<div class=\"wp-block-column is-layout-flow wp-block-column-is-layout-flow\" style=\"flex-basis:33.33%\">\n<figure class=\"wp-block-image aligncenter size-full is-resized\" style=\"margin-top:var(--wp--preset--spacing--60);margin-bottom:var(--wp--preset--spacing--60)\"><img loading=\"lazy\" decoding=\"async\" width=\"596\" height=\"899\" src=\"https:\/\/kraftiapet.com\/wp-content\/uploads\/2025\/10\/ai-nutri-dog.webp\" alt=\"\" class=\"wp-image-2486\" style=\"object-fit:cover;width:196px;height:auto\" srcset=\"https:\/\/kraftiapet.com\/wp-content\/uploads\/2025\/10\/ai-nutri-dog.webp 596w, https:\/\/kraftiapet.com\/wp-content\/uploads\/2025\/10\/ai-nutri-dog-199x300.webp 199w, https:\/\/kraftiapet.com\/wp-content\/uploads\/2025\/10\/ai-nutri-dog-300x453.webp 300w\" sizes=\"auto, (max-width: 596px) 100vw, 596px\" \/><\/figure>\n<\/div>\n<\/div>\n\n\n\n<div class=\"wp-block-group alignfull has-ast-global-color-4-background-color has-background is-layout-constrained wp-container-core-group-is-layout-6d6486c8 wp-block-group-is-layout-constrained\" id=\"reviews\">\n<figure class=\"wp-block-image aligncenter size-full is-resized\"><img loading=\"lazy\" decoding=\"async\" width=\"640\" height=\"640\" src=\"https:\/\/kraftiapet.com\/wp-content\/uploads\/2025\/11\/JM.webp\" alt=\"\" class=\"wp-image-2539\" style=\"width:156px;height:auto\" srcset=\"https:\/\/kraftiapet.com\/wp-content\/uploads\/2025\/11\/JM.webp 640w, https:\/\/kraftiapet.com\/wp-content\/uploads\/2025\/11\/JM-300x300.webp 300w, https:\/\/kraftiapet.com\/wp-content\/uploads\/2025\/11\/JM-150x150.webp 150w, https:\/\/kraftiapet.com\/wp-content\/uploads\/2025\/11\/JM-600x600.webp 600w, https:\/\/kraftiapet.com\/wp-content\/uploads\/2025\/11\/JM-100x100.webp 100w\" sizes=\"auto, (max-width: 640px) 100vw, 640px\" \/><\/figure>\n\n\n\n<p class=\"has-text-align-center\" style=\"font-size:clamp(14.642px, 0.915rem + ((1vw - 3.2px) * 0.575), 22px);font-style:italic;font-weight:400;line-height:1.6\">\u201eZalo\u017eila jsem spole\u010dnost Kraftia s jedn\u00edm prost\u00fdm p\u0159esv\u011bd\u010den\u00edm: ka\u017ed\u00fd mazl\u00ed\u010dek si zaslou\u017e\u00ed j\u00eddlo p\u0159ipraven\u00e9 s p\u00e9\u010d\u00ed.\u201c<\/p>\n\n\n\n<p class=\"has-text-align-center\"><strong>Jelena Mirkovi\u0107<\/strong><br>Zakladatelka Kraftia AG<\/p>\n\n\n\n<div class=\"wp-block-columns is-layout-flex wp-container-core-columns-is-layout-28f84493 wp-block-columns-is-layout-flex\">\n<div class=\"wp-block-column is-layout-flow wp-block-column-is-layout-flow\" style=\"flex-basis:33.33%\"><\/div>\n\n\n\n<div class=\"wp-block-column is-layout-flow wp-block-column-is-layout-flow\" style=\"flex-basis:66.66%\"><\/div>\n<\/div>\n<\/div>\n","protected":false},"excerpt":{"rendered":"<p>\u201eSiln\u00e9 t\u011blo, leskl\u00e1 srst a\u2026 neskute\u010dn\u00e1 s\u00edla \u0161t\u011bkotu. D\u00edky, Craftia Natura!\u201c \u201eShaggy \u0159\u00edk\u00e1: Kdysi toulav\u00e1 ko\u010dka, dnes milovan\u00fd \u010dlen rodiny. Vyb\u00edr\u00e1m si Craftia Harmona pro tu pravou chu\u0165 p\u00e9\u010de.\u201c AI nutri\u010dn\u00ed poradce \u201eZalo\u017eila jsem spole\u010dnost Kraftia s jedn\u00edm prost\u00fdm p\u0159esv\u011bd\u010den\u00edm: ka\u017ed\u00fd mazl\u00ed\u010dek si zaslou\u017e\u00ed j\u00eddlo p\u0159ipraven\u00e9 s p\u00e9\u010d\u00ed.\u201c Jelena Mirkovi\u0107Zakladatelka Kraftia AG<\/p>\n","protected":false},"author":1,"featured_media":0,"parent":0,"menu_order":0,"comment_status":"closed","ping_status":"closed","template":"","meta":{"_acf_changed":false,"footnotes":""},"class_list":["post-3444","page","type-page","status-publish","hentry"],"blocksy_meta":{"has_hero_section":"default","hero_elements":[{"id":"custom_title","enabled":true,"heading_tag":"h1","title":"Home","__id":"51TFR5o6A94BD-CNVticw"},{"id":"custom_description","enabled":true,"description_visibility":{"desktop":true,"tablet":true,"mobile":false},"__id":"rHKOFSm7sxk2eEESUUQNa"},{"id":"custom_meta","enabled":false,"meta_elements":[{"id":"author","enabled":true,"label":"By","has_author_avatar":"yes","avatar_size":25},{"id":"post_date","enabled":true,"label":"On","date_format_source":"default","date_format":"M j, Y"},{"id":"updated_date","enabled":false,"label":"On","date_format_source":"default","date_format":"M j, Y"},{"id":"categories","enabled":false,"label":"In","style":"simple"},{"id":"comments","enabled":true}],"page_meta_elements":{"joined":true,"articles_count":true,"comments":true},"__id":"KtUZKcPtuOGxzKAQjRDzS"},{"id":"breadcrumbs","enabled":false,"__id":"3nLuJrzP8y8_B6dW-9OwF"}],"styles_descriptor":{"styles":{"desktop":"","tablet":"","mobile":""},"google_fonts":[],"version":6},"hero_section":"type-1"},"acf":[],"_links":{"self":[{"href":"https:\/\/kraftiapet.com\/cs\/wp-json\/wp\/v2\/pages\/3444","targetHints":{"allow":["GET"]}}],"collection":[{"href":"https:\/\/kraftiapet.com\/cs\/wp-json\/wp\/v2\/pages"}],"about":[{"href":"https:\/\/kraftiapet.com\/cs\/wp-json\/wp\/v2\/types\/page"}],"author":[{"embeddable":true,"href":"https:\/\/kraftiapet.com\/cs\/wp-json\/wp\/v2\/users\/1"}],"replies":[{"embeddable":true,"href":"https:\/\/kraftiapet.com\/cs\/wp-json\/wp\/v2\/comments?post=3444"}],"version-history":[{"count":10,"href":"https:\/\/kraftiapet.com\/cs\/wp-json\/wp\/v2\/pages\/3444\/revisions"}],"predecessor-version":[{"id":4089,"href":"https:\/\/kraftiapet.com\/cs\/wp-json\/wp\/v2\/pages\/3444\/revisions\/4089"}],"wp:attachment":[{"href":"https:\/\/kraftiapet.com\/cs\/wp-json\/wp\/v2\/media?parent=3444"}],"curies":[{"name":"wp","href":"https:\/\/api.w.org\/{rel}","templated":true}]}}