{"id":3689,"date":"2025-10-22T10:57:23","date_gmt":"2025-10-22T10:57:23","guid":{"rendered":"https:\/\/kraftiapet.com\/?page_id=3689"},"modified":"2026-03-04T12:05:32","modified_gmt":"2026-03-04T12:05:32","slug":"newsroom","status":"publish","type":"page","link":"https:\/\/kraftiapet.com\/cs\/newsroom\/","title":{"rendered":"Newsroom"},"content":{"rendered":"\n<h2 class=\"wp-block-heading has-text-align-center has-palette-color-3-color has-text-color has-link-color wp-elements-24357fb5110af1986bac4326663e46f7\" style=\"margin-top:0;margin-bottom:0;padding-top:var(--wp--preset--spacing--40);padding-bottom:var(--wp--preset--spacing--40);font-size:clamp(21.027px, 1.314rem + ((1vw - 3.2px) * 1.014), 34px);font-style:normal;font-weight:700\">Kraftia Newsroom \u2013 V\u00edtejte<\/h2>\n\n<p class=\"has-text-align-left\">Najdete zde ofici\u00e1ln\u00ed ozn\u00e1men\u00ed, medi\u00e1ln\u00ed materi\u00e1ly a aktuality o zna\u010dk\u00e1ch, iniciativ\u00e1ch a akc\u00edch spole\u010dnosti Kraftia na glob\u00e1ln\u00edch trz\u00edch.<\/p>\n\n<div class=\"wp-block-media-text is-stacked-on-mobile has-palette-color-6-background-color has-background\" style=\"margin-top:0;margin-bottom:0;padding-top:var(--wp--preset--spacing--60);padding-right:var(--wp--preset--spacing--60);padding-bottom:var(--wp--preset--spacing--60);padding-left:var(--wp--preset--spacing--60);grid-template-columns:26% auto\"><figure class=\"wp-block-media-text__media\"><img loading=\"lazy\" decoding=\"async\" width=\"600\" height=\"848\" src=\"https:\/\/kraftiapet.com\/wp-content\/uploads\/2025\/10\/catalog-kraftia-web-eng-1.webp\" alt=\"\" class=\"wp-image-2360 size-full\" srcset=\"https:\/\/kraftiapet.com\/wp-content\/uploads\/2025\/10\/catalog-kraftia-web-eng-1.webp 600w, https:\/\/kraftiapet.com\/wp-content\/uploads\/2025\/10\/catalog-kraftia-web-eng-1-212x300.webp 212w, https:\/\/kraftiapet.com\/wp-content\/uploads\/2025\/10\/catalog-kraftia-web-eng-1-300x424.webp 300w\" sizes=\"auto, (max-width: 600px) 100vw, 600px\" \/><\/figure><div class=\"wp-block-media-text__content\">\n<p class=\"has-text-align-center has-palette-color-3-color has-text-color has-link-color has-medium-font-size wp-elements-1af20bc2fb11905c119875a0933d747e\" style=\"font-style:normal;font-weight:600\">Produktov\u00fd katalog Kraftia<\/p>\n\n\n\n<div class=\"wp-block-buttons is-content-justification-center is-layout-flex wp-container-core-buttons-is-layout-a89b3969 wp-block-buttons-is-layout-flex\">\n<div class=\"wp-block-button\"><a class=\"wp-block-button__link wp-element-button\" href=\"https:\/\/kraftiapet.com\/wp-content\/uploads\/2025\/10\/catalog-kraftia-web-eng.pdf\" style=\"border-radius:17px\" target=\"_blank\" rel=\"noreferrer noopener\">Zobrazit n\u00e1hled \/ St\u00e1hnout katalog<\/a><\/div>\n<\/div>\n<\/div><\/div>\n\n<div class=\"wp-block-media-text is-stacked-on-mobile has-palette-color-6-background-color has-background\" style=\"margin-top:0;margin-bottom:0;padding-top:var(--wp--preset--spacing--60);padding-right:var(--wp--preset--spacing--60);padding-bottom:var(--wp--preset--spacing--60);padding-left:var(--wp--preset--spacing--60);grid-template-columns:26% auto\"><figure class=\"wp-block-media-text__media\"><img loading=\"lazy\" decoding=\"async\" width=\"600\" height=\"600\" src=\"https:\/\/kraftiapet.com\/wp-content\/uploads\/2025\/10\/regalena-web-eng-cover.webp\" alt=\"\" class=\"wp-image-2382 size-full\" srcset=\"https:\/\/kraftiapet.com\/wp-content\/uploads\/2025\/10\/regalena-web-eng-cover.webp 600w, https:\/\/kraftiapet.com\/wp-content\/uploads\/2025\/10\/regalena-web-eng-cover-300x300.webp 300w, https:\/\/kraftiapet.com\/wp-content\/uploads\/2025\/10\/regalena-web-eng-cover-150x150.webp 150w, https:\/\/kraftiapet.com\/wp-content\/uploads\/2025\/10\/regalena-web-eng-cover-100x100.webp 100w\" sizes=\"auto, (max-width: 600px) 100vw, 600px\" \/><\/figure><div class=\"wp-block-media-text__content\">\n<p class=\"has-text-align-center has-palette-color-3-color has-text-color has-link-color has-medium-font-size wp-elements-332cf9771c91c579043ac0c8c7ed151d\" style=\"font-style:normal;font-weight:600\">Produktov\u00fd katalog Regalena<\/p>\n\n\n\n<div class=\"wp-block-buttons is-content-justification-center is-layout-flex wp-container-core-buttons-is-layout-a89b3969 wp-block-buttons-is-layout-flex\">\n<div class=\"wp-block-button\"><a class=\"wp-block-button__link wp-element-button\" href=\"https:\/\/kraftiapet.com\/wp-content\/uploads\/2025\/10\/regalena-web-eng.pdf\" style=\"border-radius:17px\" target=\"_blank\" rel=\"noreferrer noopener\">Zobrazit n\u00e1hled \/ St\u00e1hnout katalog<\/a><\/div>\n<\/div>\n<\/div><\/div>\n\n<p><\/p>\n","protected":false},"excerpt":{"rendered":"<p>Kraftia Newsroom \u2013 V\u00edtejte Najdete zde ofici\u00e1ln\u00ed ozn\u00e1men\u00ed, medi\u00e1ln\u00ed materi\u00e1ly a aktuality o zna\u010dk\u00e1ch, iniciativ\u00e1ch a akc\u00edch spole\u010dnosti Kraftia na glob\u00e1ln\u00edch trz\u00edch.<\/p>\n","protected":false},"author":1,"featured_media":0,"parent":0,"menu_order":0,"comment_status":"closed","ping_status":"closed","template":"","meta":{"_acf_changed":false,"footnotes":""},"class_list":["post-3689","page","type-page","status-publish","hentry"],"blocksy_meta":[],"acf":[],"_links":{"self":[{"href":"https:\/\/kraftiapet.com\/cs\/wp-json\/wp\/v2\/pages\/3689","targetHints":{"allow":["GET"]}}],"collection":[{"href":"https:\/\/kraftiapet.com\/cs\/wp-json\/wp\/v2\/pages"}],"about":[{"href":"https:\/\/kraftiapet.com\/cs\/wp-json\/wp\/v2\/types\/page"}],"author":[{"embeddable":true,"href":"https:\/\/kraftiapet.com\/cs\/wp-json\/wp\/v2\/users\/1"}],"replies":[{"embeddable":true,"href":"https:\/\/kraftiapet.com\/cs\/wp-json\/wp\/v2\/comments?post=3689"}],"version-history":[{"count":1,"href":"https:\/\/kraftiapet.com\/cs\/wp-json\/wp\/v2\/pages\/3689\/revisions"}],"predecessor-version":[{"id":3690,"href":"https:\/\/kraftiapet.com\/cs\/wp-json\/wp\/v2\/pages\/3689\/revisions\/3690"}],"wp:attachment":[{"href":"https:\/\/kraftiapet.com\/cs\/wp-json\/wp\/v2\/media?parent=3689"}],"curies":[{"name":"wp","href":"https:\/\/api.w.org\/{rel}","templated":true}]}}