{"id":3693,"date":"2025-09-08T08:01:49","date_gmt":"2025-09-08T08:01:49","guid":{"rendered":"https:\/\/kraftiapet.com\/?page_id=3693"},"modified":"2026-03-04T11:56:42","modified_gmt":"2026-03-04T11:56:42","slug":"ai-nutricni-poradce","status":"publish","type":"page","link":"https:\/\/kraftiapet.com\/cs\/ai-nutricni-poradce\/","title":{"rendered":"AI nutri\u010dn\u00ed poradce"},"content":{"rendered":"\n<div class=\"wp-block-columns is-layout-flex wp-container-core-columns-is-layout-363283f7 wp-block-columns-is-layout-flex\" style=\"padding-top:var(--wp--preset--spacing--60);padding-bottom:var(--wp--preset--spacing--30)\">\n<div class=\"wp-block-column is-layout-flow wp-block-column-is-layout-flow\" style=\"flex-basis:33.33%\">\n<figure class=\"wp-block-image size-full\"><img loading=\"lazy\" decoding=\"async\" width=\"770\" height=\"575\" src=\"https:\/\/kraftiapet.com\/wp-content\/uploads\/2025\/10\/ai-nutri-logo.webp\" alt=\"AI nutri\u010dn\u00ed poradce\" class=\"wp-image-2485\" srcset=\"https:\/\/kraftiapet.com\/wp-content\/uploads\/2025\/10\/ai-nutri-logo.webp 770w, https:\/\/kraftiapet.com\/wp-content\/uploads\/2025\/10\/ai-nutri-logo-300x224.webp 300w, https:\/\/kraftiapet.com\/wp-content\/uploads\/2025\/10\/ai-nutri-logo-768x574.webp 768w, https:\/\/kraftiapet.com\/wp-content\/uploads\/2025\/10\/ai-nutri-logo-600x448.webp 600w\" sizes=\"auto, (max-width: 770px) 100vw, 770px\" \/><\/figure>\n<\/div>\n\n\n\n<div class=\"wp-block-column is-layout-flow wp-block-column-is-layout-flow\" style=\"flex-basis:66.66%\">\n<h2 class=\"wp-block-heading has-palette-color-3-color has-text-color has-link-color wp-elements-2902c54693ddb104343e8dfba1c7bc96\"><strong>Objevte personalizovan\u00fd v\u00fd\u017eivov\u00fd pl\u00e1n pro sv\u00e9ho mazl\u00ed\u010dka<\/strong> s AI nutri\u010dn\u00edm poradcem<\/h2>\n<\/div>\n<\/div>\n\n<p>Vyu\u017eijte pros\u00edm na\u0161eho <strong>AI nutri\u010dn\u00edho poradce<\/strong> \u2013 chytr\u00e9ho asistenta navr\u017een\u00e9ho tak, aby v\u00e1m pomohl porozum\u011bt nutri\u010dn\u00edm pot\u0159eb\u00e1m va\u0161eho psa nebo ko\u010dky. Sta\u010d\u00ed zadat z\u00e1kladn\u00ed \u00fadaje o va\u0161em mazl\u00ed\u010dkovi (v\u011bk, v\u00e1hu, \u00farove\u0148 aktivity a p\u0159\u00edpadn\u00e1 specifika) a z\u00edsk\u00e1te: <\/p>\n\n<ul class=\"wp-block-list\">\n<li>Jasn\u00fd p\u0159ehled o denn\u00ed pot\u0159eb\u011b energie a \u017eivin<\/li>\n\n\n\n<li>Doporu\u010den\u00ed ke krmen\u00ed na m\u00edru v\u010detn\u011b velikosti porc\u00ed<\/li>\n\n\n\n<li>Praktick\u00e9 tipy pro p\u0159echod na nov\u00e9 krmivo a udr\u017eov\u00e1n\u00ed hydratace<\/li>\n<\/ul>\n\n<p>Tento n\u00e1stroj slou\u017e\u00ed pouze pro informativn\u00ed a vzd\u011bl\u00e1vac\u00ed \u00fa\u010dely. V p\u0159\u00edpad\u011b konkr\u00e9tn\u00edch zdravotn\u00edch probl\u00e9m\u016f nebo zdravotn\u00edho stavu se pros\u00edm v\u017edy pora\u010fte se sv\u00fdm veterin\u00e1\u0159em. <br\/><\/p>\n        <div class=\"kraftia-ai-card\" id=\"kraftia-ai-root\">\r\n            <h3>AI Nutritionist<\/h3>\r\n\r\n            <form id=\"kraftia-ai-form\">\r\n                <div class=\"grid\">\r\n\r\n                    <!-- row 1: Pet type | Weight -->\r\n                    <label>Pet type\r\n                        <select name=\"species\" id=\"kai-species\" required>\r\n                            <option value=\"dog\">Dog<\/option>\r\n                            <option value=\"cat\">Cat<\/option>\r\n                        <\/select>\r\n                    <\/label>\r\n\r\n                    <label>Weight (kg)\r\n                        <input type=\"number\" name=\"weight\" step=\"0.1\" min=\"0.1\" required \/>\r\n                    <\/label>\r\n\r\n                    <!-- row 2: Age years | Age months -->\r\n                    <label>Age \u2014 Years\r\n                        <input type=\"number\" name=\"age_years\" id=\"kai-age-years\" step=\"1\" min=\"0\" value=\"0\" required \/>\r\n                    <\/label>\r\n\r\n                    <label>Age \u2014 Months\r\n                        <input type=\"number\" name=\"age_months\" id=\"kai-age-months\" step=\"1\" min=\"0\" max=\"11\" value=\"0\" required \/>\r\n                    <\/label>\r\n\r\n                    <!-- row 3: Activity | Adult size -->\r\n                    <label>Activity level\r\n                        <select name=\"activity\" required>\r\n                            <option value=\"low\">Low<\/option>\r\n                            <option value=\"moderate\" selected>Moderate<\/option>\r\n                            <option value=\"high\">High<\/option>\r\n                        <\/select>\r\n                    <\/label>\r\n\r\n                    <label id=\"kai-size-wrap\">Adult size (dogs)\r\n                        <select name=\"adult_size\" id=\"kai-adult-size\">\r\n                            <option value=\"toy-small-breed\">Toy\/Small (\u226410 kg)<\/option>\r\n                            <option value=\"medium-large-breed\">Medium\/Large (>10 kg)<\/option>\r\n                        <\/select>\r\n                    <\/label>\r\n\r\n                    <!-- row 4: Preferred protein (single full row on desktop if odd count) -->\r\n                    <label>Preferred Protein Source (optional)\r\n                        <select name=\"preferred_protein\" id=\"kai-preferred-protein\">\r\n                            <option value=\"\">No preference<\/option>\r\n                                                            <option value=\"chicken\">\r\n                                    Chicken                                <\/option>\r\n                                                            <option value=\"fish\">\r\n                                    Fish                                <\/option>\r\n                                                            <option value=\"lamb\">\r\n                                    Lamb                                <\/option>\r\n                                                            <option value=\"salmon\">\r\n                                    Salmon                                <\/option>\r\n                                                            <option value=\"turkey\">\r\n                                    Turkey                                <\/option>\r\n                                                            <option value=\"quail\">\r\n                                    Quail                                <\/option>\r\n                                                            <option value=\"pheasant\">\r\n                                    Pheasant                                <\/option>\r\n                                                            <option value=\"herring\">\r\n                                    Herring                                <\/option>\r\n                                                            <option value=\"poultry\">\r\n                                    Poultry                                <\/option>\r\n                                                            <option value=\"venison\">\r\n                                    Venison                                <\/option>\r\n                                                    <\/select>\r\n                    <\/label>\r\n                <\/div>\r\n\r\n                <button type=\"submit\" class=\"btn-primary\">Get Recommendation<\/button>\r\n            <\/form>\r\n\r\n            <div class=\"kraftia-ai-result\" id=\"kraftia-ai-result\" hidden>\r\n                <div class=\"loader\" id=\"kraftia-ai-loader\" hidden><\/div>\r\n\r\n                <div id=\"kraftia-ai-output\"><\/div>\r\n\r\n                <h4 id=\"kai-topmatches-heading\" class=\"kai-topmatches-heading\" hidden>\r\n                    Top Matches for Your Pet\r\n                <\/h4>\r\n\r\n                <div id=\"kraftia-ai-cards\" class=\"kai-cards\" hidden><\/div>\r\n            <\/div>\r\n        <\/div>\r\n        \n\n<p><\/p>\n","protected":false},"excerpt":{"rendered":"<p>Objevte personalizovan\u00fd v\u00fd\u017eivov\u00fd pl\u00e1n pro sv\u00e9ho mazl\u00ed\u010dka s AI nutri\u010dn\u00edm poradcem Vyu\u017eijte pros\u00edm na\u0161eho AI nutri\u010dn\u00edho poradce \u2013 chytr\u00e9ho asistenta navr\u017een\u00e9ho tak, aby v\u00e1m pomohl porozum\u011bt nutri\u010dn\u00edm pot\u0159eb\u00e1m va\u0161eho psa nebo ko\u010dky. Sta\u010d\u00ed zadat z\u00e1kladn\u00ed \u00fadaje o va\u0161em mazl\u00ed\u010dkovi (v\u011bk, v\u00e1hu, \u00farove\u0148 aktivity a p\u0159\u00edpadn\u00e1 specifika) a z\u00edsk\u00e1te: Tento n\u00e1stroj slou\u017e\u00ed pouze pro informativn\u00ed a [&hellip;]<\/p>\n","protected":false},"author":1,"featured_media":0,"parent":0,"menu_order":0,"comment_status":"closed","ping_status":"closed","template":"","meta":{"_acf_changed":false,"footnotes":""},"class_list":["post-3693","page","type-page","status-publish","hentry"],"blocksy_meta":[],"acf":[],"_links":{"self":[{"href":"https:\/\/kraftiapet.com\/cs\/wp-json\/wp\/v2\/pages\/3693","targetHints":{"allow":["GET"]}}],"collection":[{"href":"https:\/\/kraftiapet.com\/cs\/wp-json\/wp\/v2\/pages"}],"about":[{"href":"https:\/\/kraftiapet.com\/cs\/wp-json\/wp\/v2\/types\/page"}],"author":[{"embeddable":true,"href":"https:\/\/kraftiapet.com\/cs\/wp-json\/wp\/v2\/users\/1"}],"replies":[{"embeddable":true,"href":"https:\/\/kraftiapet.com\/cs\/wp-json\/wp\/v2\/comments?post=3693"}],"version-history":[{"count":3,"href":"https:\/\/kraftiapet.com\/cs\/wp-json\/wp\/v2\/pages\/3693\/revisions"}],"predecessor-version":[{"id":3699,"href":"https:\/\/kraftiapet.com\/cs\/wp-json\/wp\/v2\/pages\/3693\/revisions\/3699"}],"wp:attachment":[{"href":"https:\/\/kraftiapet.com\/cs\/wp-json\/wp\/v2\/media?parent=3693"}],"curies":[{"name":"wp","href":"https:\/\/api.w.org\/{rel}","templated":true}]}}