{"id":3704,"date":"2025-08-29T12:31:49","date_gmt":"2025-08-29T12:31:49","guid":{"rendered":"https:\/\/kraftiapet.com\/?page_id=3704"},"modified":"2026-03-04T12:04:33","modified_gmt":"2026-03-04T12:04:33","slug":"kvalita-a-veda","status":"publish","type":"page","link":"https:\/\/kraftiapet.com\/cs\/kvalita-a-veda\/","title":{"rendered":"Kvalita a v\u011bda"},"content":{"rendered":"\n<h2 class=\"wp-block-heading has-vivid-cyan-blue-color has-text-color has-link-color wp-elements-4d542ac628cf4a65108cc8689e2aac62\" style=\"margin-top:var(--wp--preset--spacing--80);margin-bottom:var(--wp--preset--spacing--80)\">Bezpe\u010dnost potravin a standardy<\/h2>\n\n<div class=\"wp-block-columns is-layout-flex wp-container-core-columns-is-layout-28f84493 wp-block-columns-is-layout-flex\">\n<div class=\"wp-block-column is-layout-flow wp-block-column-is-layout-flow\" style=\"flex-basis:33.33%\">\n<p class=\"has-palette-color-3-color has-palette-color-5-background-color has-text-color has-background has-link-color has-medium-font-size wp-elements-8dce0157eb047c3ae788e5429a553bdf\" style=\"margin-top:var(--wp--preset--spacing--30);margin-bottom:var(--wp--preset--spacing--30)\"><strong>\u201eKa\u017ed\u00fd n\u00e1mi vyroben\u00fd produkt proch\u00e1z\u00ed p\u0159\u00edsn\u00fdmi bezpe\u010dnostn\u00edmi kontrolami, abychom zajistili nejvy\u0161\u0161\u00ed kvalitu a nutri\u010dn\u00ed hodnotu pro dom\u00e1c\u00ed mazl\u00ed\u010dky.\u201c<\/strong><\/p>\n<\/div>\n\n\n\n<div class=\"wp-block-column is-layout-flow wp-block-column-is-layout-flow\" style=\"flex-basis:66.66%\">\n<p style=\"margin-top:var(--wp--preset--spacing--30);margin-bottom:var(--wp--preset--spacing--30);font-size:clamp(14px, 0.875rem + ((1vw - 3.2px) * 0.469), 20px);\">Ve spole\u010dnosti Kraftia db\u00e1me na nejp\u0159\u00edsn\u011bj\u0161\u00ed bezpe\u010dnostn\u00ed protokoly a zaji\u0161\u0165ujeme, aby ka\u017ed\u00fd v\u00fdrobek spl\u0148oval striktn\u00ed standardy kvality. Ka\u017ed\u00fd n\u00e1mi vyroben\u00fd produkt proch\u00e1z\u00ed d\u016fkladn\u00fdmi bezpe\u010dnostn\u00edmi inspekcemi, kter\u00e9 zaru\u010duj\u00ed \u0161pi\u010dkovou kvalitu a optim\u00e1ln\u00ed v\u00fd\u017eivu. <\/p>\n<\/div>\n<\/div>\n\n<figure class=\"wp-block-image alignright size-large is-resized\"><img loading=\"lazy\" decoding=\"async\" width=\"1024\" height=\"714\" src=\"https:\/\/kraftiapet.com\/wp-content\/uploads\/2025\/10\/quality-1024x714.webp\" alt=\"\" class=\"wp-image-2516\" style=\"width:370px;height:auto\" srcset=\"https:\/\/kraftiapet.com\/wp-content\/uploads\/2025\/10\/quality-1024x714.webp 1024w, https:\/\/kraftiapet.com\/wp-content\/uploads\/2025\/10\/quality-300x209.webp 300w, https:\/\/kraftiapet.com\/wp-content\/uploads\/2025\/10\/quality-768x536.webp 768w, https:\/\/kraftiapet.com\/wp-content\/uploads\/2025\/10\/quality-1536x1071.webp 1536w, https:\/\/kraftiapet.com\/wp-content\/uploads\/2025\/10\/quality-600x418.webp 600w, https:\/\/kraftiapet.com\/wp-content\/uploads\/2025\/10\/quality.webp 1920w\" sizes=\"auto, (max-width: 1024px) 100vw, 1024px\" \/><\/figure>\n\n<p class=\"has-medium-font-size\"><strong>Glob\u00e1ln\u00ed standardy a shoda<\/strong><\/p>\n\n<p class=\"has-palette-color-3-color has-text-color has-link-color wp-elements-63f57555ac006963df9c1a93c9ea4677\">Nejp\u0159\u00edsn\u011bj\u0161\u00ed mezin\u00e1rodn\u00ed standardy:<br\/>Integrovan\u00e9 standardy (<strong>ISO 9001, ISO 14001, ISO 45001<\/strong>)<br\/>Obecn\u00e9 z\u00e1sady hygieny potravin (<strong>GHP<\/strong>) a syst\u00e9m <strong>HACCP<\/strong> (Quality Austria)<br\/><strong>IFS 8.0<\/strong> \u2013 mezin\u00e1rodn\u00ed standard bezpe\u010dnosti potravin (Bureau Veritas), s hodnocen\u00edm 97,25\u00a0% na vy\u0161\u0161\u00ed \u00farovni a statusem IFS Star, potvrzen\u00fdm neohl\u00e1\u0161enou inspekc\u00ed.<br\/>Spl\u0148ujeme regula\u010dn\u00ed normy v\u0161ech zem\u00ed, do kter\u00fdch exportujeme (nejen EU a lok\u00e1ln\u00ed). Na\u0161e produkty jsou vyv\u00edjeny a vyr\u00e1b\u011bny v souladu se z\u00e1kony a exportn\u00edmi p\u0159edpisy v\u0161ech c\u00edlov\u00fdch trh\u016f.<br\/>Na\u0161e v\u00fdroba spl\u0148uje n\u00e1rodn\u00ed i mezin\u00e1rodn\u00ed veterin\u00e1rn\u00ed standardy pro zaji\u0161t\u011bn\u00ed bezpe\u010dnosti a kvality produkt\u016f. P\u0159\u00edsn\u011b dodr\u017eujeme veterin\u00e1rn\u00ed p\u0159edpisy a ve\u0161ker\u00e9 pr\u00e1vn\u00ed po\u017eadavky t\u00fdkaj\u00edc\u00ed se bezpe\u010dnosti krmiv pro dom\u00e1c\u00ed zv\u00ed\u0159ata. <\/p>\n\n<h2 class=\"wp-block-heading has-palette-color-3-color has-text-color has-link-color has-medium-font-size wp-elements-7a4d633391e268ed90d2912da65e84bb\">Kontrola surovin<\/h2>\n\n<div class=\"wp-block-columns is-layout-flex wp-container-core-columns-is-layout-28f84493 wp-block-columns-is-layout-flex\">\n<div class=\"wp-block-column is-layout-flow wp-block-column-is-layout-flow\" style=\"flex-basis:33.33%\"><\/div>\n\n\n\n<div class=\"wp-block-column is-layout-flow wp-block-column-is-layout-flow\" style=\"flex-basis:66.67%\">\n<h2 class=\"wp-block-heading has-text-align-right has-palette-color-3-color has-palette-color-5-background-color has-text-color has-background has-link-color has-medium-font-size wp-elements-560cc745651cbfc1dbcd2057fb760827\">\u201e\u017d\u00e1dn\u00e9 kompromisy v kvalit\u011b ingredienc\u00ed.\u201c<\/h2>\n<\/div>\n<\/div>\n\n<p>Spolupracujeme v\u00fdhradn\u011b se schv\u00e1len\u00fdmi dodavateli, kte\u0159\u00ed jsou pe\u010dliv\u011b vyb\u00edr\u00e1ni prost\u0159ednictv\u00edm na\u0161eho intern\u00edho kvalifika\u010dn\u00edho procesu. V\u0161echny suroviny podl\u00e9haj\u00ed p\u0159\u00edsn\u00fdm vstupn\u00edm kontrol\u00e1m, v\u010detn\u011b mikrobiologick\u00e9ho testov\u00e1n\u00ed, nutri\u010dn\u00ed anal\u00fdzy a screeningu kontaminant\u016f. <\/p>\n\n<h2 class=\"wp-block-heading has-palette-color-3-color has-text-color has-link-color has-medium-font-size wp-elements-64fdb34e262257db8213c70168ba5d74\">Bezpe\u010dnost v\u00fdrobn\u00edho procesu<\/h2>\n\n<p>Ka\u017ed\u00e1 f\u00e1ze na\u0161eho v\u00fdrobn\u00edho procesu je monitorov\u00e1na a kontrolov\u00e1na prost\u0159ednictv\u00edm jasn\u011b definovan\u00fdch <strong>kontroln\u00edch bod\u016f<\/strong>, aby byla zaji\u0161t\u011bna bezpe\u010dnost a konzistence produkt\u016f.<br\/><br\/>N\u00e1\u0161 kontroln\u00ed syst\u00e9m je podporov\u00e1n automatizovan\u00fdmi technologiemi, kter\u00e9 sleduj\u00ed a reguluj\u00ed kl\u00ed\u010dov\u00e9 parametry.<br\/><br\/>Za\u0159\u00edzen\u00ed proch\u00e1zej\u00ed pravideln\u00fdmi intern\u00edmi audity a inspekcemi t\u0159et\u00edch stran, aby byla zaji\u0161t\u011bna shoda se standardy bezpe\u010dnosti produkt\u016f a podpo\u0159eno neust\u00e1l\u00e9 zlep\u0161ov\u00e1n\u00ed.<\/p>\n\n<h2 class=\"wp-block-heading has-palette-color-3-color has-text-color has-link-color has-medium-font-size wp-elements-1bbd1002fc55cfd70ff46c8075eb839b\">Testov\u00e1n\u00ed a kontrola kvality<\/h2>\n\n<p>V\u0161echny hotov\u00e9 v\u00fdrobky proch\u00e1zej\u00ed laboratorn\u00ed anal\u00fdzou, aby byla zaji\u0161t\u011bna konzistentn\u00ed <strong>kvalita a bezpe\u010dnost<\/strong>. Protokoly testov\u00e1n\u00ed zahrnuj\u00ed kontroly nutri\u010dn\u00edho slo\u017een\u00ed, mikrobiologick\u00e9 bezpe\u010dnosti, t\u011b\u017ek\u00fdch kov\u016f a mykotoxin\u016f \u2013 v pln\u00e9m souladu s platn\u00fdmi regula\u010dn\u00edmi standardy. Ka\u017ed\u00e1 v\u00fdrobn\u00ed \u0161ar\u017ee je individu\u00e1ln\u011b testov\u00e1na a dopln\u011bna <strong>certifik\u00e1tem specifick\u00fdm pro danou \u0161ar\u017ei<\/strong>, co\u017e zaji\u0161\u0165uje plnou sledovatelnost a z\u00e1ruku kvality produktu.  <\/p>\n\n<h2 class=\"wp-block-heading has-palette-color-3-color has-text-color has-link-color has-medium-font-size wp-elements-9e94915c2de3660188e61e9c495deb0b\">Sledovatelnost a transparentnost<\/h2>\n\n<p>V\u011b\u0159\u00edme v plnou transparentnost \u2013 od z\u00edsk\u00e1v\u00e1n\u00ed surovin a\u017e po dod\u00e1n\u00ed fin\u00e1ln\u00edho produktu. Na\u0161e digit\u00e1ln\u00ed syst\u00e9my sleduj\u00ed ka\u017ed\u00fd krok (SAP, WMS), p\u0159i\u010dem\u017e ka\u017ed\u00e9 balen\u00ed obsahuje QR k\u00f3d, EAN k\u00f3d a \u010d\u00edslo \u0161ar\u017ee pro \u00faplnou sledovatelnost a d\u016fv\u011bru. <\/p>\n\n<h2 class=\"wp-block-heading has-palette-color-3-color has-text-color has-link-color has-medium-font-size wp-elements-5c406f1f5ba21ef3297d2958bbbf4679\">Certifikace a audity<\/h2>\n\n<p>O seznam v\u0161ech certifikovan\u00fdch standard\u016f a zpr\u00e1v pros\u00edm po\u017e\u00e1dejte na\u0161i \u0159editelku Tatjanu Spai\u0107.<\/p>\n\n<h2 class=\"wp-block-heading has-palette-color-3-color has-text-color has-link-color has-medium-font-size wp-elements-c7853889f21556c82e362c6bf54a3fde\">Neust\u00e1l\u00e9 zlep\u0161ov\u00e1n\u00ed<\/h2>\n\n<p>Ve spole\u010dnosti Kraftia jsme odd\u00e1ni neust\u00e1l\u00e9mu zlep\u0161ov\u00e1n\u00ed prost\u0159ednictv\u00edm trval\u00fdch investic do technologi\u00ed a \u0161kolen\u00ed zam\u011bstnanc\u016f. \u00dazkou spoluprac\u00ed s veterin\u00e1\u0159i, odborn\u00edky na v\u00fd\u017eivu a v\u011bdeck\u00fdmi institucemi zaji\u0161\u0165ujeme, aby se na\u0161e produkty a postupy neust\u00e1le vyv\u00edjely a spl\u0148ovaly ty nejvy\u0161\u0161\u00ed standardy. <\/p>\n\n<h2 class=\"wp-block-heading has-text-align-left has-vivid-cyan-blue-color has-text-color has-link-color wp-elements-074afbbc8b4eeda22bb2f35b549f6d64\"><br\/>V\u00fdzkum a v\u00fdvoj (R&amp;D)<br\/><\/h2>\n\n<div class=\"wp-block-columns is-layout-flex wp-container-core-columns-is-layout-28f84493 wp-block-columns-is-layout-flex\">\n<div class=\"wp-block-column is-layout-flow wp-block-column-is-layout-flow\" style=\"flex-basis:66.66%\">\n<h2 class=\"wp-block-heading has-palette-color-3-color has-text-color has-link-color has-medium-font-size wp-elements-396da3bb3d46081c753469af7059c5cb\">Vynikaj\u00edc\u00ed receptury vytvo\u0159en\u00e9 odborn\u00edky<\/h2>\n\n\n\n<p>Srdcem na\u0161\u00ed \u0159ady pr\u00e9miov\u00fdch krmiv pro dom\u00e1c\u00ed mazl\u00ed\u010dky je oddanost v\u011bdeck\u00e9 dokonalosti. N\u00e1\u0161 t\u00fdm veterin\u00e1\u0159\u016f, odborn\u00edk\u016f na v\u00fd\u017eivu a potravin\u00e1\u0159sk\u00fdch v\u011bdc\u016f spolupracuje na vytv\u00e1\u0159en\u00ed pe\u010dliv\u011b sestaven\u00fdch receptur navr\u017een\u00fdch tak, aby p\u0159ekra\u010dovaly nejvy\u0161\u0161\u00ed standardy zdrav\u00ed a pohody zv\u00ed\u0159at. <\/p>\n<\/div>\n\n\n\n<div class=\"wp-block-column is-layout-flow wp-block-column-is-layout-flow\" style=\"flex-basis:33.33%\">\n<h2 class=\"wp-block-heading has-palette-color-3-color has-palette-color-5-background-color has-text-color has-background has-link-color has-medium-font-size wp-elements-068228ebcc550fff4d6d0130e45f1829\">\u201eVe spole\u010dnosti Kraftia je v\u00fd\u017eiva zalo\u017eena na v\u011bd\u011b. N\u00e1\u0161 t\u00fdm pro v\u00fdzkum a v\u00fdvoj zaji\u0161\u0165uje, aby ka\u017ed\u00e1 receptura byla podlo\u017eena<br\/>v\u00fdzkumem a p\u0159izp\u016fsobena skute\u010dn\u00fdm pot\u0159eb\u00e1m dom\u00e1c\u00edch mazl\u00ed\u010dk\u016f.\u201c <\/h2>\n<\/div>\n<\/div>\n\n<h2 class=\"wp-block-heading has-palette-color-3-color has-text-color has-link-color has-medium-font-size wp-elements-a6f6c69ed47512a42864f4c4f18b0dc9\">Pokro\u010dil\u00e1 nutri\u010dn\u00ed preciznost<\/h2>\n\n<p>Vyu\u017e\u00edv\u00e1me \u0161pi\u010dkov\u00fd v\u00fdzkum v oblasti v\u00fd\u017eivy dom\u00e1c\u00edch mazl\u00ed\u010dk\u016f, abychom poskytli receptury na m\u00edru konkr\u00e9tn\u00edm druh\u016fm. A\u0165 u\u017e jde o citliv\u00e9 za\u017e\u00edv\u00e1n\u00ed va\u0161\u00ed ko\u010dky nebo optim\u00e1ln\u00ed energetick\u00e9 pot\u0159eby va\u0161eho psa, n\u00e1\u0161 proces v\u00fdzkumu a v\u00fdvoje zaru\u010duje, \u017ee ka\u017ed\u00e1 slo\u017eka a pom\u011br \u017eivin jsou vyb\u00edr\u00e1ny s prioritou zdrav\u00ed va\u0161eho mazl\u00ed\u010dka. <\/p>\n\n<p><\/p>\n","protected":false},"excerpt":{"rendered":"<p>Bezpe\u010dnost potravin a standardy \u201eKa\u017ed\u00fd n\u00e1mi vyroben\u00fd produkt proch\u00e1z\u00ed p\u0159\u00edsn\u00fdmi bezpe\u010dnostn\u00edmi kontrolami, abychom zajistili nejvy\u0161\u0161\u00ed kvalitu a nutri\u010dn\u00ed hodnotu pro dom\u00e1c\u00ed mazl\u00ed\u010dky.\u201c Ve spole\u010dnosti Kraftia db\u00e1me na nejp\u0159\u00edsn\u011bj\u0161\u00ed bezpe\u010dnostn\u00ed protokoly a zaji\u0161\u0165ujeme, aby ka\u017ed\u00fd v\u00fdrobek spl\u0148oval striktn\u00ed standardy kvality. Ka\u017ed\u00fd n\u00e1mi vyroben\u00fd produkt proch\u00e1z\u00ed d\u016fkladn\u00fdmi bezpe\u010dnostn\u00edmi inspekcemi, kter\u00e9 zaru\u010duj\u00ed \u0161pi\u010dkovou kvalitu a optim\u00e1ln\u00ed v\u00fd\u017eivu. Glob\u00e1ln\u00ed [&hellip;]<\/p>\n","protected":false},"author":1,"featured_media":0,"parent":0,"menu_order":0,"comment_status":"closed","ping_status":"closed","template":"","meta":{"_acf_changed":false,"footnotes":""},"class_list":["post-3704","page","type-page","status-publish","hentry"],"blocksy_meta":[],"acf":[],"_links":{"self":[{"href":"https:\/\/kraftiapet.com\/cs\/wp-json\/wp\/v2\/pages\/3704","targetHints":{"allow":["GET"]}}],"collection":[{"href":"https:\/\/kraftiapet.com\/cs\/wp-json\/wp\/v2\/pages"}],"about":[{"href":"https:\/\/kraftiapet.com\/cs\/wp-json\/wp\/v2\/types\/page"}],"author":[{"embeddable":true,"href":"https:\/\/kraftiapet.com\/cs\/wp-json\/wp\/v2\/users\/1"}],"replies":[{"embeddable":true,"href":"https:\/\/kraftiapet.com\/cs\/wp-json\/wp\/v2\/comments?post=3704"}],"version-history":[{"count":1,"href":"https:\/\/kraftiapet.com\/cs\/wp-json\/wp\/v2\/pages\/3704\/revisions"}],"predecessor-version":[{"id":3705,"href":"https:\/\/kraftiapet.com\/cs\/wp-json\/wp\/v2\/pages\/3704\/revisions\/3705"}],"wp:attachment":[{"href":"https:\/\/kraftiapet.com\/cs\/wp-json\/wp\/v2\/media?parent=3704"}],"curies":[{"name":"wp","href":"https:\/\/api.w.org\/{rel}","templated":true}]}}