{"id":3478,"date":"2025-10-07T11:34:35","date_gmt":"2025-10-07T11:34:35","guid":{"rendered":"https:\/\/kraftiapet.com\/?post_type=product&#038;p=3478"},"modified":"2026-03-03T10:55:28","modified_gmt":"2026-03-03T10:55:28","slug":"cc-calming-care","status":"publish","type":"product","link":"https:\/\/kraftiapet.com\/cs\/produkt\/cc-calming-care\/","title":{"rendered":"CC Calming Care"},"content":{"rendered":"","protected":false},"excerpt":{"rendered":"<p>Galena Calming Care je kompletn\u00ed dietn\u00ed krmivo pro psy, vyvinut\u00e9 jako veterin\u00e1rn\u00ed krmivo pro podporu zklidn\u011bn\u00ed a zvl\u00e1d\u00e1n\u00ed stresu. Pom\u00e1h\u00e1 ps\u016fm l\u00e9pe se vyrovnat se stresov\u00fdmi situacemi a sni\u017euje souvisej\u00edc\u00ed poruchy chov\u00e1n\u00ed, jako jsou \u00fazkost, neklid nebo hyperaktivita. Tato veterin\u00e1rn\u00ed receptura podporuje emo\u010dn\u00ed rovnov\u00e1hu a p\u0159isp\u00edv\u00e1 ke zklidn\u011bn\u00ed bez pou\u017eit\u00ed sedativ.  <\/p>\n<p><strong>KDY POU\u017d\u00cdT GALENA CALMING CARE?<\/strong><\/p>\n<ul>\n<li>B\u011bhem stresov\u00fdch situac\u00ed, jako je cestov\u00e1n\u00ed, n\u00e1v\u0161t\u011bvy veterin\u00e1\u0159e nebo hlasit\u00e9 zvuky<\/li>\n<li>Pro psy vykazuj\u00edc\u00ed zn\u00e1mky \u00fazkosti nebo hyperaktivity<\/li>\n<li>Pro podporu emo\u010dn\u00ed rovnov\u00e1hy a relaxace<\/li>\n<li>Jako dopl\u0148kov\u00e1 pomoc p\u0159i behavior\u00e1ln\u00ed terapii<\/li>\n<li>Pro dlouhodobou prevenci stresu a celkovou pohodu<\/li>\n<\/ul>\n","protected":false},"featured_media":3477,"comment_status":"open","ping_status":"closed","template":"","meta":{"_acf_changed":false},"pwb-brand":[],"product_brand":[194],"product_cat":[196,195],"product_tag":[],"class_list":{"0":"post-3478","1":"product","2":"type-product","3":"status-publish","4":"has-post-thumbnail","6":"product_brand-craftia-galena","7":"product_cat-adult-dog","8":"product_cat-dog-food","10":"first","11":"instock","12":"taxable","13":"shipping-taxable","14":"product-type-variable"},"acf":[],"brands":[],"_links":{"self":[{"href":"https:\/\/kraftiapet.com\/cs\/wp-json\/wp\/v2\/product\/3478","targetHints":{"allow":["GET"]}}],"collection":[{"href":"https:\/\/kraftiapet.com\/cs\/wp-json\/wp\/v2\/product"}],"about":[{"href":"https:\/\/kraftiapet.com\/cs\/wp-json\/wp\/v2\/types\/product"}],"replies":[{"embeddable":true,"href":"https:\/\/kraftiapet.com\/cs\/wp-json\/wp\/v2\/comments?post=3478"}],"wp:featuredmedia":[{"embeddable":true,"href":"https:\/\/kraftiapet.com\/cs\/wp-json\/wp\/v2\/media\/3477"}],"wp:attachment":[{"href":"https:\/\/kraftiapet.com\/cs\/wp-json\/wp\/v2\/media?parent=3478"}],"wp:term":[{"taxonomy":"pwb-brand","embeddable":true,"href":"https:\/\/kraftiapet.com\/cs\/wp-json\/wp\/v2\/pwb-brand?post=3478"},{"taxonomy":"product_brand","embeddable":true,"href":"https:\/\/kraftiapet.com\/cs\/wp-json\/wp\/v2\/product_brand?post=3478"},{"taxonomy":"product_cat","embeddable":true,"href":"https:\/\/kraftiapet.com\/cs\/wp-json\/wp\/v2\/product_cat?post=3478"},{"taxonomy":"product_tag","embeddable":true,"href":"https:\/\/kraftiapet.com\/cs\/wp-json\/wp\/v2\/product_tag?post=3478"}],"curies":[{"name":"wp","href":"https:\/\/api.w.org\/{rel}","templated":true}]}}