{"id":3481,"date":"2025-10-07T06:57:56","date_gmt":"2025-10-07T06:57:56","guid":{"rendered":"https:\/\/kraftiapet.com\/?post_type=product&#038;p=3481"},"modified":"2026-03-04T13:38:43","modified_gmt":"2026-03-04T13:38:43","slug":"ur-urinary-care","status":"publish","type":"product","link":"https:\/\/kraftiapet.com\/cs\/produkt\/ur-urinary-care\/","title":{"rendered":"UR Urinary Care"},"content":{"rendered":"","protected":false},"excerpt":{"rendered":"<p>UR Urinary Care \u2013 Craftia Galena Veterinary je kompletn\u00ed dietn\u00ed krmivo pro ko\u010dky, vyvinut\u00e9 jako veterin\u00e1rn\u00ed krmivo pro p\u00e9\u010di o mo\u010dov\u00e9 cesty a prevenci struvit\u016f. Je ur\u010deno k rozpou\u0161t\u011bn\u00ed struvitov\u00fdch kamen\u016f, sn\u00ed\u017een\u00ed recidivy jejich tvorby a ke zvl\u00e1d\u00e1n\u00ed onemocn\u011bn\u00ed doln\u00edch mo\u010dov\u00fdch cest u ko\u010dek (FLUTD). Tato dieta se vyzna\u010duje schopnost\u00ed okyselovat mo\u010d a n\u00edzk\u00fdm obsahem ho\u0159\u010d\u00edku, co\u017e pom\u00e1h\u00e1 udr\u017eovat zdrav\u00ed mo\u010dov\u00fdch cest, p\u0159edch\u00e1zet tvorb\u011b krystal\u016f a podporovat celkovou funkci mo\u010dov\u00e9ho m\u011bch\u00fd\u0159e.  <\/p>\n<p><strong>KDY POU\u017d\u00cdT GALENA URINARY CARE?<\/strong><\/p>\n<ul>\n<li>Pro rozpou\u0161t\u011bn\u00ed struvitov\u00fdch kamen\u016f<\/li>\n<li>Sni\u017euje recidivu mo\u010dov\u00fdch kamen\u016f<\/li>\n<li>Podporuje l\u00e9\u010dbu onemocn\u011bn\u00ed doln\u00edch mo\u010dov\u00fdch cest u ko\u010dek (FLUTD)<\/li>\n<li>Vlastnosti okyseluj\u00edc\u00ed mo\u010d podporuj\u00ed optim\u00e1ln\u00ed rovnov\u00e1hu pH<\/li>\n<li>N\u00edzk\u00fd obsah ho\u0159\u010d\u00edku pom\u00e1h\u00e1 p\u0159edch\u00e1zet tvorb\u011b krystal\u016f<\/li>\n<li>Doporu\u010deno pro ko\u010dky se sklonem k mo\u010dov\u00fdm pot\u00ed\u017e\u00edm nebo opakovan\u00fdm z\u00e1n\u011bt\u016fm mo\u010dov\u00e9ho m\u011bch\u00fd\u0159e<\/li>\n<\/ul>\n","protected":false},"featured_media":3482,"comment_status":"open","ping_status":"closed","template":"","meta":{"_acf_changed":false},"pwb-brand":[],"product_brand":[194],"product_cat":[201,200],"product_tag":[],"class_list":{"0":"post-3481","1":"product","2":"type-product","3":"status-publish","4":"has-post-thumbnail","6":"product_brand-craftia-galena","7":"product_cat-adult-cat","8":"product_cat-cat-food","10":"first","11":"instock","12":"taxable","13":"shipping-taxable","14":"product-type-variable"},"acf":[],"brands":[],"_links":{"self":[{"href":"https:\/\/kraftiapet.com\/cs\/wp-json\/wp\/v2\/product\/3481","targetHints":{"allow":["GET"]}}],"collection":[{"href":"https:\/\/kraftiapet.com\/cs\/wp-json\/wp\/v2\/product"}],"about":[{"href":"https:\/\/kraftiapet.com\/cs\/wp-json\/wp\/v2\/types\/product"}],"replies":[{"embeddable":true,"href":"https:\/\/kraftiapet.com\/cs\/wp-json\/wp\/v2\/comments?post=3481"}],"wp:featuredmedia":[{"embeddable":true,"href":"https:\/\/kraftiapet.com\/cs\/wp-json\/wp\/v2\/media\/3482"}],"wp:attachment":[{"href":"https:\/\/kraftiapet.com\/cs\/wp-json\/wp\/v2\/media?parent=3481"}],"wp:term":[{"taxonomy":"pwb-brand","embeddable":true,"href":"https:\/\/kraftiapet.com\/cs\/wp-json\/wp\/v2\/pwb-brand?post=3481"},{"taxonomy":"product_brand","embeddable":true,"href":"https:\/\/kraftiapet.com\/cs\/wp-json\/wp\/v2\/product_brand?post=3481"},{"taxonomy":"product_cat","embeddable":true,"href":"https:\/\/kraftiapet.com\/cs\/wp-json\/wp\/v2\/product_cat?post=3481"},{"taxonomy":"product_tag","embeddable":true,"href":"https:\/\/kraftiapet.com\/cs\/wp-json\/wp\/v2\/product_tag?post=3481"}],"curies":[{"name":"wp","href":"https:\/\/api.w.org\/{rel}","templated":true}]}}