{"id":3485,"date":"2025-10-07T11:03:31","date_gmt":"2025-10-07T11:03:31","guid":{"rendered":"https:\/\/kraftiapet.com\/?post_type=product&#038;p=3485"},"modified":"2026-03-03T12:04:38","modified_gmt":"2026-03-03T12:04:38","slug":"rcc-recovery-convalescence-care","status":"publish","type":"product","link":"https:\/\/kraftiapet.com\/cs\/produkt\/rcc-recovery-convalescence-care\/","title":{"rendered":"RCC Recovery &amp; Convalescence Care"},"content":{"rendered":"","protected":false},"excerpt":{"rendered":"<p>RCC Recovery &amp; Convalescence Care \u2013 Galena Veterinary je kompletn\u00ed dietn\u00ed krmivo pro psy, vyvinut\u00e9 jako veterin\u00e1rn\u00ed krmivo pro psy v obdob\u00ed rekonvalescence. Tato receptura navr\u017een\u00e1 pro podporu nutri\u010dn\u00ed obnovy poskytuje vysokou energetickou hodnotu, zv\u00fd\u0161enou koncentraci esenci\u00e1ln\u00edch \u017eivin a lehce straviteln\u00e9 slo\u017eky. Pom\u00e1h\u00e1 ps\u016fm znovu z\u00edskat s\u00edlu, chu\u0165 k j\u00eddlu a vitalitu b\u011bhem zotavov\u00e1n\u00ed po nemoci, operaci nebo v obdob\u00ed slabosti.  <\/p>\n<p><strong>KDY POU\u017d\u00cdT GALENA RECOVERY &amp; CONVALESCENCE CARE?<\/strong><\/p>\n<ul>\n<li>Pro nutri\u010dn\u00ed obnovu b\u011bhem zotavov\u00e1n\u00ed<\/li>\n<li>Podporuje zotaven\u00ed po operaci a nemoci<\/li>\n<li>Vysoce energetick\u00e1 receptura s vysok\u00fdm obsahem \u017eivin<\/li>\n<li>Pom\u00e1h\u00e1 zlep\u0161it chu\u0165 k j\u00eddlu a vitalitu<\/li>\n<li>Ide\u00e1ln\u00ed pro psy v rekonvalescenci nebo p\u0159i podv\u00e1ze<\/li>\n<\/ul>\n","protected":false},"featured_media":3486,"comment_status":"open","ping_status":"closed","template":"","meta":{"_acf_changed":false},"pwb-brand":[],"product_brand":[194],"product_cat":[196,195],"product_tag":[],"class_list":{"0":"post-3485","1":"product","2":"type-product","3":"status-publish","4":"has-post-thumbnail","6":"product_brand-craftia-galena","7":"product_cat-adult-dog","8":"product_cat-dog-food","10":"first","11":"instock","12":"taxable","13":"shipping-taxable","14":"product-type-variable"},"acf":[],"brands":[],"_links":{"self":[{"href":"https:\/\/kraftiapet.com\/cs\/wp-json\/wp\/v2\/product\/3485","targetHints":{"allow":["GET"]}}],"collection":[{"href":"https:\/\/kraftiapet.com\/cs\/wp-json\/wp\/v2\/product"}],"about":[{"href":"https:\/\/kraftiapet.com\/cs\/wp-json\/wp\/v2\/types\/product"}],"replies":[{"embeddable":true,"href":"https:\/\/kraftiapet.com\/cs\/wp-json\/wp\/v2\/comments?post=3485"}],"wp:featuredmedia":[{"embeddable":true,"href":"https:\/\/kraftiapet.com\/cs\/wp-json\/wp\/v2\/media\/3486"}],"wp:attachment":[{"href":"https:\/\/kraftiapet.com\/cs\/wp-json\/wp\/v2\/media?parent=3485"}],"wp:term":[{"taxonomy":"pwb-brand","embeddable":true,"href":"https:\/\/kraftiapet.com\/cs\/wp-json\/wp\/v2\/pwb-brand?post=3485"},{"taxonomy":"product_brand","embeddable":true,"href":"https:\/\/kraftiapet.com\/cs\/wp-json\/wp\/v2\/product_brand?post=3485"},{"taxonomy":"product_cat","embeddable":true,"href":"https:\/\/kraftiapet.com\/cs\/wp-json\/wp\/v2\/product_cat?post=3485"},{"taxonomy":"product_tag","embeddable":true,"href":"https:\/\/kraftiapet.com\/cs\/wp-json\/wp\/v2\/product_tag?post=3485"}],"curies":[{"name":"wp","href":"https:\/\/api.w.org\/{rel}","templated":true}]}}