{"id":3489,"date":"2025-10-07T11:11:41","date_gmt":"2025-10-07T11:11:41","guid":{"rendered":"https:\/\/kraftiapet.com\/?post_type=product&#038;p=3489"},"modified":"2026-03-03T12:04:13","modified_gmt":"2026-03-03T12:04:13","slug":"hc-hepatic-care","status":"publish","type":"product","link":"https:\/\/kraftiapet.com\/cs\/produkt\/hc-hepatic-care\/","title":{"rendered":"HC Hepatic Care"},"content":{"rendered":"","protected":false},"excerpt":{"rendered":"<p>HC Hepatic Care \u2013 Galena Veterinary je kompletn\u00ed dietn\u00ed krmivo pro psy, vyvinut\u00e9 jako veterin\u00e1rn\u00ed krmivo pro podporu jater a jatern\u00ed p\u00e9\u010di. Je ur\u010deno k podpo\u0159e funkce jater v p\u0159\u00edpadech chronick\u00e9 jatern\u00ed nedostate\u010dnosti a ke sn\u00ed\u017een\u00ed z\u00e1t\u011b\u017ee jater. Tato receptura obsahuje m\u00edrnou hladinu vybran\u00fdch, vysoce straviteln\u00fdch b\u00edlkovin, kter\u00e9 podporuj\u00ed optim\u00e1ln\u00ed metabolismus a napom\u00e1haj\u00ed detoxika\u010dn\u00edm proces\u016fm.  <\/p>\n<p><strong>KDY ZVOLIT GALENA HEPATIC CARE?<\/strong><\/p>\n<ul>\n<li>P\u0159i chronick\u00e9 nebo akutn\u00ed jatern\u00ed nedostate\u010dnosti<\/li>\n<li>Podporuje regeneraci a detoxikaci jater<\/li>\n<li>Obsahuje m\u00edrn\u00e9 mno\u017estv\u00ed vysoce kvalitn\u00edch, straviteln\u00fdch b\u00edlkovin<\/li>\n<li>Pom\u00e1h\u00e1 sni\u017eovat jatern\u00ed stres a z\u00e1n\u011bt<\/li>\n<li>Doporu\u010deno pro psy s naru\u0161enou funkc\u00ed jater<\/li>\n<\/ul>\n","protected":false},"featured_media":3490,"comment_status":"open","ping_status":"closed","template":"","meta":{"_acf_changed":false},"pwb-brand":[],"product_brand":[194],"product_cat":[196,195],"product_tag":[],"class_list":{"0":"post-3489","1":"product","2":"type-product","3":"status-publish","4":"has-post-thumbnail","6":"product_brand-craftia-galena","7":"product_cat-adult-dog","8":"product_cat-dog-food","10":"first","11":"instock","12":"taxable","13":"shipping-taxable","14":"product-type-variable"},"acf":[],"brands":[],"_links":{"self":[{"href":"https:\/\/kraftiapet.com\/cs\/wp-json\/wp\/v2\/product\/3489","targetHints":{"allow":["GET"]}}],"collection":[{"href":"https:\/\/kraftiapet.com\/cs\/wp-json\/wp\/v2\/product"}],"about":[{"href":"https:\/\/kraftiapet.com\/cs\/wp-json\/wp\/v2\/types\/product"}],"replies":[{"embeddable":true,"href":"https:\/\/kraftiapet.com\/cs\/wp-json\/wp\/v2\/comments?post=3489"}],"wp:featuredmedia":[{"embeddable":true,"href":"https:\/\/kraftiapet.com\/cs\/wp-json\/wp\/v2\/media\/3490"}],"wp:attachment":[{"href":"https:\/\/kraftiapet.com\/cs\/wp-json\/wp\/v2\/media?parent=3489"}],"wp:term":[{"taxonomy":"pwb-brand","embeddable":true,"href":"https:\/\/kraftiapet.com\/cs\/wp-json\/wp\/v2\/pwb-brand?post=3489"},{"taxonomy":"product_brand","embeddable":true,"href":"https:\/\/kraftiapet.com\/cs\/wp-json\/wp\/v2\/product_brand?post=3489"},{"taxonomy":"product_cat","embeddable":true,"href":"https:\/\/kraftiapet.com\/cs\/wp-json\/wp\/v2\/product_cat?post=3489"},{"taxonomy":"product_tag","embeddable":true,"href":"https:\/\/kraftiapet.com\/cs\/wp-json\/wp\/v2\/product_tag?post=3489"}],"curies":[{"name":"wp","href":"https:\/\/api.w.org\/{rel}","templated":true}]}}