{"id":3493,"date":"2025-10-07T11:22:08","date_gmt":"2025-10-07T11:22:08","guid":{"rendered":"https:\/\/kraftiapet.com\/?post_type=product&#038;p=3493"},"modified":"2026-03-03T12:02:41","modified_gmt":"2026-03-03T12:02:41","slug":"hdc-hypoallergenic-derm-care","status":"publish","type":"product","link":"https:\/\/kraftiapet.com\/cs\/produkt\/hdc-hypoallergenic-derm-care\/","title":{"rendered":"HDC Hypoallergenic Derm Care"},"content":{"rendered":"","protected":false},"excerpt":{"rendered":"<p>HDC Hypoallergenic Derm Care \u2013 Galena Veterinary je kompletn\u00ed dietn\u00ed krmivo pro psy, vyvinut\u00e9 jako veterin\u00e1rn\u00ed krmivo p\u0159i ko\u017en\u00edch alergi\u00edch a dermat\u00f3z\u00e1ch. Pom\u00e1h\u00e1 sni\u017eovat intoleranci p\u0159\u00edsad a \u017eivin a z\u00e1rove\u0148 podporuje funkci k\u016f\u017ee v p\u0159\u00edpad\u011b dermat\u00f3zy a nadm\u011brn\u00e9ho vypad\u00e1v\u00e1n\u00ed srsti. Obohaceno o kyselinu linolovou (LA), kyselinu eikosapentaenovou (EPA) and dokosahexaenovou (DHA) podporuje zdravou regeneraci k\u016f\u017ee, zlep\u0161uje kvalitu srsti a pom\u00e1h\u00e1 obnovit p\u0159irozenou ko\u017en\u00ed bari\u00e9ru.  <\/p>\n<p><strong>KDY POU\u017d\u00cdT GALENA HYPOALLERGENIC DERM CARE?<\/strong><\/p>\n<ul>\n<li>Pro psy s intoleranc\u00ed potravin nebo \u017eivin<\/li>\n<li>V p\u0159\u00edpadech dermat\u00f3zy nebo nadm\u011brn\u00e9ho vypad\u00e1v\u00e1n\u00ed srsti<\/li>\n<li>Podporuje ko\u017en\u00ed bari\u00e9ru a regeneraci<\/li>\n<li>Pom\u00e1h\u00e1 sni\u017eovat sv\u011bd\u011bn\u00ed a podr\u00e1\u017ed\u011bn\u00ed<\/li>\n<li>Zlep\u0161uje lesk a texturu srsti<\/li>\n<li>Doporu\u010deno pro psy se sklonem k alergick\u00fdm ko\u017en\u00edm reakc\u00edm<\/li>\n<\/ul>\n","protected":false},"featured_media":3494,"comment_status":"open","ping_status":"closed","template":"","meta":{"_acf_changed":false},"pwb-brand":[],"product_brand":[194],"product_cat":[196,195],"product_tag":[],"class_list":{"0":"post-3493","1":"product","2":"type-product","3":"status-publish","4":"has-post-thumbnail","6":"product_brand-craftia-galena","7":"product_cat-adult-dog","8":"product_cat-dog-food","10":"first","11":"instock","12":"taxable","13":"shipping-taxable","14":"product-type-variable"},"acf":[],"brands":[],"_links":{"self":[{"href":"https:\/\/kraftiapet.com\/cs\/wp-json\/wp\/v2\/product\/3493","targetHints":{"allow":["GET"]}}],"collection":[{"href":"https:\/\/kraftiapet.com\/cs\/wp-json\/wp\/v2\/product"}],"about":[{"href":"https:\/\/kraftiapet.com\/cs\/wp-json\/wp\/v2\/types\/product"}],"replies":[{"embeddable":true,"href":"https:\/\/kraftiapet.com\/cs\/wp-json\/wp\/v2\/comments?post=3493"}],"wp:featuredmedia":[{"embeddable":true,"href":"https:\/\/kraftiapet.com\/cs\/wp-json\/wp\/v2\/media\/3494"}],"wp:attachment":[{"href":"https:\/\/kraftiapet.com\/cs\/wp-json\/wp\/v2\/media?parent=3493"}],"wp:term":[{"taxonomy":"pwb-brand","embeddable":true,"href":"https:\/\/kraftiapet.com\/cs\/wp-json\/wp\/v2\/pwb-brand?post=3493"},{"taxonomy":"product_brand","embeddable":true,"href":"https:\/\/kraftiapet.com\/cs\/wp-json\/wp\/v2\/product_brand?post=3493"},{"taxonomy":"product_cat","embeddable":true,"href":"https:\/\/kraftiapet.com\/cs\/wp-json\/wp\/v2\/product_cat?post=3493"},{"taxonomy":"product_tag","embeddable":true,"href":"https:\/\/kraftiapet.com\/cs\/wp-json\/wp\/v2\/product_tag?post=3493"}],"curies":[{"name":"wp","href":"https:\/\/api.w.org\/{rel}","templated":true}]}}