{"id":3497,"date":"2025-10-07T07:12:42","date_gmt":"2025-10-07T07:12:42","guid":{"rendered":"https:\/\/kraftiapet.com\/?post_type=product&#038;p=3497"},"modified":"2026-03-04T13:38:07","modified_gmt":"2026-03-04T13:38:07","slug":"dc-diabetic-care","status":"publish","type":"product","link":"https:\/\/kraftiapet.com\/cs\/produkt\/dc-diabetic-care\/","title":{"rendered":"DC Diabetic Care"},"content":{"rendered":"","protected":false},"excerpt":{"rendered":"<p>DC Diabetic Care \u2013 Craftia Galena Veterinary je kompletn\u00ed dietn\u00ed krmivo pro ko\u010dky, vyvinut\u00e9 jako veterin\u00e1rn\u00ed krmivo p\u0159i diabetu a pro regulaci gluk\u00f3zy. Pomoc\u00ed vyv\u00e1\u017een\u00e9ho nutri\u010dn\u00edho profilu pom\u00e1h\u00e1 kontrolovat p\u0159\u00edsun gluk\u00f3zy u ko\u010dek s onemocn\u011bn\u00edm Diabetes mellitus. Receptura se vyzna\u010duje n\u00edzkou hladinou mono- a disacharid\u016f, \u010d\u00edm\u017e podporuje stabiln\u00ed hladinu cukru v krvi a celkovou metabolickou rovnov\u00e1hu.  <\/p>\n<p><strong>KDY ZVOLIT GALENA DIABETIC CARE?<\/strong><\/p>\n<ul>\n<li>Pro ko\u010dky s onemocn\u011bn\u00edm Diabetes mellitus<\/li>\n<li>Pom\u00e1h\u00e1 regulovat p\u0159\u00edsun gluk\u00f3zy<\/li>\n<li>Podporuje stabiln\u00ed hladinu cukru v krvi<\/li>\n<li>N\u00edzk\u00fd obsah mono- a disacharid\u016f<\/li>\n<li>Doporu\u010deno pro dlouhodob\u00fd dietn\u00ed management ko\u010dek s diabetem<\/li>\n<\/ul>\n","protected":false},"featured_media":3498,"comment_status":"open","ping_status":"closed","template":"","meta":{"_acf_changed":false},"pwb-brand":[],"product_brand":[194],"product_cat":[201,200],"product_tag":[],"class_list":{"0":"post-3497","1":"product","2":"type-product","3":"status-publish","4":"has-post-thumbnail","6":"product_brand-craftia-galena","7":"product_cat-adult-cat","8":"product_cat-cat-food","10":"first","11":"instock","12":"taxable","13":"shipping-taxable","14":"product-type-variable"},"acf":[],"brands":[],"_links":{"self":[{"href":"https:\/\/kraftiapet.com\/cs\/wp-json\/wp\/v2\/product\/3497","targetHints":{"allow":["GET"]}}],"collection":[{"href":"https:\/\/kraftiapet.com\/cs\/wp-json\/wp\/v2\/product"}],"about":[{"href":"https:\/\/kraftiapet.com\/cs\/wp-json\/wp\/v2\/types\/product"}],"replies":[{"embeddable":true,"href":"https:\/\/kraftiapet.com\/cs\/wp-json\/wp\/v2\/comments?post=3497"}],"wp:featuredmedia":[{"embeddable":true,"href":"https:\/\/kraftiapet.com\/cs\/wp-json\/wp\/v2\/media\/3498"}],"wp:attachment":[{"href":"https:\/\/kraftiapet.com\/cs\/wp-json\/wp\/v2\/media?parent=3497"}],"wp:term":[{"taxonomy":"pwb-brand","embeddable":true,"href":"https:\/\/kraftiapet.com\/cs\/wp-json\/wp\/v2\/pwb-brand?post=3497"},{"taxonomy":"product_brand","embeddable":true,"href":"https:\/\/kraftiapet.com\/cs\/wp-json\/wp\/v2\/product_brand?post=3497"},{"taxonomy":"product_cat","embeddable":true,"href":"https:\/\/kraftiapet.com\/cs\/wp-json\/wp\/v2\/product_cat?post=3497"},{"taxonomy":"product_tag","embeddable":true,"href":"https:\/\/kraftiapet.com\/cs\/wp-json\/wp\/v2\/product_tag?post=3497"}],"curies":[{"name":"wp","href":"https:\/\/api.w.org\/{rel}","templated":true}]}}