{"id":3501,"date":"2025-10-07T08:35:22","date_gmt":"2025-10-07T08:35:22","guid":{"rendered":"https:\/\/kraftiapet.com\/?post_type=product&#038;p=3501"},"modified":"2026-03-04T13:37:40","modified_gmt":"2026-03-04T13:37:40","slug":"wm-weight-management","status":"publish","type":"product","link":"https:\/\/kraftiapet.com\/cs\/produkt\/wm-weight-management\/","title":{"rendered":"WM Weight Management"},"content":{"rendered":"","protected":false},"excerpt":{"rendered":"<p>WM Weight Management \u2013 Craftia Galena Veterinary je kompletn\u00ed dietn\u00ed krmivo pro psy, vyvinut\u00e9 jako veterin\u00e1rn\u00ed krmivo pro regulaci hmotnosti a kontrolu obezity. Je navr\u017eeno tak, aby pom\u00e1halo sni\u017eovat nadm\u011brnou t\u011blesnou hmotnost d\u00edky kontrolovan\u00e9mu obsahu kalori\u00ed, vyv\u00e1\u017een\u00fdm \u017eivin\u00e1m a optim\u00e1ln\u00ed hladin\u011b b\u00edlkovin, kter\u00e9 zachov\u00e1vaj\u00ed svalovou hmotu. Tato veterin\u00e1rn\u00ed dieta podporuje zdrav\u00fd metabolismus a dlouhodobou stabilitu hmotnosti.  <\/p>\n<p><strong>KDY ZVOLIT GALENA WEIGHT MANAGEMENT?<\/strong><\/p>\n<ul>\n<li>Pro sn\u00ed\u017een\u00ed a kontrolu nadm\u011brn\u00e9 t\u011blesn\u00e9 hmotnosti<\/li>\n<li>Podporuje metabolismus tuk\u016f a zachov\u00e1v\u00e1 svalovou hmotu<\/li>\n<li>Podporuje zdravou energetickou rovnov\u00e1hu<\/li>\n<li>Doporu\u010deno pro psy s nadv\u00e1hou nebo obezitou<\/li>\n<li>Pom\u00e1h\u00e1 udr\u017eovat ide\u00e1ln\u00ed v\u00e1hu po zhubnut\u00ed<\/li>\n<\/ul>\n","protected":false},"featured_media":3502,"comment_status":"open","ping_status":"closed","template":"","meta":{"_acf_changed":false},"pwb-brand":[],"product_brand":[194],"product_cat":[196,195],"product_tag":[],"class_list":{"0":"post-3501","1":"product","2":"type-product","3":"status-publish","4":"has-post-thumbnail","6":"product_brand-craftia-galena","7":"product_cat-adult-dog","8":"product_cat-dog-food","10":"first","11":"instock","12":"taxable","13":"shipping-taxable","14":"product-type-variable"},"acf":[],"brands":[],"_links":{"self":[{"href":"https:\/\/kraftiapet.com\/cs\/wp-json\/wp\/v2\/product\/3501","targetHints":{"allow":["GET"]}}],"collection":[{"href":"https:\/\/kraftiapet.com\/cs\/wp-json\/wp\/v2\/product"}],"about":[{"href":"https:\/\/kraftiapet.com\/cs\/wp-json\/wp\/v2\/types\/product"}],"replies":[{"embeddable":true,"href":"https:\/\/kraftiapet.com\/cs\/wp-json\/wp\/v2\/comments?post=3501"}],"wp:featuredmedia":[{"embeddable":true,"href":"https:\/\/kraftiapet.com\/cs\/wp-json\/wp\/v2\/media\/3502"}],"wp:attachment":[{"href":"https:\/\/kraftiapet.com\/cs\/wp-json\/wp\/v2\/media?parent=3501"}],"wp:term":[{"taxonomy":"pwb-brand","embeddable":true,"href":"https:\/\/kraftiapet.com\/cs\/wp-json\/wp\/v2\/pwb-brand?post=3501"},{"taxonomy":"product_brand","embeddable":true,"href":"https:\/\/kraftiapet.com\/cs\/wp-json\/wp\/v2\/product_brand?post=3501"},{"taxonomy":"product_cat","embeddable":true,"href":"https:\/\/kraftiapet.com\/cs\/wp-json\/wp\/v2\/product_cat?post=3501"},{"taxonomy":"product_tag","embeddable":true,"href":"https:\/\/kraftiapet.com\/cs\/wp-json\/wp\/v2\/product_tag?post=3501"}],"curies":[{"name":"wp","href":"https:\/\/api.w.org\/{rel}","templated":true}]}}