{"id":3505,"date":"2025-10-07T11:43:47","date_gmt":"2025-10-07T11:43:47","guid":{"rendered":"https:\/\/kraftiapet.com\/?post_type=product&#038;p=3505"},"modified":"2026-03-04T13:34:23","modified_gmt":"2026-03-04T13:34:23","slug":"wjmc-weight-joint-mobility-care","status":"publish","type":"product","link":"https:\/\/kraftiapet.com\/cs\/produkt\/wjmc-weight-joint-mobility-care\/","title":{"rendered":"WJMC Weight &amp; Joint Mobility Care"},"content":{"rendered":"","protected":false},"excerpt":{"rendered":"<p>WJMC Weight &amp; Joint Mobility Care \u2013 Craftia Galena Veterinary je kompletn\u00ed dietn\u00ed krmivo pro psy, formulovan\u00e9 jako veterin\u00e1rn\u00ed dieta pro regulaci hmotnosti a podporu kloub\u016f. Je ur\u010deno ke sn\u00ed\u017een\u00ed nadm\u011brn\u00e9 t\u011blesn\u00e9 hmotnosti a podpo\u0159e metabolismu kloub\u016f v p\u0159\u00edpad\u011b osteoartr\u00f3zy. Dieta se vyzna\u010duje kontrolovan\u00fdm obsahem energie, optim\u00e1ln\u00ed hladinou b\u00edlkovin a c\u00edlen\u00fdmi \u017eivinami pro udr\u017een\u00ed svalov\u00e9 hmoty, podporu integrity chrupavek a zlep\u0161en\u00ed pohyblivosti.  <\/p>\n<p><strong>KDY ZVOLIT GALENA WEIGHT &amp; JOINT MOBILITY CARE?<\/strong><\/p>\n<ul>\n<li>Pro regulaci hmotnosti a kontrolu obezity<\/li>\n<li>Podporuje metabolismus kloub\u016f p\u0159i osteoartr\u00f3ze<\/li>\n<li>Zlep\u0161uje pohyblivost a flexibilitu<\/li>\n<li>Pom\u00e1h\u00e1 udr\u017eovat svalovou hmotu b\u011bhem hubnut\u00ed<\/li>\n<li>Doporu\u010deno pro psy s nadv\u00e1hou nebo star\u0161\u00ed psy se zat\u00ed\u017een\u00edm kloub\u016f<\/li>\n<\/ul>\n","protected":false},"featured_media":3506,"comment_status":"open","ping_status":"closed","template":"","meta":{"_acf_changed":false},"pwb-brand":[],"product_brand":[194],"product_cat":[196,195],"product_tag":[],"class_list":{"0":"post-3505","1":"product","2":"type-product","3":"status-publish","4":"has-post-thumbnail","6":"product_brand-craftia-galena","7":"product_cat-adult-dog","8":"product_cat-dog-food","10":"first","11":"instock","12":"taxable","13":"shipping-taxable","14":"product-type-variable"},"acf":[],"brands":[],"_links":{"self":[{"href":"https:\/\/kraftiapet.com\/cs\/wp-json\/wp\/v2\/product\/3505","targetHints":{"allow":["GET"]}}],"collection":[{"href":"https:\/\/kraftiapet.com\/cs\/wp-json\/wp\/v2\/product"}],"about":[{"href":"https:\/\/kraftiapet.com\/cs\/wp-json\/wp\/v2\/types\/product"}],"replies":[{"embeddable":true,"href":"https:\/\/kraftiapet.com\/cs\/wp-json\/wp\/v2\/comments?post=3505"}],"wp:featuredmedia":[{"embeddable":true,"href":"https:\/\/kraftiapet.com\/cs\/wp-json\/wp\/v2\/media\/3506"}],"wp:attachment":[{"href":"https:\/\/kraftiapet.com\/cs\/wp-json\/wp\/v2\/media?parent=3505"}],"wp:term":[{"taxonomy":"pwb-brand","embeddable":true,"href":"https:\/\/kraftiapet.com\/cs\/wp-json\/wp\/v2\/pwb-brand?post=3505"},{"taxonomy":"product_brand","embeddable":true,"href":"https:\/\/kraftiapet.com\/cs\/wp-json\/wp\/v2\/product_brand?post=3505"},{"taxonomy":"product_cat","embeddable":true,"href":"https:\/\/kraftiapet.com\/cs\/wp-json\/wp\/v2\/product_cat?post=3505"},{"taxonomy":"product_tag","embeddable":true,"href":"https:\/\/kraftiapet.com\/cs\/wp-json\/wp\/v2\/product_tag?post=3505"}],"curies":[{"name":"wp","href":"https:\/\/api.w.org\/{rel}","templated":true}]}}