{"id":3509,"date":"2025-10-07T09:18:46","date_gmt":"2025-10-07T09:18:46","guid":{"rendered":"https:\/\/kraftiapet.com\/?post_type=product&#038;p=3509"},"modified":"2026-03-04T13:36:38","modified_gmt":"2026-03-04T13:36:38","slug":"rc-renal-care","status":"publish","type":"product","link":"https:\/\/kraftiapet.com\/cs\/produkt\/rc-renal-care\/","title":{"rendered":"RC Renal Care"},"content":{"rendered":"","protected":false},"excerpt":{"rendered":"<p>RC Renal Care \u2013 Craftia Galena Veterinary je kompletn\u00ed dietn\u00ed krmivo pro psy, vyvinut\u00e9 jako veterin\u00e1rn\u00ed krmivo na podporu ledvin a p\u00e9\u010di o ledviny. Je ur\u010deno k podpo\u0159e funkce ledvin v p\u0159\u00edpadech chronick\u00e9 nebo do\u010dasn\u00e9 ledvinov\u00e9 nedostate\u010dnosti. Tato specializovan\u00e1 dieta pom\u00e1h\u00e1 sni\u017eovat z\u00e1t\u011b\u017e ledvin, udr\u017euje vyv\u00e1\u017eenou hladinu miner\u00e1l\u016f a podporuje celkovou vitalitu ps\u016f s oslabenou funkc\u00ed ledvin.  <\/p>\n<p><strong>KDY ZVOLIT GALENA RENAL CARE?<\/strong><\/p>\n<ul>\n<li>P\u0159i chronick\u00e9 nebo do\u010dasn\u00e9 ledvinov\u00e9 nedostate\u010dnosti<\/li>\n<li>Podporuje funkci ledvin a detoxikaci<\/li>\n<li>Pom\u00e1h\u00e1 vyrovn\u00e1vat hladinu fosforu a sod\u00edku<\/li>\n<li>Podporuje chu\u0165 k j\u00eddlu a hydrataci<\/li>\n<li>Doporu\u010deno pro psy s onemocn\u011bn\u00edm ledvin nebo s probl\u00e9my s ledvinami souvisej\u00edc\u00edmi se st\u00e1rnut\u00edm<\/li>\n<\/ul>\n","protected":false},"featured_media":3510,"comment_status":"open","ping_status":"closed","template":"","meta":{"_acf_changed":false},"pwb-brand":[],"product_brand":[194],"product_cat":[196,195],"product_tag":[],"class_list":{"0":"post-3509","1":"product","2":"type-product","3":"status-publish","4":"has-post-thumbnail","6":"product_brand-craftia-galena","7":"product_cat-adult-dog","8":"product_cat-dog-food","10":"first","11":"instock","12":"taxable","13":"shipping-taxable","14":"product-type-variable"},"acf":[],"brands":[],"_links":{"self":[{"href":"https:\/\/kraftiapet.com\/cs\/wp-json\/wp\/v2\/product\/3509","targetHints":{"allow":["GET"]}}],"collection":[{"href":"https:\/\/kraftiapet.com\/cs\/wp-json\/wp\/v2\/product"}],"about":[{"href":"https:\/\/kraftiapet.com\/cs\/wp-json\/wp\/v2\/types\/product"}],"replies":[{"embeddable":true,"href":"https:\/\/kraftiapet.com\/cs\/wp-json\/wp\/v2\/comments?post=3509"}],"wp:featuredmedia":[{"embeddable":true,"href":"https:\/\/kraftiapet.com\/cs\/wp-json\/wp\/v2\/media\/3510"}],"wp:attachment":[{"href":"https:\/\/kraftiapet.com\/cs\/wp-json\/wp\/v2\/media?parent=3509"}],"wp:term":[{"taxonomy":"pwb-brand","embeddable":true,"href":"https:\/\/kraftiapet.com\/cs\/wp-json\/wp\/v2\/pwb-brand?post=3509"},{"taxonomy":"product_brand","embeddable":true,"href":"https:\/\/kraftiapet.com\/cs\/wp-json\/wp\/v2\/product_brand?post=3509"},{"taxonomy":"product_cat","embeddable":true,"href":"https:\/\/kraftiapet.com\/cs\/wp-json\/wp\/v2\/product_cat?post=3509"},{"taxonomy":"product_tag","embeddable":true,"href":"https:\/\/kraftiapet.com\/cs\/wp-json\/wp\/v2\/product_tag?post=3509"}],"curies":[{"name":"wp","href":"https:\/\/api.w.org\/{rel}","templated":true}]}}