{"id":3513,"date":"2025-10-07T10:32:58","date_gmt":"2025-10-07T10:32:58","guid":{"rendered":"https:\/\/kraftiapet.com\/?post_type=product&#038;p=3513"},"modified":"2026-03-03T12:05:52","modified_gmt":"2026-03-03T12:05:52","slug":"jc-joint-mobility-care","status":"publish","type":"product","link":"https:\/\/kraftiapet.com\/cs\/produkt\/jc-joint-mobility-care\/","title":{"rendered":"JC Joint &amp; Mobility Care"},"content":{"rendered":"","protected":false},"excerpt":{"rendered":"<p>JC Joint &amp; Mobility Care \u2013 Galena Veterinary je kompletn\u00ed dietn\u00ed krmivo pro dosp\u011bl\u00e9 psy, vyvinut\u00e9 jako veterin\u00e1rn\u00ed krmivo pro podporu kloub\u016f a pohyblivosti. Pom\u00e1h\u00e1 udr\u017eovat metabolismus kloub\u016f v p\u0159\u00edpad\u011b osteoartr\u00f3zy a podporuje flexibilitu, regeneraci chrupavek a celkov\u00fd komfort kloub\u016f. Ide\u00e1ln\u00ed pro dosp\u011bl\u00e9 a star\u0161\u00ed psy trp\u00edc\u00ed ztuhlost\u00ed nebo sn\u00ed\u017eenou pohyblivost\u00ed v d\u016fsledku v\u011bku \u010di nam\u00e1h\u00e1n\u00ed kloub\u016f.  <\/p>\n<p><strong>KDY POU\u017d\u00cdT GALENA JOINT &amp; MOBILITY CARE?<\/strong><\/p>\n<ul>\n<li>Podporuje metabolismus kloub\u016f p\u0159i osteoartr\u00f3ze<\/li>\n<li>Podporuje regeneraci chrupavek a flexibilitu<\/li>\n<li>Zlep\u0161uje pohyblivost a komfort u dosp\u011bl\u00fdch ps\u016f<\/li>\n<li>Doporu\u010deno pro psy se ztuhlost\u00ed nebo bolest\u00ed kloub\u016f<\/li>\n<li>Pom\u00e1h\u00e1 udr\u017eovat dlouhodob\u00e9 zdrav\u00ed kloub\u016f a pohyblivost<\/li>\n<\/ul>\n","protected":false},"featured_media":3514,"comment_status":"open","ping_status":"closed","template":"","meta":{"_acf_changed":false},"pwb-brand":[],"product_brand":[194],"product_cat":[196,195],"product_tag":[],"class_list":{"0":"post-3513","1":"product","2":"type-product","3":"status-publish","4":"has-post-thumbnail","6":"product_brand-craftia-galena","7":"product_cat-adult-dog","8":"product_cat-dog-food","10":"first","11":"instock","12":"taxable","13":"shipping-taxable","14":"product-type-variable"},"acf":[],"brands":[],"_links":{"self":[{"href":"https:\/\/kraftiapet.com\/cs\/wp-json\/wp\/v2\/product\/3513","targetHints":{"allow":["GET"]}}],"collection":[{"href":"https:\/\/kraftiapet.com\/cs\/wp-json\/wp\/v2\/product"}],"about":[{"href":"https:\/\/kraftiapet.com\/cs\/wp-json\/wp\/v2\/types\/product"}],"replies":[{"embeddable":true,"href":"https:\/\/kraftiapet.com\/cs\/wp-json\/wp\/v2\/comments?post=3513"}],"wp:featuredmedia":[{"embeddable":true,"href":"https:\/\/kraftiapet.com\/cs\/wp-json\/wp\/v2\/media\/3514"}],"wp:attachment":[{"href":"https:\/\/kraftiapet.com\/cs\/wp-json\/wp\/v2\/media?parent=3513"}],"wp:term":[{"taxonomy":"pwb-brand","embeddable":true,"href":"https:\/\/kraftiapet.com\/cs\/wp-json\/wp\/v2\/pwb-brand?post=3513"},{"taxonomy":"product_brand","embeddable":true,"href":"https:\/\/kraftiapet.com\/cs\/wp-json\/wp\/v2\/product_brand?post=3513"},{"taxonomy":"product_cat","embeddable":true,"href":"https:\/\/kraftiapet.com\/cs\/wp-json\/wp\/v2\/product_cat?post=3513"},{"taxonomy":"product_tag","embeddable":true,"href":"https:\/\/kraftiapet.com\/cs\/wp-json\/wp\/v2\/product_tag?post=3513"}],"curies":[{"name":"wp","href":"https:\/\/api.w.org\/{rel}","templated":true}]}}