{"id":3525,"date":"2025-10-06T12:29:44","date_gmt":"2025-10-06T12:29:44","guid":{"rendered":"https:\/\/kraftiapet.com\/?post_type=product&#038;p=3525"},"modified":"2026-03-04T13:40:36","modified_gmt":"2026-03-04T13:40:36","slug":"hdc-hypoallergenic-derm-care-2","status":"publish","type":"product","link":"https:\/\/kraftiapet.com\/cs\/produkt\/hdc-hypoallergenic-derm-care-2\/","title":{"rendered":"HDC Hypoallergenic Derm Care"},"content":{"rendered":"","protected":false},"excerpt":{"rendered":"<p>HDC Hypoallergenic Derm Care \u2013 Craftia Galena Veterinary je kompletn\u00ed dietn\u00ed krmivo pro ko\u010dky, vyvinut\u00e9 pro podporu p\u0159i ko\u017en\u00edch alergi\u00edch a dermat\u00f3z\u00e1ch. Podporuje funkci k\u016f\u017ee v p\u0159\u00edpadech dermat\u00f3zy a nadm\u011brn\u00e9ho vypad\u00e1v\u00e1n\u00ed srsti a pom\u00e1h\u00e1 sni\u017eovat intoleranci p\u0159\u00edsad a \u017eivin. Receptura obsahuje vysok\u00fd pod\u00edl kyseliny linolov\u00e9 (LA), kyseliny eikosapentaenov\u00e9 (EPA) a dokosahexaenov\u00e9 (DHA) pro v\u00fd\u017eivu k\u016f\u017ee, zlep\u0161en\u00ed kvality srsti a zachov\u00e1n\u00ed p\u0159irozen\u00e9 ochrann\u00e9 bari\u00e9ry.  <\/p>\n<p><strong>KDY POU\u017d\u00cdT GALENA HYPOALLERGENIC DERM CARE?<\/strong><\/p>\n<ul>\n<li>Pro ko\u010dky s intoleranc\u00ed na slo\u017eky nebo \u017eiviny<\/li>\n<li>V p\u0159\u00edpadech dermat\u00f3zy nebo nadm\u011brn\u00e9ho vypad\u00e1v\u00e1n\u00ed srsti<\/li>\n<li>Podporuje zdravou regeneraci k\u016f\u017ee<\/li>\n<li>Pom\u00e1h\u00e1 sni\u017eovat sv\u011bd\u011bn\u00ed a podr\u00e1\u017ed\u011bn\u00ed<\/li>\n<li>Podporuje lesklou a zdravou srst<\/li>\n<li>Doporu\u010deno pro ko\u010dky se sklonem k alergick\u00fdm ko\u017en\u00edm reakc\u00edm<\/li>\n<\/ul>\n","protected":false},"featured_media":3526,"comment_status":"open","ping_status":"closed","template":"","meta":{"_acf_changed":false},"pwb-brand":[],"product_brand":[194],"product_cat":[201,200],"product_tag":[],"class_list":{"0":"post-3525","1":"product","2":"type-product","3":"status-publish","4":"has-post-thumbnail","6":"product_brand-craftia-galena","7":"product_cat-adult-cat","8":"product_cat-cat-food","10":"first","11":"instock","12":"taxable","13":"shipping-taxable","14":"product-type-variable"},"acf":[],"brands":[],"_links":{"self":[{"href":"https:\/\/kraftiapet.com\/cs\/wp-json\/wp\/v2\/product\/3525","targetHints":{"allow":["GET"]}}],"collection":[{"href":"https:\/\/kraftiapet.com\/cs\/wp-json\/wp\/v2\/product"}],"about":[{"href":"https:\/\/kraftiapet.com\/cs\/wp-json\/wp\/v2\/types\/product"}],"replies":[{"embeddable":true,"href":"https:\/\/kraftiapet.com\/cs\/wp-json\/wp\/v2\/comments?post=3525"}],"wp:featuredmedia":[{"embeddable":true,"href":"https:\/\/kraftiapet.com\/cs\/wp-json\/wp\/v2\/media\/3526"}],"wp:attachment":[{"href":"https:\/\/kraftiapet.com\/cs\/wp-json\/wp\/v2\/media?parent=3525"}],"wp:term":[{"taxonomy":"pwb-brand","embeddable":true,"href":"https:\/\/kraftiapet.com\/cs\/wp-json\/wp\/v2\/pwb-brand?post=3525"},{"taxonomy":"product_brand","embeddable":true,"href":"https:\/\/kraftiapet.com\/cs\/wp-json\/wp\/v2\/product_brand?post=3525"},{"taxonomy":"product_cat","embeddable":true,"href":"https:\/\/kraftiapet.com\/cs\/wp-json\/wp\/v2\/product_cat?post=3525"},{"taxonomy":"product_tag","embeddable":true,"href":"https:\/\/kraftiapet.com\/cs\/wp-json\/wp\/v2\/product_tag?post=3525"}],"curies":[{"name":"wp","href":"https:\/\/api.w.org\/{rel}","templated":true}]}}