{"id":3529,"date":"2025-10-06T12:22:23","date_gmt":"2025-10-06T12:22:23","guid":{"rendered":"https:\/\/kraftiapet.com\/?post_type=product&#038;p=3529"},"modified":"2026-03-04T13:41:01","modified_gmt":"2026-03-04T13:41:01","slug":"rcc-recovery-convalescence-care-2","status":"publish","type":"product","link":"https:\/\/kraftiapet.com\/cs\/produkt\/rcc-recovery-convalescence-care-2\/","title":{"rendered":"RCC Recovery &amp; Convalescence Care"},"content":{"rendered":"","protected":false},"excerpt":{"rendered":"<p>RCC Recovery &amp; Convalescence Care \u2013 Craftia Galena Veterinary je kompletn\u00ed dietn\u00ed krmivo pro ko\u010dky, formulovan\u00e9 jako veterin\u00e1rn\u00ed krmivo pro zotaven\u00ed a rekonvalescenci. Podporuje nutri\u010dn\u00ed obnovu b\u011bhem nemoci, po operaci nebo v obdob\u00ed rekonvalescence d\u00edky vysok\u00e9 energetick\u00e9 hustot\u011b, esenci\u00e1ln\u00edm \u017eivin\u00e1m a lehce straviteln\u00fdm slo\u017ek\u00e1m. Receptura pom\u00e1h\u00e1 obnovit chu\u0165 k j\u00eddlu, podporuje regeneraci tk\u00e1n\u00ed a metabolick\u00e9 zotaven\u00ed u oslaben\u00fdch nebo podvy\u017eiven\u00fdch ko\u010dek.  <\/p>\n<p><strong>KDY POU\u017d\u00cdT GALENA RECOVERY &amp; CONVALESCENCE CARE?<\/strong><\/p>\n<ul>\n<li>Pro nutri\u010dn\u00ed obnovu po nemoci nebo operaci<\/li>\n<li>Podporuje rekonvalescenci a obnovu energie<\/li>\n<li>Vysokoenergetick\u00e9 slo\u017een\u00ed s vysok\u00fdm obsahem \u017eivin<\/li>\n<li>Stimuluje chu\u0165 k j\u00eddlu a vitalitu<\/li>\n<li>Doporu\u010deno pro oslaben\u00e9 ko\u010dky nebo ko\u010dky s podv\u00e1hou<\/li>\n<\/ul>\n","protected":false},"featured_media":3530,"comment_status":"open","ping_status":"closed","template":"","meta":{"_acf_changed":false},"pwb-brand":[],"product_brand":[194],"product_cat":[201,200],"product_tag":[],"class_list":{"0":"post-3529","1":"product","2":"type-product","3":"status-publish","4":"has-post-thumbnail","6":"product_brand-craftia-galena","7":"product_cat-adult-cat","8":"product_cat-cat-food","10":"first","11":"instock","12":"taxable","13":"shipping-taxable","14":"product-type-variable"},"acf":[],"brands":[],"_links":{"self":[{"href":"https:\/\/kraftiapet.com\/cs\/wp-json\/wp\/v2\/product\/3529","targetHints":{"allow":["GET"]}}],"collection":[{"href":"https:\/\/kraftiapet.com\/cs\/wp-json\/wp\/v2\/product"}],"about":[{"href":"https:\/\/kraftiapet.com\/cs\/wp-json\/wp\/v2\/types\/product"}],"replies":[{"embeddable":true,"href":"https:\/\/kraftiapet.com\/cs\/wp-json\/wp\/v2\/comments?post=3529"}],"wp:featuredmedia":[{"embeddable":true,"href":"https:\/\/kraftiapet.com\/cs\/wp-json\/wp\/v2\/media\/3530"}],"wp:attachment":[{"href":"https:\/\/kraftiapet.com\/cs\/wp-json\/wp\/v2\/media?parent=3529"}],"wp:term":[{"taxonomy":"pwb-brand","embeddable":true,"href":"https:\/\/kraftiapet.com\/cs\/wp-json\/wp\/v2\/pwb-brand?post=3529"},{"taxonomy":"product_brand","embeddable":true,"href":"https:\/\/kraftiapet.com\/cs\/wp-json\/wp\/v2\/product_brand?post=3529"},{"taxonomy":"product_cat","embeddable":true,"href":"https:\/\/kraftiapet.com\/cs\/wp-json\/wp\/v2\/product_cat?post=3529"},{"taxonomy":"product_tag","embeddable":true,"href":"https:\/\/kraftiapet.com\/cs\/wp-json\/wp\/v2\/product_tag?post=3529"}],"curies":[{"name":"wp","href":"https:\/\/api.w.org\/{rel}","templated":true}]}}