{"id":3537,"date":"2025-10-07T05:48:17","date_gmt":"2025-10-07T05:48:17","guid":{"rendered":"https:\/\/kraftiapet.com\/?post_type=product&#038;p=3537"},"modified":"2026-03-04T13:39:29","modified_gmt":"2026-03-04T13:39:29","slug":"wjmc-weight-joint-mobility-care-2","status":"publish","type":"product","link":"https:\/\/kraftiapet.com\/cs\/produkt\/wjmc-weight-joint-mobility-care-2\/","title":{"rendered":"WJMC Weight &amp; Joint Mobility Care"},"content":{"rendered":"","protected":false},"excerpt":{"rendered":"<p>WJMC Weight &amp; Joint Mobility Care \u2013 Craftia Galena Veterinary je kompletn\u00ed dietn\u00ed krmivo pro ko\u010dky, sestaven\u00e9 jako veterin\u00e1rn\u00ed krmivo pro regulaci hmotnosti a podporu kloub\u016f. Pom\u00e1h\u00e1 sni\u017eovat nadm\u011brnou t\u011blesnou hmotnost a podporuje metabolismus kloub\u016f v p\u0159\u00edpad\u011b osteoartr\u00f3zy. Vyv\u00e1\u017een\u00e1 receptura obsahuje kontrolovanou hladinu energie a z\u00e1kladn\u00ed \u017eiviny pro zachov\u00e1n\u00ed svalov\u00e9 hmoty, udr\u017een\u00ed flexibility a podporu pohodl\u00ed u ko\u010dek s nadv\u00e1hou nebo u star\u0161\u00edch ko\u010dek.  <\/p>\n<p><strong>KDY ZVOLIT GALENA WEIGHT &amp; JOINT MOBILITY CARE?<\/strong><\/p>\n<ul>\n<li>Pro sn\u00ed\u017een\u00ed a kontrolu nadm\u011brn\u00e9 t\u011blesn\u00e9 hmotnosti<\/li>\n<li>Podporuje metabolismus kloub\u016f p\u0159i osteoartr\u00f3ze<\/li>\n<li>Zlep\u0161uje pohyblivost a flexibilitu<\/li>\n<li>Pom\u00e1h\u00e1 udr\u017eovat svalovou hmotu b\u011bhem hubnut\u00ed<\/li>\n<li>Doporu\u010deno pro ko\u010dky s nadv\u00e1hou, seniory nebo m\u00e9n\u011b aktivn\u00ed ko\u010dky<\/li>\n<\/ul>\n","protected":false},"featured_media":3538,"comment_status":"open","ping_status":"closed","template":"","meta":{"_acf_changed":false},"pwb-brand":[],"product_brand":[194],"product_cat":[201,200],"product_tag":[],"class_list":{"0":"post-3537","1":"product","2":"type-product","3":"status-publish","4":"has-post-thumbnail","6":"product_brand-craftia-galena","7":"product_cat-adult-cat","8":"product_cat-cat-food","10":"first","11":"instock","12":"taxable","13":"shipping-taxable","14":"product-type-variable"},"acf":[],"brands":[],"_links":{"self":[{"href":"https:\/\/kraftiapet.com\/cs\/wp-json\/wp\/v2\/product\/3537","targetHints":{"allow":["GET"]}}],"collection":[{"href":"https:\/\/kraftiapet.com\/cs\/wp-json\/wp\/v2\/product"}],"about":[{"href":"https:\/\/kraftiapet.com\/cs\/wp-json\/wp\/v2\/types\/product"}],"replies":[{"embeddable":true,"href":"https:\/\/kraftiapet.com\/cs\/wp-json\/wp\/v2\/comments?post=3537"}],"wp:featuredmedia":[{"embeddable":true,"href":"https:\/\/kraftiapet.com\/cs\/wp-json\/wp\/v2\/media\/3538"}],"wp:attachment":[{"href":"https:\/\/kraftiapet.com\/cs\/wp-json\/wp\/v2\/media?parent=3537"}],"wp:term":[{"taxonomy":"pwb-brand","embeddable":true,"href":"https:\/\/kraftiapet.com\/cs\/wp-json\/wp\/v2\/pwb-brand?post=3537"},{"taxonomy":"product_brand","embeddable":true,"href":"https:\/\/kraftiapet.com\/cs\/wp-json\/wp\/v2\/product_brand?post=3537"},{"taxonomy":"product_cat","embeddable":true,"href":"https:\/\/kraftiapet.com\/cs\/wp-json\/wp\/v2\/product_cat?post=3537"},{"taxonomy":"product_tag","embeddable":true,"href":"https:\/\/kraftiapet.com\/cs\/wp-json\/wp\/v2\/product_tag?post=3537"}],"curies":[{"name":"wp","href":"https:\/\/api.w.org\/{rel}","templated":true}]}}