{"id":3541,"date":"2025-10-06T11:58:33","date_gmt":"2025-10-06T11:58:33","guid":{"rendered":"https:\/\/kraftiapet.com\/?post_type=product&#038;p=3541"},"modified":"2026-03-03T12:32:55","modified_gmt":"2026-03-03T12:32:55","slug":"gc-gastrointestinal-care-2","status":"publish","type":"product","link":"https:\/\/kraftiapet.com\/cs\/produkt\/gc-gastrointestinal-care-2\/","title":{"rendered":"GC Gastrointestinal Care"},"content":{"rendered":"","protected":false},"excerpt":{"rendered":"<p>&lt;p&gt;GC Gastrointestinal Care \u2013 Craftia Galena Veterinary je kompletn\u00ed dietn\u00ed krmivo pro ko\u010dky, formulovan\u00e9 jako veterin\u00e1rn\u00ed krmivo pro podporu tr\u00e1ven\u00ed a p\u00e9\u010di o gastrointestin\u00e1ln\u00ed trakt. Je ur\u010deno k omezen\u00ed st\u0159evn\u00edch resorp\u010dn\u00edch onemocn\u011bn\u00ed a jako kompenzace maldigesce a exokrinn\u00ed pankreatick\u00e9 nedostate\u010dnosti. Dieta obsahuje vysoce straviteln\u00e9 suroviny se zv\u00fd\u0161enou hladinou sod\u00edku a drasl\u00edku pro stabilizaci elektrolytov\u00e9 rovnov\u00e1hy, podporu regenerace st\u0159ev a zlep\u0161en\u00ed asimilace \u017eivin.  &lt;\/p&gt;<br \/>\n&lt;p&gt;&lt;strong&gt;KDY ZVOLIT GALENA GASTROINTESTINAL CARE?&lt;\/strong&gt;&lt;\/p&gt;<br \/>\n&lt;ul&gt;<br \/>\n&lt;li&gt;Pro omezen\u00ed st\u0159evn\u00edch resorp\u010dn\u00edch onemocn\u011bn\u00ed&lt;\/li&gt;<br \/>\n&lt;li&gt;Jako kompenzace maldigesce nebo pankreatick\u00e9 nedostate\u010dnosti&lt;\/li&gt;<br \/>\n&lt;li&gt;Podporuje tr\u00e1ven\u00ed a vst\u0159eb\u00e1v\u00e1n\u00ed \u017eivin&lt;\/li&gt;<br \/>\n&lt;li&gt;Zvy\u0161uje stabilitu elektrolyt\u016f d\u00edky sod\u00edku a drasl\u00edku&lt;\/li&gt;<br \/>\n&lt;li&gt;Doporu\u010deno pro ko\u010dky s chronick\u00fdmi nebo akutn\u00edmi gastrointestin\u00e1ln\u00edmi pot\u00ed\u017eemi&lt;\/li&gt;<br \/>\n&lt;\/ul&gt;<\/p>\n","protected":false},"featured_media":3542,"comment_status":"open","ping_status":"closed","template":"","meta":{"_acf_changed":false},"pwb-brand":[],"product_brand":[194],"product_cat":[201,200],"product_tag":[],"class_list":{"0":"post-3541","1":"product","2":"type-product","3":"status-publish","4":"has-post-thumbnail","6":"product_brand-craftia-galena","7":"product_cat-adult-cat","8":"product_cat-cat-food","10":"first","11":"instock","12":"taxable","13":"shipping-taxable","14":"product-type-variable"},"acf":[],"brands":[],"_links":{"self":[{"href":"https:\/\/kraftiapet.com\/cs\/wp-json\/wp\/v2\/product\/3541","targetHints":{"allow":["GET"]}}],"collection":[{"href":"https:\/\/kraftiapet.com\/cs\/wp-json\/wp\/v2\/product"}],"about":[{"href":"https:\/\/kraftiapet.com\/cs\/wp-json\/wp\/v2\/types\/product"}],"replies":[{"embeddable":true,"href":"https:\/\/kraftiapet.com\/cs\/wp-json\/wp\/v2\/comments?post=3541"}],"wp:featuredmedia":[{"embeddable":true,"href":"https:\/\/kraftiapet.com\/cs\/wp-json\/wp\/v2\/media\/3542"}],"wp:attachment":[{"href":"https:\/\/kraftiapet.com\/cs\/wp-json\/wp\/v2\/media?parent=3541"}],"wp:term":[{"taxonomy":"pwb-brand","embeddable":true,"href":"https:\/\/kraftiapet.com\/cs\/wp-json\/wp\/v2\/pwb-brand?post=3541"},{"taxonomy":"product_brand","embeddable":true,"href":"https:\/\/kraftiapet.com\/cs\/wp-json\/wp\/v2\/product_brand?post=3541"},{"taxonomy":"product_cat","embeddable":true,"href":"https:\/\/kraftiapet.com\/cs\/wp-json\/wp\/v2\/product_cat?post=3541"},{"taxonomy":"product_tag","embeddable":true,"href":"https:\/\/kraftiapet.com\/cs\/wp-json\/wp\/v2\/product_tag?post=3541"}],"curies":[{"name":"wp","href":"https:\/\/api.w.org\/{rel}","templated":true}]}}