{"id":3585,"date":"2025-10-04T21:22:11","date_gmt":"2025-10-04T21:22:11","guid":{"rendered":"https:\/\/kraftiapet.com\/?post_type=product&#038;p=3585"},"modified":"2026-03-04T11:48:18","modified_gmt":"2026-03-04T11:48:18","slug":"lamb-with-brown-rice-4","status":"publish","type":"product","link":"https:\/\/kraftiapet.com\/cs\/produkt\/lamb-with-brown-rice-4\/","title":{"rendered":"Lamb with Brown Rice"},"content":{"rendered":"","protected":false},"excerpt":{"rendered":"<p>Vida Nativa Lamb &amp; Brown Rice je pr\u00e9miov\u00e9 p\u0159\u00edrodn\u00ed krmivo pro \u0161t\u011b\u0148ata st\u0159edn\u00edch a velk\u00fdch plemen s jehn\u011b\u010d\u00edm masem a hn\u011bdou r\u00fd\u017e\u00ed. Jehn\u011b\u010d\u00ed a hn\u011bd\u00e1 r\u00fd\u017ee tvo\u0159\u00ed v\u00fdjime\u010dnou nutri\u010dn\u00ed kombinaci. Zat\u00edmco jehn\u011b\u010d\u00ed maso je kl\u00ed\u010dov\u00e9 pro budov\u00e1n\u00ed a udr\u017een\u00ed zdrav\u00fdch sval\u016f, k\u016f\u017ee a srsti, hn\u011bd\u00e1 r\u00fd\u017ee podporuje metabolismus. Tato receptura je spr\u00e1vnou, a nav\u00edc i chutnou volbou.<\/p>\n","protected":false},"featured_media":3586,"comment_status":"open","ping_status":"closed","template":"","meta":{"_acf_changed":false},"pwb-brand":[],"product_brand":[208],"product_cat":[196,195],"product_tag":[],"class_list":{"0":"post-3585","1":"product","2":"type-product","3":"status-publish","4":"has-post-thumbnail","6":"product_brand-vida-nativa","7":"product_cat-adult-dog","8":"product_cat-dog-food","10":"first","11":"instock","12":"taxable","13":"shipping-taxable","14":"product-type-variable"},"acf":[],"brands":[],"_links":{"self":[{"href":"https:\/\/kraftiapet.com\/cs\/wp-json\/wp\/v2\/product\/3585","targetHints":{"allow":["GET"]}}],"collection":[{"href":"https:\/\/kraftiapet.com\/cs\/wp-json\/wp\/v2\/product"}],"about":[{"href":"https:\/\/kraftiapet.com\/cs\/wp-json\/wp\/v2\/types\/product"}],"replies":[{"embeddable":true,"href":"https:\/\/kraftiapet.com\/cs\/wp-json\/wp\/v2\/comments?post=3585"}],"wp:featuredmedia":[{"embeddable":true,"href":"https:\/\/kraftiapet.com\/cs\/wp-json\/wp\/v2\/media\/3586"}],"wp:attachment":[{"href":"https:\/\/kraftiapet.com\/cs\/wp-json\/wp\/v2\/media?parent=3585"}],"wp:term":[{"taxonomy":"pwb-brand","embeddable":true,"href":"https:\/\/kraftiapet.com\/cs\/wp-json\/wp\/v2\/pwb-brand?post=3585"},{"taxonomy":"product_brand","embeddable":true,"href":"https:\/\/kraftiapet.com\/cs\/wp-json\/wp\/v2\/product_brand?post=3585"},{"taxonomy":"product_cat","embeddable":true,"href":"https:\/\/kraftiapet.com\/cs\/wp-json\/wp\/v2\/product_cat?post=3585"},{"taxonomy":"product_tag","embeddable":true,"href":"https:\/\/kraftiapet.com\/cs\/wp-json\/wp\/v2\/product_tag?post=3585"}],"curies":[{"name":"wp","href":"https:\/\/api.w.org\/{rel}","templated":true}]}}