{"id":3615,"date":"2025-10-02T07:43:10","date_gmt":"2025-10-02T07:43:10","guid":{"rendered":"https:\/\/kraftiapet.com\/?post_type=product&#038;p=3615"},"modified":"2026-03-04T11:52:19","modified_gmt":"2026-03-04T11:52:19","slug":"salmon-with-butternut-squash-for-sterilised-cats","status":"publish","type":"product","link":"https:\/\/kraftiapet.com\/cs\/produkt\/salmon-with-butternut-squash-for-sterilised-cats\/","title":{"rendered":"Salmon with Butternut Squash for Sterilised Cats"},"content":{"rendered":"","protected":false},"excerpt":{"rendered":"<p>Vida Nativa Salmon &amp; Butternut je pr\u00e9miov\u00e9 p\u0159\u00edrodn\u00ed krmivo pro kastrovan\u00e9 ko\u010dky s lososem a m\u00e1slovou d\u00fdn\u00ed. Losos a m\u00e1slov\u00e1 d\u00fdn\u011b p\u0159edstavuj\u00ed skute\u010dnou pochoutku a mnoha zp\u016fsoby podporuj\u00ed zdrav\u00ed va\u0161eho mazl\u00ed\u010dka: losos je skv\u011bl\u00fdm zdrojem lehce straviteln\u00fdch b\u00edlkovin a je vynikaj\u00edc\u00ed pro zdravou k\u016f\u017ei a lesklou srst, zat\u00edmco m\u00e1slov\u00e1 d\u00fdn\u011b a jablka tvo\u0159\u00ed z\u00e1klad pro zdrav\u00fd tr\u00e1vic\u00ed syst\u00e9m a celkovou pohodu.<\/p>\n","protected":false},"featured_media":3616,"comment_status":"open","ping_status":"closed","template":"","meta":{"_acf_changed":false},"pwb-brand":[],"product_brand":[208],"product_cat":[201,200],"product_tag":[],"class_list":{"0":"post-3615","1":"product","2":"type-product","3":"status-publish","4":"has-post-thumbnail","6":"product_brand-vida-nativa","7":"product_cat-adult-cat","8":"product_cat-cat-food","10":"first","11":"instock","12":"taxable","13":"shipping-taxable","14":"product-type-variable"},"acf":[],"brands":[],"_links":{"self":[{"href":"https:\/\/kraftiapet.com\/cs\/wp-json\/wp\/v2\/product\/3615","targetHints":{"allow":["GET"]}}],"collection":[{"href":"https:\/\/kraftiapet.com\/cs\/wp-json\/wp\/v2\/product"}],"about":[{"href":"https:\/\/kraftiapet.com\/cs\/wp-json\/wp\/v2\/types\/product"}],"replies":[{"embeddable":true,"href":"https:\/\/kraftiapet.com\/cs\/wp-json\/wp\/v2\/comments?post=3615"}],"wp:featuredmedia":[{"embeddable":true,"href":"https:\/\/kraftiapet.com\/cs\/wp-json\/wp\/v2\/media\/3616"}],"wp:attachment":[{"href":"https:\/\/kraftiapet.com\/cs\/wp-json\/wp\/v2\/media?parent=3615"}],"wp:term":[{"taxonomy":"pwb-brand","embeddable":true,"href":"https:\/\/kraftiapet.com\/cs\/wp-json\/wp\/v2\/pwb-brand?post=3615"},{"taxonomy":"product_brand","embeddable":true,"href":"https:\/\/kraftiapet.com\/cs\/wp-json\/wp\/v2\/product_brand?post=3615"},{"taxonomy":"product_cat","embeddable":true,"href":"https:\/\/kraftiapet.com\/cs\/wp-json\/wp\/v2\/product_cat?post=3615"},{"taxonomy":"product_tag","embeddable":true,"href":"https:\/\/kraftiapet.com\/cs\/wp-json\/wp\/v2\/product_tag?post=3615"}],"curies":[{"name":"wp","href":"https:\/\/api.w.org\/{rel}","templated":true}]}}