{"id":3620,"date":"2025-10-02T09:14:07","date_gmt":"2025-10-02T09:14:07","guid":{"rendered":"https:\/\/kraftiapet.com\/?post_type=product&#038;p=3620"},"modified":"2026-03-04T11:51:24","modified_gmt":"2026-03-04T11:51:24","slug":"rich-in-ocean-fish-with-salmon-super-veggies","status":"publish","type":"product","link":"https:\/\/kraftiapet.com\/cs\/produkt\/rich-in-ocean-fish-with-salmon-super-veggies\/","title":{"rendered":"Rich in Ocean Fish With Salmon &amp; Super Veggies"},"content":{"rendered":"","protected":false},"excerpt":{"rendered":"<p>Vida Super Ocean Fish &amp; Salmon je pr\u00e9miov\u00e9 krmivo pro ko\u010dky s mo\u0159sk\u00fdmi rybami, lososem a zeleninou. Chutn\u00e9 j\u00eddlo, kter\u00e9 si ko\u010dky naprosto zamiluj\u00ed. D\u00edky mo\u0159sk\u00fdm ryb\u00e1m a lososu, kte\u0159\u00ed jsou skv\u011bl\u00ed pro k\u016f\u017ei a z\u00e1\u0159ivou srst, a d\u00fdni bohat\u00e9 na vl\u00e1kninu je pln\u00e9 z\u00e1kladn\u00edch \u017eivin, kter\u00e9 zaji\u0161\u0165uj\u00ed rovnov\u00e1hu t\u011bla i mysli.<\/p>\n","protected":false},"featured_media":3621,"comment_status":"open","ping_status":"closed","template":"","meta":{"_acf_changed":false},"pwb-brand":[],"product_brand":[218],"product_cat":[201,200],"product_tag":[],"class_list":{"0":"post-3620","1":"product","2":"type-product","3":"status-publish","4":"has-post-thumbnail","6":"product_brand-vida-super","7":"product_cat-adult-cat","8":"product_cat-cat-food","10":"first","11":"instock","12":"taxable","13":"shipping-taxable","14":"product-type-variable"},"acf":[],"brands":[],"_links":{"self":[{"href":"https:\/\/kraftiapet.com\/cs\/wp-json\/wp\/v2\/product\/3620","targetHints":{"allow":["GET"]}}],"collection":[{"href":"https:\/\/kraftiapet.com\/cs\/wp-json\/wp\/v2\/product"}],"about":[{"href":"https:\/\/kraftiapet.com\/cs\/wp-json\/wp\/v2\/types\/product"}],"replies":[{"embeddable":true,"href":"https:\/\/kraftiapet.com\/cs\/wp-json\/wp\/v2\/comments?post=3620"}],"wp:featuredmedia":[{"embeddable":true,"href":"https:\/\/kraftiapet.com\/cs\/wp-json\/wp\/v2\/media\/3621"}],"wp:attachment":[{"href":"https:\/\/kraftiapet.com\/cs\/wp-json\/wp\/v2\/media?parent=3620"}],"wp:term":[{"taxonomy":"pwb-brand","embeddable":true,"href":"https:\/\/kraftiapet.com\/cs\/wp-json\/wp\/v2\/pwb-brand?post=3620"},{"taxonomy":"product_brand","embeddable":true,"href":"https:\/\/kraftiapet.com\/cs\/wp-json\/wp\/v2\/product_brand?post=3620"},{"taxonomy":"product_cat","embeddable":true,"href":"https:\/\/kraftiapet.com\/cs\/wp-json\/wp\/v2\/product_cat?post=3620"},{"taxonomy":"product_tag","embeddable":true,"href":"https:\/\/kraftiapet.com\/cs\/wp-json\/wp\/v2\/product_tag?post=3620"}],"curies":[{"name":"wp","href":"https:\/\/api.w.org\/{rel}","templated":true}]}}