{"id":3625,"date":"2025-10-02T09:33:47","date_gmt":"2025-10-02T09:33:47","guid":{"rendered":"https:\/\/kraftiapet.com\/?post_type=product&#038;p=3625"},"modified":"2026-03-04T11:51:08","modified_gmt":"2026-03-04T11:51:08","slug":"chicken-with-lamb-super-veggies","status":"publish","type":"product","link":"https:\/\/kraftiapet.com\/cs\/produkt\/chicken-with-lamb-super-veggies\/","title":{"rendered":"Chicken With Lamb &amp; Super Veggies"},"content":{"rendered":"","protected":false},"excerpt":{"rendered":"<p>Vida Super Chicken, Lamb &amp; Veggies je pr\u00e9miov\u00e9 krmivo pro \u0161t\u011b\u0148ata st\u0159edn\u00edch a velk\u00fdch plemen s ku\u0159ec\u00edm, jehn\u011b\u010d\u00edm a zeleninou. Ku\u0159ec\u00ed a jehn\u011b\u010d\u00ed maso tvo\u0159\u00ed lahodnou a zdravou kombinaci. Tato sm\u011bs je skv\u011bl\u00fdm zdrojem b\u00edlkovin, kter\u00e9 jsou nezbytn\u00e9 pro siln\u00e9 kosti a zdrav\u00e9 klouby, zat\u00edmco superpotraviny jako zelenina poskytuj\u00ed vl\u00e1kninu a antioxidanty, kter\u00e9 pom\u00e1haj\u00ed posilovat imunitn\u00ed syst\u00e9m.<\/p>\n","protected":false},"featured_media":3626,"comment_status":"open","ping_status":"closed","template":"","meta":{"_acf_changed":false},"pwb-brand":[],"product_brand":[218],"product_cat":[209,195],"product_tag":[],"class_list":{"0":"post-3625","1":"product","2":"type-product","3":"status-publish","4":"has-post-thumbnail","6":"product_brand-vida-super","7":"product_cat-puppy","8":"product_cat-dog-food","10":"first","11":"instock","12":"taxable","13":"shipping-taxable","14":"product-type-variable"},"acf":[],"brands":[],"_links":{"self":[{"href":"https:\/\/kraftiapet.com\/cs\/wp-json\/wp\/v2\/product\/3625","targetHints":{"allow":["GET"]}}],"collection":[{"href":"https:\/\/kraftiapet.com\/cs\/wp-json\/wp\/v2\/product"}],"about":[{"href":"https:\/\/kraftiapet.com\/cs\/wp-json\/wp\/v2\/types\/product"}],"replies":[{"embeddable":true,"href":"https:\/\/kraftiapet.com\/cs\/wp-json\/wp\/v2\/comments?post=3625"}],"wp:featuredmedia":[{"embeddable":true,"href":"https:\/\/kraftiapet.com\/cs\/wp-json\/wp\/v2\/media\/3626"}],"wp:attachment":[{"href":"https:\/\/kraftiapet.com\/cs\/wp-json\/wp\/v2\/media?parent=3625"}],"wp:term":[{"taxonomy":"pwb-brand","embeddable":true,"href":"https:\/\/kraftiapet.com\/cs\/wp-json\/wp\/v2\/pwb-brand?post=3625"},{"taxonomy":"product_brand","embeddable":true,"href":"https:\/\/kraftiapet.com\/cs\/wp-json\/wp\/v2\/product_brand?post=3625"},{"taxonomy":"product_cat","embeddable":true,"href":"https:\/\/kraftiapet.com\/cs\/wp-json\/wp\/v2\/product_cat?post=3625"},{"taxonomy":"product_tag","embeddable":true,"href":"https:\/\/kraftiapet.com\/cs\/wp-json\/wp\/v2\/product_tag?post=3625"}],"curies":[{"name":"wp","href":"https:\/\/api.w.org\/{rel}","templated":true}]}}