{"id":3629,"date":"2025-10-02T07:02:22","date_gmt":"2025-10-02T07:02:22","guid":{"rendered":"https:\/\/kraftiapet.com\/?post_type=product&#038;p=3629"},"modified":"2026-03-04T11:52:45","modified_gmt":"2026-03-04T11:52:45","slug":"chicken-with-super-veggies","status":"publish","type":"product","link":"https:\/\/kraftiapet.com\/cs\/produkt\/chicken-with-super-veggies\/","title":{"rendered":"Chicken With Super Veggies"},"content":{"rendered":"","protected":false},"excerpt":{"rendered":"<p>Vida Super Chicken &amp; Veggies je pr\u00e9miov\u00e9 krmivo pro ko\u010dky s ku\u0159ec\u00edm masem a zeleninou. Chutn\u00e1 kombinace s ku\u0159ec\u00edm masem bohat\u00fdm na b\u00edlkoviny, aminokyseliny a glukosamin, kter\u00e9 jsou nezbytn\u00e9 pro zdrav\u00e9 klouby. Zelenina jako mrkev a jablka podporuje zdrav\u00ed o\u010d\u00ed a spr\u00e1vn\u00e9 tr\u00e1ven\u00ed.<\/p>\n","protected":false},"featured_media":3630,"comment_status":"open","ping_status":"closed","template":"","meta":{"_acf_changed":false},"pwb-brand":[],"product_brand":[218],"product_cat":[201,200],"product_tag":[],"class_list":{"0":"post-3629","1":"product","2":"type-product","3":"status-publish","4":"has-post-thumbnail","6":"product_brand-vida-super","7":"product_cat-adult-cat","8":"product_cat-cat-food","10":"first","11":"instock","12":"taxable","13":"shipping-taxable","14":"product-type-variable"},"acf":[],"brands":[],"_links":{"self":[{"href":"https:\/\/kraftiapet.com\/cs\/wp-json\/wp\/v2\/product\/3629","targetHints":{"allow":["GET"]}}],"collection":[{"href":"https:\/\/kraftiapet.com\/cs\/wp-json\/wp\/v2\/product"}],"about":[{"href":"https:\/\/kraftiapet.com\/cs\/wp-json\/wp\/v2\/types\/product"}],"replies":[{"embeddable":true,"href":"https:\/\/kraftiapet.com\/cs\/wp-json\/wp\/v2\/comments?post=3629"}],"wp:featuredmedia":[{"embeddable":true,"href":"https:\/\/kraftiapet.com\/cs\/wp-json\/wp\/v2\/media\/3630"}],"wp:attachment":[{"href":"https:\/\/kraftiapet.com\/cs\/wp-json\/wp\/v2\/media?parent=3629"}],"wp:term":[{"taxonomy":"pwb-brand","embeddable":true,"href":"https:\/\/kraftiapet.com\/cs\/wp-json\/wp\/v2\/pwb-brand?post=3629"},{"taxonomy":"product_brand","embeddable":true,"href":"https:\/\/kraftiapet.com\/cs\/wp-json\/wp\/v2\/product_brand?post=3629"},{"taxonomy":"product_cat","embeddable":true,"href":"https:\/\/kraftiapet.com\/cs\/wp-json\/wp\/v2\/product_cat?post=3629"},{"taxonomy":"product_tag","embeddable":true,"href":"https:\/\/kraftiapet.com\/cs\/wp-json\/wp\/v2\/product_tag?post=3629"}],"curies":[{"name":"wp","href":"https:\/\/api.w.org\/{rel}","templated":true}]}}