{"id":3642,"date":"2025-10-02T10:13:48","date_gmt":"2025-10-02T10:13:48","guid":{"rendered":"https:\/\/kraftiapet.com\/?post_type=product&#038;p=3642"},"modified":"2026-03-04T11:50:39","modified_gmt":"2026-03-04T11:50:39","slug":"with-salmon-fish-super-veggies","status":"publish","type":"product","link":"https:\/\/kraftiapet.com\/cs\/produkt\/with-salmon-fish-super-veggies\/","title":{"rendered":"With Salmon, Fish &amp; Super Veggies"},"content":{"rendered":"","protected":false},"excerpt":{"rendered":"<p>Vida Super Salmon, Fish &amp; Veggies je pr\u00e9miov\u00e9 krmivo pro psy st\u0159edn\u00edch a velk\u00fdch plemen s lososem, rybou a zeleninou. Losos a ryby jsou pln\u00e9 kvalitn\u00edch \u017eivin skv\u011bl\u00fdch pro svaly, kosti, k\u016f\u017ei a lesklou srst. Mo\u0159sk\u00e9 speciality dopl\u0148uj\u00ed ingredience jako \u0161pen\u00e1t a mrkev, kter\u00e9 dod\u00e1vaj\u00ed pot\u0159ebn\u00e9 vitam\u00edny.<\/p>\n","protected":false},"featured_media":3643,"comment_status":"open","ping_status":"closed","template":"","meta":{"_acf_changed":false},"pwb-brand":[],"product_brand":[218],"product_cat":[196,195],"product_tag":[],"class_list":{"0":"post-3642","1":"product","2":"type-product","3":"status-publish","4":"has-post-thumbnail","6":"product_brand-vida-super","7":"product_cat-adult-dog","8":"product_cat-dog-food","10":"first","11":"instock","12":"taxable","13":"shipping-taxable","14":"product-type-variable"},"acf":[],"brands":[],"_links":{"self":[{"href":"https:\/\/kraftiapet.com\/cs\/wp-json\/wp\/v2\/product\/3642","targetHints":{"allow":["GET"]}}],"collection":[{"href":"https:\/\/kraftiapet.com\/cs\/wp-json\/wp\/v2\/product"}],"about":[{"href":"https:\/\/kraftiapet.com\/cs\/wp-json\/wp\/v2\/types\/product"}],"replies":[{"embeddable":true,"href":"https:\/\/kraftiapet.com\/cs\/wp-json\/wp\/v2\/comments?post=3642"}],"wp:featuredmedia":[{"embeddable":true,"href":"https:\/\/kraftiapet.com\/cs\/wp-json\/wp\/v2\/media\/3643"}],"wp:attachment":[{"href":"https:\/\/kraftiapet.com\/cs\/wp-json\/wp\/v2\/media?parent=3642"}],"wp:term":[{"taxonomy":"pwb-brand","embeddable":true,"href":"https:\/\/kraftiapet.com\/cs\/wp-json\/wp\/v2\/pwb-brand?post=3642"},{"taxonomy":"product_brand","embeddable":true,"href":"https:\/\/kraftiapet.com\/cs\/wp-json\/wp\/v2\/product_brand?post=3642"},{"taxonomy":"product_cat","embeddable":true,"href":"https:\/\/kraftiapet.com\/cs\/wp-json\/wp\/v2\/product_cat?post=3642"},{"taxonomy":"product_tag","embeddable":true,"href":"https:\/\/kraftiapet.com\/cs\/wp-json\/wp\/v2\/product_tag?post=3642"}],"curies":[{"name":"wp","href":"https:\/\/api.w.org\/{rel}","templated":true}]}}