{"id":3655,"date":"2025-10-02T10:03:40","date_gmt":"2025-10-02T10:03:40","guid":{"rendered":"https:\/\/kraftiapet.com\/?post_type=product&#038;p=3655"},"modified":"2026-03-04T11:50:48","modified_gmt":"2026-03-04T11:50:48","slug":"with-lamb-chicken-super-veggies","status":"publish","type":"product","link":"https:\/\/kraftiapet.com\/cs\/produkt\/with-lamb-chicken-super-veggies\/","title":{"rendered":"With Lamb, Chicken &amp; Super Veggies"},"content":{"rendered":"","protected":false},"excerpt":{"rendered":"<p>Vida Super Lamb, Chicken &amp; Veggies je pr\u00e9miov\u00e9 krmivo pro psy st\u0159edn\u00edch a velk\u00fdch plemen s jehn\u011b\u010d\u00edm, ku\u0159ec\u00edm a zeleninou. Obsahuje jehn\u011b\u010d\u00ed a ku\u0159ec\u00ed maso, kter\u00e9 jsou skv\u011bl\u00fdmi zdroji b\u00edlkovin. Zelenina jako mrkev a jablka jsou bohat\u00fdm zdrojem antioxidant\u016f a vitamin\u016f, kter\u00e9 podporuj\u00ed zdrav\u00fd tr\u00e1vic\u00ed syst\u00e9m.<\/p>\n","protected":false},"featured_media":3656,"comment_status":"open","ping_status":"closed","template":"","meta":{"_acf_changed":false},"pwb-brand":[],"product_brand":[218],"product_cat":[196,195],"product_tag":[],"class_list":{"0":"post-3655","1":"product","2":"type-product","3":"status-publish","4":"has-post-thumbnail","6":"product_brand-vida-super","7":"product_cat-adult-dog","8":"product_cat-dog-food","10":"first","11":"instock","12":"taxable","13":"shipping-taxable","14":"product-type-variable"},"acf":[],"brands":[],"_links":{"self":[{"href":"https:\/\/kraftiapet.com\/cs\/wp-json\/wp\/v2\/product\/3655","targetHints":{"allow":["GET"]}}],"collection":[{"href":"https:\/\/kraftiapet.com\/cs\/wp-json\/wp\/v2\/product"}],"about":[{"href":"https:\/\/kraftiapet.com\/cs\/wp-json\/wp\/v2\/types\/product"}],"replies":[{"embeddable":true,"href":"https:\/\/kraftiapet.com\/cs\/wp-json\/wp\/v2\/comments?post=3655"}],"wp:featuredmedia":[{"embeddable":true,"href":"https:\/\/kraftiapet.com\/cs\/wp-json\/wp\/v2\/media\/3656"}],"wp:attachment":[{"href":"https:\/\/kraftiapet.com\/cs\/wp-json\/wp\/v2\/media?parent=3655"}],"wp:term":[{"taxonomy":"pwb-brand","embeddable":true,"href":"https:\/\/kraftiapet.com\/cs\/wp-json\/wp\/v2\/pwb-brand?post=3655"},{"taxonomy":"product_brand","embeddable":true,"href":"https:\/\/kraftiapet.com\/cs\/wp-json\/wp\/v2\/product_brand?post=3655"},{"taxonomy":"product_cat","embeddable":true,"href":"https:\/\/kraftiapet.com\/cs\/wp-json\/wp\/v2\/product_cat?post=3655"},{"taxonomy":"product_tag","embeddable":true,"href":"https:\/\/kraftiapet.com\/cs\/wp-json\/wp\/v2\/product_tag?post=3655"}],"curies":[{"name":"wp","href":"https:\/\/api.w.org\/{rel}","templated":true}]}}