{"id":3664,"date":"2025-10-04T20:52:43","date_gmt":"2025-10-04T20:52:43","guid":{"rendered":"https:\/\/kraftiapet.com\/?post_type=product&#038;p=3664"},"modified":"2026-03-04T11:50:21","modified_gmt":"2026-03-04T11:50:21","slug":"chicken-with-blueberry-3","status":"publish","type":"product","link":"https:\/\/kraftiapet.com\/cs\/produkt\/chicken-with-blueberry-3\/","title":{"rendered":"Chicken with Blueberry"},"content":{"rendered":"","protected":false},"excerpt":{"rendered":"<p>Vida Nativa Chicken &amp; Blueberry je pr\u00e9miov\u00e9 p\u0159\u00edrodn\u00ed krmivo pro psy st\u0159edn\u00edch a velk\u00fdch plemen s ku\u0159ec\u00edm masem a bor\u016fvkami. Ku\u0159ec\u00ed maso a bor\u016fvky tvo\u0159\u00ed lahodnou a zdravou kombinaci. Tato sm\u011bs je skv\u011bl\u00fdm zdrojem b\u00edlkovin, nezbytn\u00fdch pro siln\u00e9 kosti a zdrav\u00e9 klouby, zat\u00edmco superpotraviny jako bor\u016fvky poskytuj\u00ed vl\u00e1kninu a antioxidanty, kter\u00e9 pom\u00e1haj\u00ed posilovat imunitn\u00ed syst\u00e9m.<\/p>\n","protected":false},"featured_media":3665,"comment_status":"open","ping_status":"closed","template":"","meta":{"_acf_changed":false},"pwb-brand":[],"product_brand":[208],"product_cat":[196,195],"product_tag":[],"class_list":{"0":"post-3664","1":"product","2":"type-product","3":"status-publish","4":"has-post-thumbnail","6":"product_brand-vida-nativa","7":"product_cat-adult-dog","8":"product_cat-dog-food","10":"first","11":"instock","12":"taxable","13":"shipping-taxable","14":"product-type-variable"},"acf":[],"brands":[],"_links":{"self":[{"href":"https:\/\/kraftiapet.com\/cs\/wp-json\/wp\/v2\/product\/3664","targetHints":{"allow":["GET"]}}],"collection":[{"href":"https:\/\/kraftiapet.com\/cs\/wp-json\/wp\/v2\/product"}],"about":[{"href":"https:\/\/kraftiapet.com\/cs\/wp-json\/wp\/v2\/types\/product"}],"replies":[{"embeddable":true,"href":"https:\/\/kraftiapet.com\/cs\/wp-json\/wp\/v2\/comments?post=3664"}],"wp:featuredmedia":[{"embeddable":true,"href":"https:\/\/kraftiapet.com\/cs\/wp-json\/wp\/v2\/media\/3665"}],"wp:attachment":[{"href":"https:\/\/kraftiapet.com\/cs\/wp-json\/wp\/v2\/media?parent=3664"}],"wp:term":[{"taxonomy":"pwb-brand","embeddable":true,"href":"https:\/\/kraftiapet.com\/cs\/wp-json\/wp\/v2\/pwb-brand?post=3664"},{"taxonomy":"product_brand","embeddable":true,"href":"https:\/\/kraftiapet.com\/cs\/wp-json\/wp\/v2\/product_brand?post=3664"},{"taxonomy":"product_cat","embeddable":true,"href":"https:\/\/kraftiapet.com\/cs\/wp-json\/wp\/v2\/product_cat?post=3664"},{"taxonomy":"product_tag","embeddable":true,"href":"https:\/\/kraftiapet.com\/cs\/wp-json\/wp\/v2\/product_tag?post=3664"}],"curies":[{"name":"wp","href":"https:\/\/api.w.org\/{rel}","templated":true}]}}