{"id":3831,"date":"2025-09-26T11:01:26","date_gmt":"2025-09-26T11:01:26","guid":{"rendered":"https:\/\/kraftiapet.com\/?post_type=product&#038;p=3831"},"modified":"2026-03-04T13:55:47","modified_gmt":"2026-03-04T13:55:47","slug":"chicken-fish","status":"publish","type":"product","link":"https:\/\/kraftiapet.com\/cs\/produkt\/chicken-fish\/","title":{"rendered":"Chicken &amp; Fish"},"content":{"rendered":"","protected":false},"excerpt":{"rendered":"<p>Craftia Harmona Chicken &amp; Fish je pr\u00e9miov\u00e9 krmivo pro ko\u0165ata s ku\u0159etem a rybou. Ku\u0159e a ryba tvo\u0159\u00ed skv\u011blou a chutnou kombinaci: oboj\u00ed poskytuje zdrav\u00fd zdroj b\u00edlkovin, kter\u00e9 jsou pro ko\u010dky nezbytn\u00e9 a pom\u00e1haj\u00ed udr\u017eovat a podporovat siln\u00e9 a mr\u0161tn\u00e9 svaly. Ryby a ryb\u00ed olej jsou d\u016fle\u017eit\u00e9 pro udr\u017een\u00ed zdrav\u00e9 k\u016f\u017ee a leskl\u00e9 srsti.<\/p>\n","protected":false},"featured_media":3832,"comment_status":"open","ping_status":"closed","template":"","meta":{"_acf_changed":false},"pwb-brand":[],"product_brand":[223],"product_cat":[214,200],"product_tag":[],"class_list":{"0":"post-3831","1":"product","2":"type-product","3":"status-publish","4":"has-post-thumbnail","6":"product_brand-craftia-harmona","7":"product_cat-kitten","8":"product_cat-cat-food","10":"first","11":"instock","12":"taxable","13":"shipping-taxable","14":"product-type-variable"},"acf":[],"brands":[],"_links":{"self":[{"href":"https:\/\/kraftiapet.com\/cs\/wp-json\/wp\/v2\/product\/3831","targetHints":{"allow":["GET"]}}],"collection":[{"href":"https:\/\/kraftiapet.com\/cs\/wp-json\/wp\/v2\/product"}],"about":[{"href":"https:\/\/kraftiapet.com\/cs\/wp-json\/wp\/v2\/types\/product"}],"replies":[{"embeddable":true,"href":"https:\/\/kraftiapet.com\/cs\/wp-json\/wp\/v2\/comments?post=3831"}],"wp:featuredmedia":[{"embeddable":true,"href":"https:\/\/kraftiapet.com\/cs\/wp-json\/wp\/v2\/media\/3832"}],"wp:attachment":[{"href":"https:\/\/kraftiapet.com\/cs\/wp-json\/wp\/v2\/media?parent=3831"}],"wp:term":[{"taxonomy":"pwb-brand","embeddable":true,"href":"https:\/\/kraftiapet.com\/cs\/wp-json\/wp\/v2\/pwb-brand?post=3831"},{"taxonomy":"product_brand","embeddable":true,"href":"https:\/\/kraftiapet.com\/cs\/wp-json\/wp\/v2\/product_brand?post=3831"},{"taxonomy":"product_cat","embeddable":true,"href":"https:\/\/kraftiapet.com\/cs\/wp-json\/wp\/v2\/product_cat?post=3831"},{"taxonomy":"product_tag","embeddable":true,"href":"https:\/\/kraftiapet.com\/cs\/wp-json\/wp\/v2\/product_tag?post=3831"}],"curies":[{"name":"wp","href":"https:\/\/api.w.org\/{rel}","templated":true}]}}