{"id":3840,"date":"2025-09-29T08:38:06","date_gmt":"2025-09-29T08:38:06","guid":{"rendered":"https:\/\/kraftiapet.com\/?post_type=product&#038;p=3840"},"modified":"2026-03-04T13:55:27","modified_gmt":"2026-03-04T13:55:27","slug":"chicken-turkey-4","status":"publish","type":"product","link":"https:\/\/kraftiapet.com\/cs\/produkt\/chicken-turkey-4\/","title":{"rendered":"Chicken &amp; Turkey"},"content":{"rendered":"","protected":false},"excerpt":{"rendered":"<p>Craftia Natura Chicken &amp; Turkey je pr\u00e9miov\u00e9 p\u0159\u00edrodn\u00ed krmivo pro psy trpasli\u010d\u00edch a mal\u00fdch plemen s ku\u0159ec\u00edm a kr\u016ft\u00edm masem. Ku\u0159ec\u00ed a kr\u016ft\u00ed maso tvo\u0159\u00ed dokonalou kombinaci. Poskytuj\u00ed zdravou rovnov\u00e1hu b\u00edlkovin, kter\u00e9 spolu s glukosaminem a chondroitinem pom\u00e1haj\u00ed podporovat siln\u00e9 svaly, kosti a zdrav\u00e9 klouby: pro kr\u00e1sn\u00e9ho a zdrav\u00e9ho psa pln\u00e9ho p\u0159irozen\u00e9 energie, ale bez zbyte\u010dn\u00fdch kalori\u00ed!<\/p>\n","protected":false},"featured_media":3841,"comment_status":"open","ping_status":"closed","template":"","meta":{"_acf_changed":false},"pwb-brand":[],"product_brand":[224],"product_cat":[196,195],"product_tag":[],"class_list":{"0":"post-3840","1":"product","2":"type-product","3":"status-publish","4":"has-post-thumbnail","6":"product_brand-craftia-natura","7":"product_cat-adult-dog","8":"product_cat-dog-food","10":"first","11":"instock","12":"taxable","13":"shipping-taxable","14":"product-type-variable"},"acf":[],"brands":[],"_links":{"self":[{"href":"https:\/\/kraftiapet.com\/cs\/wp-json\/wp\/v2\/product\/3840","targetHints":{"allow":["GET"]}}],"collection":[{"href":"https:\/\/kraftiapet.com\/cs\/wp-json\/wp\/v2\/product"}],"about":[{"href":"https:\/\/kraftiapet.com\/cs\/wp-json\/wp\/v2\/types\/product"}],"replies":[{"embeddable":true,"href":"https:\/\/kraftiapet.com\/cs\/wp-json\/wp\/v2\/comments?post=3840"}],"wp:featuredmedia":[{"embeddable":true,"href":"https:\/\/kraftiapet.com\/cs\/wp-json\/wp\/v2\/media\/3841"}],"wp:attachment":[{"href":"https:\/\/kraftiapet.com\/cs\/wp-json\/wp\/v2\/media?parent=3840"}],"wp:term":[{"taxonomy":"pwb-brand","embeddable":true,"href":"https:\/\/kraftiapet.com\/cs\/wp-json\/wp\/v2\/pwb-brand?post=3840"},{"taxonomy":"product_brand","embeddable":true,"href":"https:\/\/kraftiapet.com\/cs\/wp-json\/wp\/v2\/product_brand?post=3840"},{"taxonomy":"product_cat","embeddable":true,"href":"https:\/\/kraftiapet.com\/cs\/wp-json\/wp\/v2\/product_cat?post=3840"},{"taxonomy":"product_tag","embeddable":true,"href":"https:\/\/kraftiapet.com\/cs\/wp-json\/wp\/v2\/product_tag?post=3840"}],"curies":[{"name":"wp","href":"https:\/\/api.w.org\/{rel}","templated":true}]}}