{"id":3885,"date":"2025-10-02T11:27:38","date_gmt":"2025-10-02T11:27:38","guid":{"rendered":"https:\/\/kraftiapet.com\/?post_type=product&#038;p=3885"},"modified":"2026-03-06T10:54:03","modified_gmt":"2026-03-06T10:54:03","slug":"rich-in-chicken-with-carrot-rice","status":"publish","type":"product","link":"https:\/\/kraftiapet.com\/cs\/produkt\/rich-in-chicken-with-carrot-rice\/","title":{"rendered":"Rich in Chicken With Carrot &amp; Rice"},"content":{"rendered":"","protected":false},"excerpt":{"rendered":"<p>Dogsy ku\u0159ec\u00ed, mrkev a r\u00fd\u017ee je krmivo pro psy s ku\u0159ec\u00edm masem, mrkv\u00ed a r\u00fd\u017e\u00ed. Zdrav\u00e1 sm\u011bs ku\u0159ec\u00edho masa, mrkve a r\u00fd\u017ee \u2013 lehce straviteln\u00e1 a pln\u00e1 esenci\u00e1ln\u00edch \u017eivin. Bohat\u00e9 na b\u00edlkoviny, vl\u00e1kninu a vitaminy pro podporu zdrav\u00e9ho tr\u00e1ven\u00ed a leskl\u00e9 srsti. Mrkev dod\u00e1v\u00e1 d\u00e1vku beta-karotenu pro lep\u0161\u00ed zdrav\u00ed o\u010d\u00ed, zat\u00edmco jej\u00ed k\u0159upavost pom\u00e1h\u00e1 udr\u017eovat \u010dist\u00e9 zuby a pravideln\u00e9 tr\u00e1ven\u00ed. Vyv\u00e1\u017een\u00e9, n\u00edzkokalorick\u00e9 j\u00eddlo, kter\u00e9 ka\u017ed\u00fd den podporuje vitalitu a pohodu va\u0161eho mazl\u00ed\u010dka.    <\/p>\n","protected":false},"featured_media":3886,"comment_status":"open","ping_status":"closed","template":"","meta":{"_acf_changed":false},"pwb-brand":[],"product_brand":[225],"product_cat":[196,195],"product_tag":[],"class_list":{"0":"post-3885","1":"product","2":"type-product","3":"status-publish","4":"has-post-thumbnail","6":"product_brand-dogsy","7":"product_cat-adult-dog","8":"product_cat-dog-food","10":"first","11":"instock","12":"taxable","13":"shipping-taxable","14":"product-type-variable"},"acf":[],"brands":[],"_links":{"self":[{"href":"https:\/\/kraftiapet.com\/cs\/wp-json\/wp\/v2\/product\/3885","targetHints":{"allow":["GET"]}}],"collection":[{"href":"https:\/\/kraftiapet.com\/cs\/wp-json\/wp\/v2\/product"}],"about":[{"href":"https:\/\/kraftiapet.com\/cs\/wp-json\/wp\/v2\/types\/product"}],"replies":[{"embeddable":true,"href":"https:\/\/kraftiapet.com\/cs\/wp-json\/wp\/v2\/comments?post=3885"}],"wp:featuredmedia":[{"embeddable":true,"href":"https:\/\/kraftiapet.com\/cs\/wp-json\/wp\/v2\/media\/3886"}],"wp:attachment":[{"href":"https:\/\/kraftiapet.com\/cs\/wp-json\/wp\/v2\/media?parent=3885"}],"wp:term":[{"taxonomy":"pwb-brand","embeddable":true,"href":"https:\/\/kraftiapet.com\/cs\/wp-json\/wp\/v2\/pwb-brand?post=3885"},{"taxonomy":"product_brand","embeddable":true,"href":"https:\/\/kraftiapet.com\/cs\/wp-json\/wp\/v2\/product_brand?post=3885"},{"taxonomy":"product_cat","embeddable":true,"href":"https:\/\/kraftiapet.com\/cs\/wp-json\/wp\/v2\/product_cat?post=3885"},{"taxonomy":"product_tag","embeddable":true,"href":"https:\/\/kraftiapet.com\/cs\/wp-json\/wp\/v2\/product_tag?post=3885"}],"curies":[{"name":"wp","href":"https:\/\/api.w.org\/{rel}","templated":true}]}}