{"id":3889,"date":"2025-10-08T05:19:41","date_gmt":"2025-10-08T05:19:41","guid":{"rendered":"https:\/\/kraftiapet.com\/?post_type=product&#038;p=3889"},"modified":"2026-03-04T13:56:59","modified_gmt":"2026-03-04T13:56:59","slug":"duck-with-pheasant","status":"publish","type":"product","link":"https:\/\/kraftiapet.com\/cs\/produkt\/duck-with-pheasant\/","title":{"rendered":"Duck With Pheasant"},"content":{"rendered":"","protected":false},"excerpt":{"rendered":"<p>Craftia Natura Duck with Pheasant je pr\u00e9miov\u00e9 p\u0159\u00edrodn\u00ed krmivo pro psy st\u0159edn\u00edch a velk\u00fdch plemen s kachnou a ba\u017eantem. Kachna a ba\u017eant tvo\u0159\u00ed l\u00e1kavou a chutnou p\u0159\u00edrodn\u00ed kombinaci. Poskytuj\u00ed p\u0159irozen\u011b hypoalergenn\u00ed sm\u011bs bohatou na vysoce straviteln\u00e9 b\u00edlkoviny a \u017eivotn\u011b d\u016fle\u017eit\u00e9 \u017eiviny. Vysok\u00fd obsah b\u00edlkovin pom\u00e1h\u00e1 podporovat zdrav\u00e9 svaly a tato kombinace zaji\u0161\u0165uje v\u00fdjime\u010dnou chu\u0165.<\/p>\n","protected":false},"featured_media":3890,"comment_status":"open","ping_status":"closed","template":"","meta":{"_acf_changed":false},"pwb-brand":[],"product_brand":[224],"product_cat":[196,195],"product_tag":[],"class_list":{"0":"post-3889","1":"product","2":"type-product","3":"status-publish","4":"has-post-thumbnail","6":"product_brand-craftia-natura","7":"product_cat-adult-dog","8":"product_cat-dog-food","10":"first","11":"instock","12":"taxable","13":"shipping-taxable","14":"product-type-variable"},"acf":[],"brands":[],"_links":{"self":[{"href":"https:\/\/kraftiapet.com\/cs\/wp-json\/wp\/v2\/product\/3889","targetHints":{"allow":["GET"]}}],"collection":[{"href":"https:\/\/kraftiapet.com\/cs\/wp-json\/wp\/v2\/product"}],"about":[{"href":"https:\/\/kraftiapet.com\/cs\/wp-json\/wp\/v2\/types\/product"}],"replies":[{"embeddable":true,"href":"https:\/\/kraftiapet.com\/cs\/wp-json\/wp\/v2\/comments?post=3889"}],"wp:featuredmedia":[{"embeddable":true,"href":"https:\/\/kraftiapet.com\/cs\/wp-json\/wp\/v2\/media\/3890"}],"wp:attachment":[{"href":"https:\/\/kraftiapet.com\/cs\/wp-json\/wp\/v2\/media?parent=3889"}],"wp:term":[{"taxonomy":"pwb-brand","embeddable":true,"href":"https:\/\/kraftiapet.com\/cs\/wp-json\/wp\/v2\/pwb-brand?post=3889"},{"taxonomy":"product_brand","embeddable":true,"href":"https:\/\/kraftiapet.com\/cs\/wp-json\/wp\/v2\/product_brand?post=3889"},{"taxonomy":"product_cat","embeddable":true,"href":"https:\/\/kraftiapet.com\/cs\/wp-json\/wp\/v2\/product_cat?post=3889"},{"taxonomy":"product_tag","embeddable":true,"href":"https:\/\/kraftiapet.com\/cs\/wp-json\/wp\/v2\/product_tag?post=3889"}],"curies":[{"name":"wp","href":"https:\/\/api.w.org\/{rel}","templated":true}]}}