{"id":3894,"date":"2025-10-02T11:19:24","date_gmt":"2025-10-02T11:19:24","guid":{"rendered":"https:\/\/kraftiapet.com\/?post_type=product&#038;p=3894"},"modified":"2026-03-06T10:54:34","modified_gmt":"2026-03-06T10:54:34","slug":"chicken-with-rice","status":"publish","type":"product","link":"https:\/\/kraftiapet.com\/cs\/produkt\/chicken-with-rice\/","title":{"rendered":"Chicken With Rice"},"content":{"rendered":"","protected":false},"excerpt":{"rendered":"<p>Dogsy Chicken &amp; Rice je krmivo pro psy s ku\u0159ec\u00edm masem a r\u00fd\u017e\u00ed. Ku\u0159ec\u00ed s r\u00fd\u017e\u00ed je klasick\u00e1 kombinace, kter\u00e1 je lehce straviteln\u00e1 a pln\u00e1 prosp\u011b\u0161n\u00fdch l\u00e1tek. D\u00edky vysok\u00e9mu obsahu libov\u00fdch b\u00edlkovin a lehce straviteln\u00fdch sacharid\u016f podporuje udr\u017een\u00ed svalov\u00e9 hmoty a dod\u00e1v\u00e1 energii \u2013 ide\u00e1ln\u00ed pro ka\u017edodenn\u00ed vitalitu! Obsa\u017een\u00e9 bor\u016fvky zrychluj\u00ed metabolismus a podporuj\u00ed celkov\u00e9 zdrav\u00ed d\u00edky p\u0159\u00edrodn\u00edm antioxidant\u016fm a vl\u00e1knin\u011b.   <\/p>\n","protected":false},"featured_media":3895,"comment_status":"open","ping_status":"closed","template":"","meta":{"_acf_changed":false},"pwb-brand":[],"product_brand":[225],"product_cat":[196,195],"product_tag":[],"class_list":{"0":"post-3894","1":"product","2":"type-product","3":"status-publish","4":"has-post-thumbnail","6":"product_brand-dogsy","7":"product_cat-adult-dog","8":"product_cat-dog-food","10":"first","11":"instock","12":"taxable","13":"shipping-taxable","14":"product-type-variable"},"acf":[],"brands":[],"_links":{"self":[{"href":"https:\/\/kraftiapet.com\/cs\/wp-json\/wp\/v2\/product\/3894","targetHints":{"allow":["GET"]}}],"collection":[{"href":"https:\/\/kraftiapet.com\/cs\/wp-json\/wp\/v2\/product"}],"about":[{"href":"https:\/\/kraftiapet.com\/cs\/wp-json\/wp\/v2\/types\/product"}],"replies":[{"embeddable":true,"href":"https:\/\/kraftiapet.com\/cs\/wp-json\/wp\/v2\/comments?post=3894"}],"wp:featuredmedia":[{"embeddable":true,"href":"https:\/\/kraftiapet.com\/cs\/wp-json\/wp\/v2\/media\/3895"}],"wp:attachment":[{"href":"https:\/\/kraftiapet.com\/cs\/wp-json\/wp\/v2\/media?parent=3894"}],"wp:term":[{"taxonomy":"pwb-brand","embeddable":true,"href":"https:\/\/kraftiapet.com\/cs\/wp-json\/wp\/v2\/pwb-brand?post=3894"},{"taxonomy":"product_brand","embeddable":true,"href":"https:\/\/kraftiapet.com\/cs\/wp-json\/wp\/v2\/product_brand?post=3894"},{"taxonomy":"product_cat","embeddable":true,"href":"https:\/\/kraftiapet.com\/cs\/wp-json\/wp\/v2\/product_cat?post=3894"},{"taxonomy":"product_tag","embeddable":true,"href":"https:\/\/kraftiapet.com\/cs\/wp-json\/wp\/v2\/product_tag?post=3894"}],"curies":[{"name":"wp","href":"https:\/\/api.w.org\/{rel}","templated":true}]}}