{"id":3898,"date":"2025-09-29T10:38:16","date_gmt":"2025-09-29T10:38:16","guid":{"rendered":"https:\/\/kraftiapet.com\/?post_type=product&#038;p=3898"},"modified":"2026-03-04T13:55:11","modified_gmt":"2026-03-04T13:55:11","slug":"lamb-with-quail-4","status":"publish","type":"product","link":"https:\/\/kraftiapet.com\/cs\/produkt\/lamb-with-quail-4\/","title":{"rendered":"Lamb with Quail"},"content":{"rendered":"","protected":false},"excerpt":{"rendered":"<p>Craftia Natura Lamb with Quail je pr\u00e9miov\u00e9 p\u0159\u00edrodn\u00ed krmivo pro psy st\u0159edn\u00edch a velk\u00fdch plemen s jehn\u011b\u010d\u00edm a k\u0159epelkou. Jehn\u011b\u010d\u00ed z voln\u00e9ho chovu a k\u0159epelka tvo\u0159\u00ed skv\u011blou kombinaci a poskytuj\u00ed p\u0159irozen\u011b hypoalergenn\u00ed sm\u011bs bohatou na vysoce straviteln\u00e9 b\u00edlkoviny a \u017eivotn\u011b d\u016fle\u017eit\u00e9 \u017eiviny. Navozuj\u00ed harmonii v t\u011ble a podporuj\u00ed zdrav\u00fd imunitn\u00ed syst\u00e9m.<\/p>\n","protected":false},"featured_media":3899,"comment_status":"open","ping_status":"closed","template":"","meta":{"_acf_changed":false},"pwb-brand":[],"product_brand":[224],"product_cat":[196,195],"product_tag":[],"class_list":{"0":"post-3898","1":"product","2":"type-product","3":"status-publish","4":"has-post-thumbnail","6":"product_brand-craftia-natura","7":"product_cat-adult-dog","8":"product_cat-dog-food","10":"first","11":"instock","12":"taxable","13":"shipping-taxable","14":"product-type-variable"},"acf":[],"brands":[],"_links":{"self":[{"href":"https:\/\/kraftiapet.com\/cs\/wp-json\/wp\/v2\/product\/3898","targetHints":{"allow":["GET"]}}],"collection":[{"href":"https:\/\/kraftiapet.com\/cs\/wp-json\/wp\/v2\/product"}],"about":[{"href":"https:\/\/kraftiapet.com\/cs\/wp-json\/wp\/v2\/types\/product"}],"replies":[{"embeddable":true,"href":"https:\/\/kraftiapet.com\/cs\/wp-json\/wp\/v2\/comments?post=3898"}],"wp:featuredmedia":[{"embeddable":true,"href":"https:\/\/kraftiapet.com\/cs\/wp-json\/wp\/v2\/media\/3899"}],"wp:attachment":[{"href":"https:\/\/kraftiapet.com\/cs\/wp-json\/wp\/v2\/media?parent=3898"}],"wp:term":[{"taxonomy":"pwb-brand","embeddable":true,"href":"https:\/\/kraftiapet.com\/cs\/wp-json\/wp\/v2\/pwb-brand?post=3898"},{"taxonomy":"product_brand","embeddable":true,"href":"https:\/\/kraftiapet.com\/cs\/wp-json\/wp\/v2\/product_brand?post=3898"},{"taxonomy":"product_cat","embeddable":true,"href":"https:\/\/kraftiapet.com\/cs\/wp-json\/wp\/v2\/product_cat?post=3898"},{"taxonomy":"product_tag","embeddable":true,"href":"https:\/\/kraftiapet.com\/cs\/wp-json\/wp\/v2\/product_tag?post=3898"}],"curies":[{"name":"wp","href":"https:\/\/api.w.org\/{rel}","templated":true}]}}