{"id":3903,"date":"2025-09-29T12:12:41","date_gmt":"2025-09-29T12:12:41","guid":{"rendered":"https:\/\/kraftiapet.com\/?post_type=product&#038;p=3903"},"modified":"2026-03-04T13:57:19","modified_gmt":"2026-03-04T13:57:19","slug":"salmon-herring-3","status":"publish","type":"product","link":"https:\/\/kraftiapet.com\/cs\/produkt\/salmon-herring-3\/","title":{"rendered":"Salmon &amp; Herring"},"content":{"rendered":"","protected":false},"excerpt":{"rendered":"<p>Craftia Natura Salmon &amp; Herring je pr\u00e9miov\u00e9 p\u0159\u00edrodn\u00ed krmivo pro psy trpasli\u010d\u00edch a mal\u00fdch plemen s lososem a sled\u011bm. Sle\u010f a losos pom\u00e1haj\u00ed mazl\u00ed\u010dk\u016fm prosp\u00edvat v mnoha ohledech: ryb\u00ed protein je skv\u011bl\u00fd pro udr\u017een\u00ed zdrav\u00e9 k\u016f\u017ee a leskl\u00e9 srsti. Ryby jsou p\u0159irozen\u011b zdrav\u00e9, podporuj\u00ed rovnov\u00e1hu t\u011bla i mysli a jako vysoce straviteln\u00fd protein pom\u00e1haj\u00ed udr\u017eovat s\u00edlu sval\u016f.<\/p>\n","protected":false},"featured_media":3904,"comment_status":"open","ping_status":"closed","template":"","meta":{"_acf_changed":false},"pwb-brand":[],"product_brand":[224],"product_cat":[196,195],"product_tag":[],"class_list":{"0":"post-3903","1":"product","2":"type-product","3":"status-publish","4":"has-post-thumbnail","6":"product_brand-craftia-natura","7":"product_cat-adult-dog","8":"product_cat-dog-food","10":"first","11":"instock","12":"taxable","13":"shipping-taxable","14":"product-type-variable"},"acf":[],"brands":[],"_links":{"self":[{"href":"https:\/\/kraftiapet.com\/cs\/wp-json\/wp\/v2\/product\/3903","targetHints":{"allow":["GET"]}}],"collection":[{"href":"https:\/\/kraftiapet.com\/cs\/wp-json\/wp\/v2\/product"}],"about":[{"href":"https:\/\/kraftiapet.com\/cs\/wp-json\/wp\/v2\/types\/product"}],"replies":[{"embeddable":true,"href":"https:\/\/kraftiapet.com\/cs\/wp-json\/wp\/v2\/comments?post=3903"}],"wp:featuredmedia":[{"embeddable":true,"href":"https:\/\/kraftiapet.com\/cs\/wp-json\/wp\/v2\/media\/3904"}],"wp:attachment":[{"href":"https:\/\/kraftiapet.com\/cs\/wp-json\/wp\/v2\/media?parent=3903"}],"wp:term":[{"taxonomy":"pwb-brand","embeddable":true,"href":"https:\/\/kraftiapet.com\/cs\/wp-json\/wp\/v2\/pwb-brand?post=3903"},{"taxonomy":"product_brand","embeddable":true,"href":"https:\/\/kraftiapet.com\/cs\/wp-json\/wp\/v2\/product_brand?post=3903"},{"taxonomy":"product_cat","embeddable":true,"href":"https:\/\/kraftiapet.com\/cs\/wp-json\/wp\/v2\/product_cat?post=3903"},{"taxonomy":"product_tag","embeddable":true,"href":"https:\/\/kraftiapet.com\/cs\/wp-json\/wp\/v2\/product_tag?post=3903"}],"curies":[{"name":"wp","href":"https:\/\/api.w.org\/{rel}","templated":true}]}}