{"id":3913,"date":"2025-09-26T12:43:59","date_gmt":"2025-09-26T12:43:59","guid":{"rendered":"https:\/\/kraftiapet.com\/?post_type=product&#038;p=3913"},"modified":"2026-03-04T13:57:26","modified_gmt":"2026-03-04T13:57:26","slug":"lamb-with-venison-for-sterilised-cats","status":"publish","type":"product","link":"https:\/\/kraftiapet.com\/cs\/produkt\/lamb-with-venison-for-sterilised-cats\/","title":{"rendered":"Lamb with Venison for Sterilised Cats"},"content":{"rendered":"","protected":false},"excerpt":{"rendered":"<p>Craftia Harmona Lamb with Venison je pr\u00e9miov\u00e9 such\u00e9 krmivo pro kastrovan\u00e9 ko\u010dky s jehn\u011b\u010d\u00edm a zv\u011b\u0159inou. D\u00edky kvalitn\u00edmu jehn\u011b\u010d\u00edmu a zv\u011b\u0159in\u011b jako hlavn\u00edm zdroj\u016fm b\u00edlkovin pom\u00e1h\u00e1 udr\u017eovat svalovou hmotu a zdravou v\u00e1hu. Je obohaceno o vitam\u00edny, miner\u00e1ly a p\u0159\u00edrodn\u00ed vl\u00e1kninu pro podporu tr\u00e1ven\u00ed, imunity a zdrav\u00ed mo\u010dov\u00fdch cest \u2013 bez um\u011bl\u00fdch p\u0159\u00edsad.<\/p>\n","protected":false},"featured_media":3914,"comment_status":"open","ping_status":"closed","template":"","meta":{"_acf_changed":false},"pwb-brand":[],"product_brand":[223],"product_cat":[201,200],"product_tag":[],"class_list":{"0":"post-3913","1":"product","2":"type-product","3":"status-publish","4":"has-post-thumbnail","6":"product_brand-craftia-harmona","7":"product_cat-adult-cat","8":"product_cat-cat-food","10":"first","11":"instock","12":"taxable","13":"shipping-taxable","14":"product-type-variable"},"acf":[],"brands":[],"_links":{"self":[{"href":"https:\/\/kraftiapet.com\/cs\/wp-json\/wp\/v2\/product\/3913","targetHints":{"allow":["GET"]}}],"collection":[{"href":"https:\/\/kraftiapet.com\/cs\/wp-json\/wp\/v2\/product"}],"about":[{"href":"https:\/\/kraftiapet.com\/cs\/wp-json\/wp\/v2\/types\/product"}],"replies":[{"embeddable":true,"href":"https:\/\/kraftiapet.com\/cs\/wp-json\/wp\/v2\/comments?post=3913"}],"wp:featuredmedia":[{"embeddable":true,"href":"https:\/\/kraftiapet.com\/cs\/wp-json\/wp\/v2\/media\/3914"}],"wp:attachment":[{"href":"https:\/\/kraftiapet.com\/cs\/wp-json\/wp\/v2\/media?parent=3913"}],"wp:term":[{"taxonomy":"pwb-brand","embeddable":true,"href":"https:\/\/kraftiapet.com\/cs\/wp-json\/wp\/v2\/pwb-brand?post=3913"},{"taxonomy":"product_brand","embeddable":true,"href":"https:\/\/kraftiapet.com\/cs\/wp-json\/wp\/v2\/product_brand?post=3913"},{"taxonomy":"product_cat","embeddable":true,"href":"https:\/\/kraftiapet.com\/cs\/wp-json\/wp\/v2\/product_cat?post=3913"},{"taxonomy":"product_tag","embeddable":true,"href":"https:\/\/kraftiapet.com\/cs\/wp-json\/wp\/v2\/product_tag?post=3913"}],"curies":[{"name":"wp","href":"https:\/\/api.w.org\/{rel}","templated":true}]}}