{"id":3918,"date":"2025-10-02T10:57:46","date_gmt":"2025-10-02T10:57:46","guid":{"rendered":"https:\/\/kraftiapet.com\/?post_type=product&#038;p=3918"},"modified":"2026-03-06T10:50:50","modified_gmt":"2026-03-06T10:50:50","slug":"rich-in-chicken-with-rice","status":"publish","type":"product","link":"https:\/\/kraftiapet.com\/cs\/produkt\/rich-in-chicken-with-rice\/","title":{"rendered":"Rich in Chicken With Rice"},"content":{"rendered":"","protected":false},"excerpt":{"rendered":"<p>Mysticat Chicken &amp; Rice je krmivo pro ko\u010dky s ku\u0159ec\u00edm masem a r\u00fd\u017e\u00ed. Ku\u0159ec\u00ed maso s r\u00fd\u017e\u00ed a bor\u016fvkami bohat\u00fdmi na antioxidanty tvo\u0159\u00ed jemnou a chutnou recepturu, kter\u00e1 je \u0161etrn\u00e1 k \u017ealudku va\u0161\u00ed ko\u010dky. D\u00edky vysok\u00e9mu obsahu kvalitn\u00edch b\u00edlkovin a esenci\u00e1ln\u00edch \u017eivin podporuje \u0161t\u00edhl\u00e9 svalstvo a ka\u017edodenn\u00ed vitalitu: ide\u00e1ln\u00ed pro p\u0159eden\u00ed, hran\u00ed i klidn\u00fd odpo\u010dinek.  <\/p>\n","protected":false},"featured_media":3919,"comment_status":"open","ping_status":"closed","template":"","meta":{"_acf_changed":false},"pwb-brand":[],"product_brand":[226],"product_cat":[201,200],"product_tag":[],"class_list":{"0":"post-3918","1":"product","2":"type-product","3":"status-publish","4":"has-post-thumbnail","6":"product_brand-mysticat","7":"product_cat-adult-cat","8":"product_cat-cat-food","10":"first","11":"instock","12":"taxable","13":"shipping-taxable","14":"product-type-variable"},"acf":[],"brands":[],"_links":{"self":[{"href":"https:\/\/kraftiapet.com\/cs\/wp-json\/wp\/v2\/product\/3918","targetHints":{"allow":["GET"]}}],"collection":[{"href":"https:\/\/kraftiapet.com\/cs\/wp-json\/wp\/v2\/product"}],"about":[{"href":"https:\/\/kraftiapet.com\/cs\/wp-json\/wp\/v2\/types\/product"}],"replies":[{"embeddable":true,"href":"https:\/\/kraftiapet.com\/cs\/wp-json\/wp\/v2\/comments?post=3918"}],"wp:featuredmedia":[{"embeddable":true,"href":"https:\/\/kraftiapet.com\/cs\/wp-json\/wp\/v2\/media\/3919"}],"wp:attachment":[{"href":"https:\/\/kraftiapet.com\/cs\/wp-json\/wp\/v2\/media?parent=3918"}],"wp:term":[{"taxonomy":"pwb-brand","embeddable":true,"href":"https:\/\/kraftiapet.com\/cs\/wp-json\/wp\/v2\/pwb-brand?post=3918"},{"taxonomy":"product_brand","embeddable":true,"href":"https:\/\/kraftiapet.com\/cs\/wp-json\/wp\/v2\/product_brand?post=3918"},{"taxonomy":"product_cat","embeddable":true,"href":"https:\/\/kraftiapet.com\/cs\/wp-json\/wp\/v2\/product_cat?post=3918"},{"taxonomy":"product_tag","embeddable":true,"href":"https:\/\/kraftiapet.com\/cs\/wp-json\/wp\/v2\/product_tag?post=3918"}],"curies":[{"name":"wp","href":"https:\/\/api.w.org\/{rel}","templated":true}]}}