{"id":3927,"date":"2025-10-02T11:11:05","date_gmt":"2025-10-02T11:11:05","guid":{"rendered":"https:\/\/kraftiapet.com\/?post_type=product&#038;p=3927"},"modified":"2026-03-06T10:50:16","modified_gmt":"2026-03-06T10:50:16","slug":"rich-in-fish-with-rice","status":"publish","type":"product","link":"https:\/\/kraftiapet.com\/cs\/produkt\/rich-in-fish-with-rice\/","title":{"rendered":"Rich in Fish With Rice"},"content":{"rendered":"","protected":false},"excerpt":{"rendered":"<p>Mysticat Fish &amp; Rice je krmivo pro ko\u010dky s rybou a r\u00fd\u017e\u00ed. Ryba s r\u00fd\u017e\u00ed je lehk\u00e1 a v\u00fd\u017eivn\u00e1 receptura pln\u00e1 omega-3 mastn\u00fdch kyselin pro lesklou srst a zdravou k\u016f\u017ei. V kombinaci se snadno stravitelnou r\u00fd\u017e\u00ed je ide\u00e1ln\u00ed pro udr\u017een\u00ed va\u0161\u00ed ko\u010dky spokojen\u00e9, aktivn\u00ed a z\u00e1\u0159\u00edc\u00ed zdrav\u00edm. Bor\u016fvky jsou chutn\u00fdm a zdrav\u00fdm dopl\u0148kem, bohat\u00fdm na antioxidanty a vl\u00e1kninu, kter\u00fd podporuje celkov\u00e9 zdrav\u00ed a tr\u00e1ven\u00ed va\u0161\u00ed ko\u010dky a z\u00e1rove\u0148 zlep\u0161uje jej\u00ed metabolismus.   <\/p>\n","protected":false},"featured_media":3928,"comment_status":"open","ping_status":"closed","template":"","meta":{"_acf_changed":false},"pwb-brand":[],"product_brand":[226],"product_cat":[201,200],"product_tag":[],"class_list":{"0":"post-3927","1":"product","2":"type-product","3":"status-publish","4":"has-post-thumbnail","6":"product_brand-mysticat","7":"product_cat-adult-cat","8":"product_cat-cat-food","10":"first","11":"instock","12":"taxable","13":"shipping-taxable","14":"product-type-variable"},"acf":[],"brands":[],"_links":{"self":[{"href":"https:\/\/kraftiapet.com\/cs\/wp-json\/wp\/v2\/product\/3927","targetHints":{"allow":["GET"]}}],"collection":[{"href":"https:\/\/kraftiapet.com\/cs\/wp-json\/wp\/v2\/product"}],"about":[{"href":"https:\/\/kraftiapet.com\/cs\/wp-json\/wp\/v2\/types\/product"}],"replies":[{"embeddable":true,"href":"https:\/\/kraftiapet.com\/cs\/wp-json\/wp\/v2\/comments?post=3927"}],"wp:featuredmedia":[{"embeddable":true,"href":"https:\/\/kraftiapet.com\/cs\/wp-json\/wp\/v2\/media\/3928"}],"wp:attachment":[{"href":"https:\/\/kraftiapet.com\/cs\/wp-json\/wp\/v2\/media?parent=3927"}],"wp:term":[{"taxonomy":"pwb-brand","embeddable":true,"href":"https:\/\/kraftiapet.com\/cs\/wp-json\/wp\/v2\/pwb-brand?post=3927"},{"taxonomy":"product_brand","embeddable":true,"href":"https:\/\/kraftiapet.com\/cs\/wp-json\/wp\/v2\/product_brand?post=3927"},{"taxonomy":"product_cat","embeddable":true,"href":"https:\/\/kraftiapet.com\/cs\/wp-json\/wp\/v2\/product_cat?post=3927"},{"taxonomy":"product_tag","embeddable":true,"href":"https:\/\/kraftiapet.com\/cs\/wp-json\/wp\/v2\/product_tag?post=3927"}],"curies":[{"name":"wp","href":"https:\/\/api.w.org\/{rel}","templated":true}]}}