{"id":3943,"date":"2025-10-13T09:25:32","date_gmt":"2025-10-13T09:25:32","guid":{"rendered":"https:\/\/kraftiapet.com\/?post_type=product&#038;p=3943"},"modified":"2026-03-05T10:39:24","modified_gmt":"2026-03-05T10:39:24","slug":"stress-free","status":"publish","type":"product","link":"https:\/\/kraftiapet.com\/cs\/produkt\/stress-free\/","title":{"rendered":"Stress Free"},"content":{"rendered":"<p data-start=\"249\" data-end=\"352\"><strong>N\u00e1vod k pou\u017eit\u00ed<\/strong>: 1 tableta na 10 kg \u017e. h. (\u017eiv\u00e9 hmotnosti) denn\u011b.<\/p>\n<p data-start=\"249\" data-end=\"352\">\u017dv\u00fdkac\u00ed tablety pod\u00e1vejte <strong data-start=\"280\" data-end=\"294\">jednou denn\u011b<\/strong> podle doporu\u010den\u00e9ho d\u00e1vkov\u00e1n\u00ed. Tabletu lze: <\/p>\n<ul data-start=\"353\" data-end=\"529\">\n<li data-start=\"353\" data-end=\"398\">\n<p data-start=\"355\" data-end=\"398\"><strong data-start=\"355\" data-end=\"373\">Podat p\u0159\u00edmo<\/strong> psovi jako pamlsek.<\/p>\n<\/li>\n<li data-start=\"399\" data-end=\"448\">\n<p data-start=\"401\" data-end=\"448\"><strong data-start=\"401\" data-end=\"420\">Sm\u00edchat s krmivem<\/strong> pro snaz\u0161\u00ed p\u0159ijet\u00ed.<\/p>\n<\/li>\n<li data-start=\"449\" data-end=\"529\">\n<p data-start=\"451\" data-end=\"529\"><strong data-start=\"451\" data-end=\"487\">Vlo\u017eit na ko\u0159en jazyka<\/strong>, aby bylo v p\u0159\u00edpad\u011b pot\u0159eby zaji\u0161t\u011bno \u00fapln\u00e9 spolknut\u00ed.<\/p>\n<\/li>\n<\/ul>\n<p data-start=\"531\" data-end=\"682\">Zajist\u011bte, aby m\u011bl pes neust\u00e1le p\u0159\u00edstup k \u010derstv\u00e9 pitn\u00e9 vod\u011b. Pro optim\u00e1ln\u00ed d\u00e1vkov\u00e1n\u00ed a d\u00e9lku u\u017e\u00edv\u00e1n\u00ed se \u0159i\u010fte doporu\u010den\u00edm sv\u00e9ho veterin\u00e1\u0159e. <\/p>\n","protected":false},"excerpt":{"rendered":"<p>Stejn\u011b jako lid\u00e9, i psi jsou n\u00e1chyln\u00ed ke stresu a jeho \u0161kodliv\u00fdm \u00fa\u010dink\u016fm na psychofyzick\u00e9 zdrav\u00ed. N\u00e1\u0161 dopln\u011bk proti stresu pro psy jim pom\u00e1h\u00e1 z\u016fstat v klidu a rovnov\u00e1ze, ale na rozd\u00edl od n\u00e1s psi nedok\u00e1\u017eou racion\u00e1ln\u011b vn\u00edmat zdroj stresu a zm\u00edrnit nepohodl\u00ed uklid\u0148uj\u00edc\u00edmi my\u0161lenkami. <\/p>\n<p>Psi reaguj\u00ed na stresov\u00e9 situace strachem a hyperaktivitou, u n\u011bkter\u00fdch se objevuje obdob\u00ed \u00fazkosti nebo deprese.<\/p>\n<p><strong>KDY POU\u017d\u00cdT STRESS FREE?<\/strong><\/p>\n<ul>\n<li>Hyperaktivita<\/li>\n<li>\u00dazkost<\/li>\n<li>Odlou\u010den\u00ed od majitel\u016f (pobyt v hotelu pro psy, pobyt o samot\u011b doma)<\/li>\n<li>Stresov\u00e9 situace, jako jsou extr\u00e9mn\u00ed teploty, n\u00e1v\u0161t\u011bva veterin\u00e1\u0159e<\/li>\n<li>Ojedin\u011bl\u00e9 stresov\u00e9 aktivity (petardy, oh\u0148ostroje, hluk)<\/li>\n<li>Cestov\u00e1n\u00ed<\/li>\n<li>Bez sedativ, l\u00e9\u010div a vedlej\u0161\u00edch \u00fa\u010dink\u016f<\/li>\n<li>Nen\u00ed ur\u010deno pro b\u0159ez\u00ed a koj\u00edc\u00ed feny<\/li>\n<\/ul>\n","protected":false},"featured_media":3944,"comment_status":"open","ping_status":"closed","template":"","meta":{"_acf_changed":false},"pwb-brand":[],"product_brand":[228],"product_cat":[229,195],"product_tag":[],"class_list":{"0":"post-3943","1":"product","2":"type-product","3":"status-publish","4":"has-post-thumbnail","6":"product_brand-regalena","7":"product_cat-dog-supplements","8":"product_cat-dog-food","10":"first","11":"instock","12":"taxable","13":"shipping-taxable","14":"product-type-variable"},"acf":[],"brands":[],"_links":{"self":[{"href":"https:\/\/kraftiapet.com\/cs\/wp-json\/wp\/v2\/product\/3943","targetHints":{"allow":["GET"]}}],"collection":[{"href":"https:\/\/kraftiapet.com\/cs\/wp-json\/wp\/v2\/product"}],"about":[{"href":"https:\/\/kraftiapet.com\/cs\/wp-json\/wp\/v2\/types\/product"}],"replies":[{"embeddable":true,"href":"https:\/\/kraftiapet.com\/cs\/wp-json\/wp\/v2\/comments?post=3943"}],"wp:featuredmedia":[{"embeddable":true,"href":"https:\/\/kraftiapet.com\/cs\/wp-json\/wp\/v2\/media\/3944"}],"wp:attachment":[{"href":"https:\/\/kraftiapet.com\/cs\/wp-json\/wp\/v2\/media?parent=3943"}],"wp:term":[{"taxonomy":"pwb-brand","embeddable":true,"href":"https:\/\/kraftiapet.com\/cs\/wp-json\/wp\/v2\/pwb-brand?post=3943"},{"taxonomy":"product_brand","embeddable":true,"href":"https:\/\/kraftiapet.com\/cs\/wp-json\/wp\/v2\/product_brand?post=3943"},{"taxonomy":"product_cat","embeddable":true,"href":"https:\/\/kraftiapet.com\/cs\/wp-json\/wp\/v2\/product_cat?post=3943"},{"taxonomy":"product_tag","embeddable":true,"href":"https:\/\/kraftiapet.com\/cs\/wp-json\/wp\/v2\/product_tag?post=3943"}],"curies":[{"name":"wp","href":"https:\/\/api.w.org\/{rel}","templated":true}]}}