{"id":3946,"date":"2025-10-10T12:28:20","date_gmt":"2025-10-10T12:28:20","guid":{"rendered":"https:\/\/kraftiapet.com\/?post_type=product&#038;p=3946"},"modified":"2026-03-05T10:39:25","modified_gmt":"2026-03-05T10:39:25","slug":"liver-support","status":"publish","type":"product","link":"https:\/\/kraftiapet.com\/cs\/produkt\/liver-support\/","title":{"rendered":"Liver Support"},"content":{"rendered":"<p data-start=\"249\" data-end=\"352\"><strong>N\u00e1vod k pou\u017eit\u00ed<\/strong>: 1 tableta na 10 kg \u017e. h. (\u017eiv\u00e9 hmotnosti) denn\u011b b\u011bhem prvn\u00edch 10 dn\u016f.<\/p>\n<p data-start=\"249\" data-end=\"352\">\u017dv\u00fdkac\u00ed tablety pod\u00e1vejte <strong data-start=\"280\" data-end=\"294\">jednou denn\u011b<\/strong> podle doporu\u010den\u00e9ho d\u00e1vkov\u00e1n\u00ed. Tabletu lze: <\/p>\n<ul data-start=\"353\" data-end=\"529\">\n<li data-start=\"353\" data-end=\"398\">\n<p data-start=\"355\" data-end=\"398\"><strong data-start=\"355\" data-end=\"373\">Podat p\u0159\u00edmo<\/strong> psovi jako pamlsek.<\/p>\n<\/li>\n<li data-start=\"399\" data-end=\"448\">\n<p data-start=\"401\" data-end=\"448\"><strong data-start=\"401\" data-end=\"420\">Zam\u00edchat do krmiva<\/strong> pro snaz\u0161\u00ed p\u0159ijet\u00ed.<\/p>\n<\/li>\n<li data-start=\"449\" data-end=\"529\">\n<p data-start=\"451\" data-end=\"529\"><strong data-start=\"451\" data-end=\"487\">Vlo\u017eit ke ko\u0159eni jazyka<\/strong>, aby bylo v p\u0159\u00edpad\u011b pot\u0159eby zaji\u0161t\u011bno \u00fapln\u00e9 spolknut\u00ed.<\/p>\n<\/li>\n<\/ul>\n<p data-start=\"531\" data-end=\"682\">Zajist\u011bte, aby m\u011bl pes neust\u00e1le p\u0159\u00edstup k \u010derstv\u00e9 pitn\u00e9 vod\u011b. Pro optim\u00e1ln\u00ed d\u00e1vkov\u00e1n\u00ed a d\u00e9lku u\u017e\u00edv\u00e1n\u00ed se \u0159i\u010fte doporu\u010den\u00edm sv\u00e9ho veterin\u00e1\u0159e. <\/p>\n","protected":false},"excerpt":{"rendered":"<p>J\u00e1tra hraj\u00ed d\u016fle\u017eitou roli v metabolismu a pln\u00ed mnoho funkc\u00ed \u2013 eliminuj\u00ed toxiny, produkuj\u00ed krevn\u00ed b\u00edlkoviny a pod\u00edlej\u00ed se na tr\u00e1ven\u00ed. N\u00e1\u0161 dopln\u011bk stravy pom\u00e1h\u00e1 chr\u00e1nit jatern\u00ed bu\u0148ky, podporuje regeneraci a zdrav\u00fd metabolismus. Tato centr\u00e1ln\u00ed role v\u0161ak s sebou nese vystaven\u00ed mnoha probl\u00e9m\u016fm, kter\u00e9 mohou ohrozit zdrav\u00ed psa, a proto je preventivn\u00ed p\u00e9\u010de o optim\u00e1ln\u00ed funkci jater a jejich ochranu v\u017edy vhodn\u011bj\u0161\u00ed.  <\/p>\n<p><strong>KDY POU\u017d\u00cdT LIVER SUPPORT?<\/strong><\/p>\n<ul>\n<li>V p\u0159\u00edpad\u011b ztu\u010dn\u011bn\u00ed jater<\/li>\n<li>P\u0159i u\u017e\u00edv\u00e1n\u00ed hepatotoxick\u00fdch l\u00e9k\u016f<\/li>\n<li>P\u0159i boji s hepatitidou (adenoviry, leptospir\u00f3za, toxoplazm\u00f3za)<\/li>\n<li>V p\u0159\u00edpad\u011b intoxikace t\u011b\u017ek\u00fdmi kovy<\/li>\n<li>P\u0159i jatern\u00edch cyst\u00e1ch<\/li>\n<li>V p\u0159\u00edpad\u011b nepr\u016fchodnosti \u017elu\u010dov\u00fdch cest<\/li>\n<\/ul>\n","protected":false},"featured_media":3947,"comment_status":"open","ping_status":"closed","template":"","meta":{"_acf_changed":false},"pwb-brand":[],"product_brand":[228],"product_cat":[229,195],"product_tag":[],"class_list":{"0":"post-3946","1":"product","2":"type-product","3":"status-publish","4":"has-post-thumbnail","6":"product_brand-regalena","7":"product_cat-dog-supplements","8":"product_cat-dog-food","10":"first","11":"instock","12":"taxable","13":"shipping-taxable","14":"product-type-variable"},"acf":[],"brands":[],"_links":{"self":[{"href":"https:\/\/kraftiapet.com\/cs\/wp-json\/wp\/v2\/product\/3946","targetHints":{"allow":["GET"]}}],"collection":[{"href":"https:\/\/kraftiapet.com\/cs\/wp-json\/wp\/v2\/product"}],"about":[{"href":"https:\/\/kraftiapet.com\/cs\/wp-json\/wp\/v2\/types\/product"}],"replies":[{"embeddable":true,"href":"https:\/\/kraftiapet.com\/cs\/wp-json\/wp\/v2\/comments?post=3946"}],"wp:featuredmedia":[{"embeddable":true,"href":"https:\/\/kraftiapet.com\/cs\/wp-json\/wp\/v2\/media\/3947"}],"wp:attachment":[{"href":"https:\/\/kraftiapet.com\/cs\/wp-json\/wp\/v2\/media?parent=3946"}],"wp:term":[{"taxonomy":"pwb-brand","embeddable":true,"href":"https:\/\/kraftiapet.com\/cs\/wp-json\/wp\/v2\/pwb-brand?post=3946"},{"taxonomy":"product_brand","embeddable":true,"href":"https:\/\/kraftiapet.com\/cs\/wp-json\/wp\/v2\/product_brand?post=3946"},{"taxonomy":"product_cat","embeddable":true,"href":"https:\/\/kraftiapet.com\/cs\/wp-json\/wp\/v2\/product_cat?post=3946"},{"taxonomy":"product_tag","embeddable":true,"href":"https:\/\/kraftiapet.com\/cs\/wp-json\/wp\/v2\/product_tag?post=3946"}],"curies":[{"name":"wp","href":"https:\/\/api.w.org\/{rel}","templated":true}]}}