{"id":3951,"date":"2025-10-13T07:18:25","date_gmt":"2025-10-13T07:18:25","guid":{"rendered":"https:\/\/kraftiapet.com\/?post_type=product&#038;p=3951"},"modified":"2026-03-05T10:39:24","modified_gmt":"2026-03-05T10:39:24","slug":"allergy-relief","status":"publish","type":"product","link":"https:\/\/kraftiapet.com\/cs\/produkt\/allergy-relief\/","title":{"rendered":"Allergy Relief"},"content":{"rendered":"<p data-start=\"249\" data-end=\"352\"><strong>N\u00e1vod k pou\u017eit\u00ed<\/strong>: 1 tableta na 15 kg \u017e. h. (\u017eiv\u00e9 hmotnosti) denn\u011b.<\/p>\n<p data-start=\"249\" data-end=\"352\">Pod\u00e1vejte \u017ev\u00fdkac\u00ed tabletu (tablety) <strong data-start=\"280\" data-end=\"294\">jednou denn\u011b<\/strong> podle doporu\u010den\u00e9ho d\u00e1vkov\u00e1n\u00ed. Tabletu lze: <\/p>\n<ul data-start=\"353\" data-end=\"529\">\n<li data-start=\"353\" data-end=\"398\">\n<p data-start=\"355\" data-end=\"398\"><strong data-start=\"355\" data-end=\"373\">Podat p\u0159\u00edmo<\/strong> psovi jako pamlsek.<\/p>\n<\/li>\n<li data-start=\"399\" data-end=\"448\">\n<p data-start=\"401\" data-end=\"448\"><strong data-start=\"401\" data-end=\"420\">Sm\u00edchat s krmivem<\/strong> pro snaz\u0161\u00ed p\u0159ijet\u00ed.<\/p>\n<\/li>\n<li data-start=\"449\" data-end=\"529\">\n<p data-start=\"451\" data-end=\"529\"><strong data-start=\"451\" data-end=\"487\">Vlo\u017eit na ko\u0159en jazyka<\/strong> pro zaji\u0161t\u011bn\u00ed \u00fapln\u00e9ho poz\u0159en\u00ed, je-li to nutn\u00e9.<\/p>\n<\/li>\n<\/ul>\n<p data-start=\"531\" data-end=\"682\">Zajist\u011bte, aby m\u011bl pes neust\u00e1le p\u0159\u00edstup k \u010derstv\u00e9 pitn\u00e9 vod\u011b. Pro optim\u00e1ln\u00ed d\u00e1vkov\u00e1n\u00ed a d\u00e9lku u\u017e\u00edv\u00e1n\u00ed se \u0159i\u010fte doporu\u010den\u00edm sv\u00e9ho veterin\u00e1\u0159e. <\/p>\n","protected":false},"excerpt":{"rendered":"<p>Stejn\u011b jako lid\u00e9 maj\u00ed i n\u011bkte\u0159\u00ed psi nadm\u011brn\u011b aktivn\u00ed imunitn\u00ed syst\u00e9m, co\u017e vede k siln\u00e9 reakci na relativn\u011b ne\u0161kodn\u00e9 faktory, jako je pyl, rozto\u010di, slunce nebo potrava. N\u00e1\u0161 dopln\u011bk stravy na alergie pro psy podporuje imunitu a pom\u00e1h\u00e1 t\u011blu klidn\u011bji reagovat na alergeny. K \u00falev\u011b od alergi\u00ed jsou \u010dasto nezbytn\u00e1 antihistaminika a imunomodul\u00e1tory, p\u0159i\u010dem\u017e bylo zji\u0161t\u011bno, \u017ee pos\u00edlen\u00ed imunity hraje tak\u00e9 d\u016fle\u017eitou roli v odolnosti organismu v\u016f\u010di problematick\u00fdm alergen\u016fm.  <\/p>\n<p><strong>KDY POU\u017d\u00cdT ALLERGY RELIEF?<\/strong><\/p>\n<ul>\n<li>U v\u0161ech typ\u016f atopie \u2013 celkov\u00e9 i lok\u00e1ln\u00ed<\/li>\n<li>Zm\u00edr\u0148uje sv\u011bd\u011bn\u00ed, slzen\u00ed o\u010d\u00ed, r\u00fdmu a otoky<\/li>\n<li>Zklid\u0148uje podr\u00e1\u017ed\u011bn\u00fd imunitn\u00ed syst\u00e9m<\/li>\n<li>Sni\u017euje z\u00e1n\u011btliv\u00e9 procesy<\/li>\n<li>Preventivn\u00ed \u00fa\u010dinek p\u0159ed vystaven\u00edm alergen\u016fm<\/li>\n<\/ul>\n","protected":false},"featured_media":3952,"comment_status":"open","ping_status":"closed","template":"","meta":{"_acf_changed":false},"pwb-brand":[],"product_brand":[228],"product_cat":[229,195],"product_tag":[],"class_list":{"0":"post-3951","1":"product","2":"type-product","3":"status-publish","4":"has-post-thumbnail","6":"product_brand-regalena","7":"product_cat-dog-supplements","8":"product_cat-dog-food","10":"first","11":"instock","12":"taxable","13":"shipping-taxable","14":"product-type-variable"},"acf":[],"brands":[],"_links":{"self":[{"href":"https:\/\/kraftiapet.com\/cs\/wp-json\/wp\/v2\/product\/3951","targetHints":{"allow":["GET"]}}],"collection":[{"href":"https:\/\/kraftiapet.com\/cs\/wp-json\/wp\/v2\/product"}],"about":[{"href":"https:\/\/kraftiapet.com\/cs\/wp-json\/wp\/v2\/types\/product"}],"replies":[{"embeddable":true,"href":"https:\/\/kraftiapet.com\/cs\/wp-json\/wp\/v2\/comments?post=3951"}],"wp:featuredmedia":[{"embeddable":true,"href":"https:\/\/kraftiapet.com\/cs\/wp-json\/wp\/v2\/media\/3952"}],"wp:attachment":[{"href":"https:\/\/kraftiapet.com\/cs\/wp-json\/wp\/v2\/media?parent=3951"}],"wp:term":[{"taxonomy":"pwb-brand","embeddable":true,"href":"https:\/\/kraftiapet.com\/cs\/wp-json\/wp\/v2\/pwb-brand?post=3951"},{"taxonomy":"product_brand","embeddable":true,"href":"https:\/\/kraftiapet.com\/cs\/wp-json\/wp\/v2\/product_brand?post=3951"},{"taxonomy":"product_cat","embeddable":true,"href":"https:\/\/kraftiapet.com\/cs\/wp-json\/wp\/v2\/product_cat?post=3951"},{"taxonomy":"product_tag","embeddable":true,"href":"https:\/\/kraftiapet.com\/cs\/wp-json\/wp\/v2\/product_tag?post=3951"}],"curies":[{"name":"wp","href":"https:\/\/api.w.org\/{rel}","templated":true}]}}