{"id":3956,"date":"2025-10-13T06:12:30","date_gmt":"2025-10-13T06:12:30","guid":{"rendered":"https:\/\/kraftiapet.com\/?post_type=product&#038;p=3956"},"modified":"2026-03-05T10:39:24","modified_gmt":"2026-03-05T10:39:24","slug":"mobility-hip-joint","status":"publish","type":"product","link":"https:\/\/kraftiapet.com\/cs\/produkt\/mobility-hip-joint\/","title":{"rendered":"Mobility + Hip &amp; Joint"},"content":{"rendered":"<p data-start=\"249\" data-end=\"352\"><strong>N\u00e1vod k pou\u017eit\u00ed<\/strong>: 1 tableta na 20 kg TH (t\u011blesn\u00e9 hmotnosti) denn\u011b.<\/p>\n<p data-start=\"249\" data-end=\"352\">Pod\u00e1vejte \u017ev\u00fdkac\u00ed tabletu (tablety) <strong data-start=\"280\" data-end=\"294\">jednou denn\u011b<\/strong> podle doporu\u010den\u00e9ho d\u00e1vkov\u00e1n\u00ed. Tabletu lze: <\/p>\n<ul data-start=\"353\" data-end=\"529\">\n<li data-start=\"353\" data-end=\"398\">\n<p data-start=\"355\" data-end=\"398\"><strong data-start=\"355\" data-end=\"373\">Podat p\u0159\u00edmo<\/strong> psovi jako pamlsek.<\/p>\n<\/li>\n<li data-start=\"399\" data-end=\"448\">\n<p data-start=\"401\" data-end=\"448\"><strong data-start=\"401\" data-end=\"420\">Sm\u00edchat s krmivem<\/strong> pro snaz\u0161\u00ed p\u0159\u00edjem.<\/p>\n<\/li>\n<li data-start=\"449\" data-end=\"529\">\n<p data-start=\"451\" data-end=\"529\"><strong data-start=\"451\" data-end=\"487\">Vlo\u017eit na ko\u0159en jazyka<\/strong>, aby bylo v p\u0159\u00edpad\u011b pot\u0159eby zaji\u0161t\u011bno \u00fapln\u00e9 spolknut\u00ed.<\/p>\n<\/li>\n<\/ul>\n<p data-start=\"531\" data-end=\"682\">Zajist\u011bte, aby m\u011bl pes neust\u00e1le p\u0159\u00edstup k \u010derstv\u00e9 pitn\u00e9 vod\u011b. Dodr\u017eujte doporu\u010den\u00ed sv\u00e9ho veterin\u00e1\u0159e pro optim\u00e1ln\u00ed d\u00e1vkov\u00e1n\u00ed a d\u00e9lku u\u017e\u00edv\u00e1n\u00ed. <\/p>\n","protected":false},"excerpt":{"rendered":"<p>V pr\u016fb\u011bhu st\u00e1rnut\u00ed se vlivem hmotnosti a vysok\u00e9 z\u00e1t\u011b\u017ee kloubn\u00ed chrupavka u ps\u016f opot\u0159ebov\u00e1v\u00e1. N\u00e1\u0161 kloubn\u00ed dopln\u011bk pro psy podporuje flexibilitu, obnovuje chrupavku a pom\u00e1h\u00e1 sni\u017eovat nepohodl\u00ed u st\u00e1rnouc\u00edch nebo aktivn\u00edch ps\u016f. Spolu se ztr\u00e1tou pru\u017enosti se objevuj\u00ed bolesti r\u016fzn\u00e9 intenzity, kter\u00e9 vy\u017eaduj\u00ed l\u00e9\u010dbu, a suplementace je velmi v\u00edtan\u00e1.  <\/p>\n<p><strong>KDY POU\u017d\u00cdT MOBILITY PLUS Hip &amp; Joint?<\/strong><\/p>\n<ul>\n<li>P\u0159i osteoartr\u00f3ze<\/li>\n<li>P\u0159i degenerativn\u00edch onemocn\u011bn\u00edch kloub\u016f<\/li>\n<li>P\u0159i dysplazii ky\u010deln\u00edho a loketn\u00edho kloubu<\/li>\n<li>Poopera\u010dn\u011b, po zlomenin\u00e1ch<\/li>\n<li>U kloub\u016f vystaven\u00fdch nam\u00e1hav\u00e9 fyzick\u00e9 aktivit\u011b<\/li>\n<li>V p\u0159\u00edpad\u011b poran\u011bn\u00ed kloub\u016f<\/li>\n<li>Jako prevence u ob\u00e9zn\u00edch ps\u016f<\/li>\n<li>Sni\u017euje bolest p\u0159i sl\u00e9z\u00e1n\u00ed, lezen\u00ed nebo nastupov\u00e1n\u00ed do auta<\/li>\n<li>Prevence u t\u011b\u017ek\u00fdch a predisponovan\u00fdch ps\u016f, velk\u00fdch plemen<\/li>\n<\/ul>\n","protected":false},"featured_media":3957,"comment_status":"open","ping_status":"closed","template":"","meta":{"_acf_changed":false},"pwb-brand":[],"product_brand":[228],"product_cat":[229,195],"product_tag":[],"class_list":{"0":"post-3956","1":"product","2":"type-product","3":"status-publish","4":"has-post-thumbnail","6":"product_brand-regalena","7":"product_cat-dog-supplements","8":"product_cat-dog-food","10":"first","11":"instock","12":"taxable","13":"shipping-taxable","14":"product-type-variable"},"acf":[],"brands":[],"_links":{"self":[{"href":"https:\/\/kraftiapet.com\/cs\/wp-json\/wp\/v2\/product\/3956","targetHints":{"allow":["GET"]}}],"collection":[{"href":"https:\/\/kraftiapet.com\/cs\/wp-json\/wp\/v2\/product"}],"about":[{"href":"https:\/\/kraftiapet.com\/cs\/wp-json\/wp\/v2\/types\/product"}],"replies":[{"embeddable":true,"href":"https:\/\/kraftiapet.com\/cs\/wp-json\/wp\/v2\/comments?post=3956"}],"wp:featuredmedia":[{"embeddable":true,"href":"https:\/\/kraftiapet.com\/cs\/wp-json\/wp\/v2\/media\/3957"}],"wp:attachment":[{"href":"https:\/\/kraftiapet.com\/cs\/wp-json\/wp\/v2\/media?parent=3956"}],"wp:term":[{"taxonomy":"pwb-brand","embeddable":true,"href":"https:\/\/kraftiapet.com\/cs\/wp-json\/wp\/v2\/pwb-brand?post=3956"},{"taxonomy":"product_brand","embeddable":true,"href":"https:\/\/kraftiapet.com\/cs\/wp-json\/wp\/v2\/product_brand?post=3956"},{"taxonomy":"product_cat","embeddable":true,"href":"https:\/\/kraftiapet.com\/cs\/wp-json\/wp\/v2\/product_cat?post=3956"},{"taxonomy":"product_tag","embeddable":true,"href":"https:\/\/kraftiapet.com\/cs\/wp-json\/wp\/v2\/product_tag?post=3956"}],"curies":[{"name":"wp","href":"https:\/\/api.w.org\/{rel}","templated":true}]}}