{"id":3961,"date":"2025-10-13T05:32:00","date_gmt":"2025-10-13T05:32:00","guid":{"rendered":"https:\/\/kraftiapet.com\/?post_type=product&#038;p=3961"},"modified":"2026-03-05T10:39:24","modified_gmt":"2026-03-05T10:39:24","slug":"cardio","status":"publish","type":"product","link":"https:\/\/kraftiapet.com\/cs\/produkt\/cardio\/","title":{"rendered":"Cardio +"},"content":{"rendered":"<p data-start=\"249\" data-end=\"352\"><strong>N\u00e1vod k pou\u017eit\u00ed<\/strong>: 1 tableta na 20 kg \u017e. h. (\u017eiv\u00e9 hmotnosti) denn\u011b.<\/p>\n<p data-start=\"249\" data-end=\"352\">Pod\u00e1vejte \u017ev\u00fdkac\u00ed tabletu (tablety) <strong data-start=\"280\" data-end=\"294\">jednou denn\u011b<\/strong> podle doporu\u010den\u00e9ho d\u00e1vkov\u00e1n\u00ed. Tabletu lze: <\/p>\n<ul data-start=\"353\" data-end=\"529\">\n<li data-start=\"353\" data-end=\"398\">\n<p data-start=\"355\" data-end=\"398\"><strong data-start=\"355\" data-end=\"373\">Podat p\u0159\u00edmo<\/strong> psovi jako pamlsek.<\/p>\n<\/li>\n<li data-start=\"399\" data-end=\"448\">\n<p data-start=\"401\" data-end=\"448\"><strong data-start=\"401\" data-end=\"420\">P\u0159im\u00edchat do krmiva<\/strong> pro snaz\u0161\u00ed p\u0159ijet\u00ed.<\/p>\n<\/li>\n<li data-start=\"449\" data-end=\"529\">\n<p data-start=\"451\" data-end=\"529\"><strong data-start=\"451\" data-end=\"487\">Vlo\u017eit ke ko\u0159eni jazyka<\/strong> pro zaji\u0161t\u011bn\u00ed \u00fapln\u00e9ho poz\u0159en\u00ed, je-li to nutn\u00e9.<\/p>\n<\/li>\n<\/ul>\n<p data-start=\"531\" data-end=\"682\">Zajist\u011bte, aby m\u011bl pes neust\u00e1le p\u0159\u00edstup k \u010derstv\u00e9 pitn\u00e9 vod\u011b. Pro optim\u00e1ln\u00ed d\u00e1vkov\u00e1n\u00ed a d\u00e9lku u\u017e\u00edv\u00e1n\u00ed dodr\u017eujte doporu\u010den\u00ed sv\u00e9ho veterin\u00e1\u0159e. <\/p>\n","protected":false},"excerpt":{"rendered":"<p>Srdce dom\u00e1c\u00edho mazl\u00ed\u010dka je otev\u0159en\u00e9 ve\u0161ker\u00e9 l\u00e1sce sv\u011bta, p\u0159esto pot\u0159ebuje podporu p\u0159i sv\u00e9m ka\u017edodenn\u00edm fungov\u00e1n\u00ed. N\u00e1\u0161 dopln\u011bk stravy pro psy dod\u00e1v\u00e1 energii a \u017eiviny pot\u0159ebn\u00e9 pro siln\u00e9 a zdrav\u00e9 srdce. Proto\u017ee srdce pracuje nep\u0159etr\u017eit\u011b 24 hodin denn\u011b, 7 dn\u00ed v t\u00fddnu, vy\u017eaduje srde\u010dn\u00ed sval postupem \u010dasu dodate\u010dnou energii. Krom\u011b faktoru st\u00e1rnut\u00ed se suplementace doporu\u010duje tak\u00e9 ps\u016fm, kte\u0159\u00ed jsou vzhledem ke sv\u00e9mu plemeni n\u00e1chyln\u00ed k rozvoji srde\u010dn\u00edch onemocn\u011bn\u00ed.  <\/p>\n<p><strong>KDY POU\u017d\u00cdT CARDIO PLUS?<\/strong><\/p>\n<ul>\n<li>Zlep\u0161uje srde\u010dn\u00ed funkci<\/li>\n<li>Reguluje krevn\u00ed tlak a ob\u011bh<\/li>\n<li>P\u0159i kardiomyopatii a ateroskler\u00f3ze<\/li>\n<li>U star\u0161\u00edch ps\u016f<\/li>\n<li>V obdob\u00ed nadm\u011brn\u00e9 n\u00e1mahy<\/li>\n<li>Prevence kardiovaskul\u00e1rn\u00edch traumat u predisponovan\u00fdch ps\u016f<\/li>\n<li>U plemen s faktorem d\u011bdi\u010dn\u00e9ho onemocn\u011bn\u00ed (jezev\u010d\u00edk, kn\u00edra\u010d, teri\u00e9r, \u0161pic)<\/li>\n<\/ul>\n","protected":false},"featured_media":3962,"comment_status":"open","ping_status":"closed","template":"","meta":{"_acf_changed":false},"pwb-brand":[],"product_brand":[228],"product_cat":[229,195],"product_tag":[],"class_list":{"0":"post-3961","1":"product","2":"type-product","3":"status-publish","4":"has-post-thumbnail","6":"product_brand-regalena","7":"product_cat-dog-supplements","8":"product_cat-dog-food","10":"first","11":"instock","12":"taxable","13":"shipping-taxable","14":"product-type-variable"},"acf":[],"brands":[],"_links":{"self":[{"href":"https:\/\/kraftiapet.com\/cs\/wp-json\/wp\/v2\/product\/3961","targetHints":{"allow":["GET"]}}],"collection":[{"href":"https:\/\/kraftiapet.com\/cs\/wp-json\/wp\/v2\/product"}],"about":[{"href":"https:\/\/kraftiapet.com\/cs\/wp-json\/wp\/v2\/types\/product"}],"replies":[{"embeddable":true,"href":"https:\/\/kraftiapet.com\/cs\/wp-json\/wp\/v2\/comments?post=3961"}],"wp:featuredmedia":[{"embeddable":true,"href":"https:\/\/kraftiapet.com\/cs\/wp-json\/wp\/v2\/media\/3962"}],"wp:attachment":[{"href":"https:\/\/kraftiapet.com\/cs\/wp-json\/wp\/v2\/media?parent=3961"}],"wp:term":[{"taxonomy":"pwb-brand","embeddable":true,"href":"https:\/\/kraftiapet.com\/cs\/wp-json\/wp\/v2\/pwb-brand?post=3961"},{"taxonomy":"product_brand","embeddable":true,"href":"https:\/\/kraftiapet.com\/cs\/wp-json\/wp\/v2\/product_brand?post=3961"},{"taxonomy":"product_cat","embeddable":true,"href":"https:\/\/kraftiapet.com\/cs\/wp-json\/wp\/v2\/product_cat?post=3961"},{"taxonomy":"product_tag","embeddable":true,"href":"https:\/\/kraftiapet.com\/cs\/wp-json\/wp\/v2\/product_tag?post=3961"}],"curies":[{"name":"wp","href":"https:\/\/api.w.org\/{rel}","templated":true}]}}