{"id":3967,"date":"2025-10-13T07:09:13","date_gmt":"2025-10-13T07:09:13","guid":{"rendered":"https:\/\/kraftiapet.com\/?post_type=product&#038;p=3967"},"modified":"2026-03-05T10:39:24","modified_gmt":"2026-03-05T10:39:24","slug":"urinary-care","status":"publish","type":"product","link":"https:\/\/kraftiapet.com\/cs\/produkt\/urinary-care\/","title":{"rendered":"Urinary Care"},"content":{"rendered":"<p data-start=\"249\" data-end=\"352\"><strong>N\u00e1vod k pou\u017eit\u00ed<\/strong>: 1 tableta na 15 kg \u017e. h. (\u017eiv\u00e9 hmotnosti) denn\u011b po dobu 6 m\u011bs\u00edc\u016f.<\/p>\n<p data-start=\"249\" data-end=\"352\">\u017dv\u00fdkac\u00ed tabletu(y) pod\u00e1vejte <strong data-start=\"280\" data-end=\"294\">jednou denn\u011b<\/strong> podle doporu\u010den\u00e9ho d\u00e1vkov\u00e1n\u00ed. Tabletu lze: <\/p>\n<ul data-start=\"353\" data-end=\"529\">\n<li data-start=\"353\" data-end=\"398\">\n<p data-start=\"355\" data-end=\"398\"><strong data-start=\"355\" data-end=\"373\">Podat p\u0159\u00edmo<\/strong> psovi jako pamlsek.<\/p>\n<\/li>\n<li data-start=\"399\" data-end=\"448\">\n<p data-start=\"401\" data-end=\"448\"><strong data-start=\"401\" data-end=\"420\">Sm\u00edchat s krmivem<\/strong> pro snaz\u0161\u00ed p\u0159ijet\u00ed.<\/p>\n<\/li>\n<li data-start=\"449\" data-end=\"529\">\n<p data-start=\"451\" data-end=\"529\"><strong data-start=\"451\" data-end=\"487\">Vlo\u017eit ke ko\u0159eni jazyka<\/strong> pro zaji\u0161t\u011bn\u00ed \u00fapln\u00e9ho poz\u0159en\u00ed, je-li to nutn\u00e9.<\/p>\n<\/li>\n<\/ul>\n<p data-start=\"531\" data-end=\"682\">Zajist\u011bte, aby m\u011bl pes po celou dobu p\u0159\u00edstup k \u010derstv\u00e9 pitn\u00e9 vod\u011b. Pro optim\u00e1ln\u00ed d\u00e1vkov\u00e1n\u00ed a d\u00e9lku u\u017e\u00edv\u00e1n\u00ed dodr\u017eujte doporu\u010den\u00ed sv\u00e9ho veterin\u00e1\u0159e. <\/p>\n","protected":false},"excerpt":{"rendered":"<p>Infekce mo\u010dov\u00fdch cest jsou \u010dast\u00fdm probl\u00e9mem ps\u016f a v 90 % p\u0159\u00edpad\u016f je p\u0159\u00ed\u010dinou infekce Escherichia coli. N\u00e1\u0161 dopln\u011bk stravy pro psy na mo\u010dov\u00e9 cesty podporuje p\u0159irozen\u00e9 vylu\u010dov\u00e1n\u00ed bakteri\u00ed, posiluje imunitu a pom\u00e1h\u00e1 p\u0159edch\u00e1zet op\u011btovn\u00e9 infekci. P\u0159i l\u00e9\u010db\u011b se vedle p\u0159\u00edrodn\u00edch prost\u0159edk\u016f pou\u017e\u00edvaj\u00ed antibiotika k odstran\u011bn\u00ed bakteri\u00ed z mo\u010dov\u00fdch cest a pos\u00edlen\u00ed imunity, \u010d\u00edm\u017e chr\u00e1n\u00ed zv\u00ed\u0159ata p\u0159ed recidivou.  <\/p>\n<p><strong>KDY POU\u017d\u00cdT URINARY CARE?<\/strong><\/p>\n<ul>\n<li>P\u0159i akutn\u00edch, chronick\u00fdch a opakuj\u00edc\u00edch se z\u00e1n\u011btech mo\u010dov\u00fdch cest<\/li>\n<li>Jako prevence proti ledvinov\u00fdm kamen\u016fm<\/li>\n<li>Proti krystal\u016fm a kamen\u016fm v mo\u010dov\u00e9m m\u011bch\u00fd\u0159i<\/li>\n<li>Po katetrizaci a chirurgick\u00fdch z\u00e1kroc\u00edch<\/li>\n<li>Jako podpora p\u0159edepsan\u00e9 konven\u010dn\u00ed terapie<\/li>\n<li>P\u0159i zv\u011bt\u0161en\u00e9 prostat\u011b<\/li>\n<li>Jako prevence u predisponovan\u00fdch plemen ps\u016f<\/li>\n<li>Pro lep\u0161\u00ed kvalitu spermatu<\/li>\n<\/ul>\n","protected":false},"featured_media":3968,"comment_status":"open","ping_status":"closed","template":"","meta":{"_acf_changed":false},"pwb-brand":[],"product_brand":[228],"product_cat":[229,195],"product_tag":[],"class_list":{"0":"post-3967","1":"product","2":"type-product","3":"status-publish","4":"has-post-thumbnail","6":"product_brand-regalena","7":"product_cat-dog-supplements","8":"product_cat-dog-food","10":"first","11":"instock","12":"taxable","13":"shipping-taxable","14":"product-type-variable"},"acf":[],"brands":[],"_links":{"self":[{"href":"https:\/\/kraftiapet.com\/cs\/wp-json\/wp\/v2\/product\/3967","targetHints":{"allow":["GET"]}}],"collection":[{"href":"https:\/\/kraftiapet.com\/cs\/wp-json\/wp\/v2\/product"}],"about":[{"href":"https:\/\/kraftiapet.com\/cs\/wp-json\/wp\/v2\/types\/product"}],"replies":[{"embeddable":true,"href":"https:\/\/kraftiapet.com\/cs\/wp-json\/wp\/v2\/comments?post=3967"}],"wp:featuredmedia":[{"embeddable":true,"href":"https:\/\/kraftiapet.com\/cs\/wp-json\/wp\/v2\/media\/3968"}],"wp:attachment":[{"href":"https:\/\/kraftiapet.com\/cs\/wp-json\/wp\/v2\/media?parent=3967"}],"wp:term":[{"taxonomy":"pwb-brand","embeddable":true,"href":"https:\/\/kraftiapet.com\/cs\/wp-json\/wp\/v2\/pwb-brand?post=3967"},{"taxonomy":"product_brand","embeddable":true,"href":"https:\/\/kraftiapet.com\/cs\/wp-json\/wp\/v2\/product_brand?post=3967"},{"taxonomy":"product_cat","embeddable":true,"href":"https:\/\/kraftiapet.com\/cs\/wp-json\/wp\/v2\/product_cat?post=3967"},{"taxonomy":"product_tag","embeddable":true,"href":"https:\/\/kraftiapet.com\/cs\/wp-json\/wp\/v2\/product_tag?post=3967"}],"curies":[{"name":"wp","href":"https:\/\/api.w.org\/{rel}","templated":true}]}}