{"id":3973,"date":"2025-10-10T11:52:54","date_gmt":"2025-10-10T11:52:54","guid":{"rendered":"https:\/\/kraftiapet.com\/?post_type=product&#038;p=3973"},"modified":"2026-04-16T07:22:29","modified_gmt":"2026-04-16T07:22:29","slug":"skin-coat","status":"publish","type":"product","link":"https:\/\/kraftiapet.com\/cs\/produkt\/skin-coat\/","title":{"rendered":"Skin &amp; Coat"},"content":{"rendered":"<p data-start=\"249\" data-end=\"352\"><strong>N\u00e1vod k pou\u017eit\u00ed<\/strong>: 1 d\u00e1vkova\u010d (2,7 g) nebo 1 tableta na 15 kg t\u011blesn\u00e9 hmotnosti denn\u011b.<\/p>\n<p data-start=\"249\" data-end=\"352\">Pod\u00e1vejte \u017ev\u00fdkac\u00ed tabletu (tablety) <strong data-start=\"280\" data-end=\"294\">jednou denn\u011b<\/strong> podle doporu\u010den\u00e9ho d\u00e1vkov\u00e1n\u00ed. Tabletu lze: <\/p>\n<ul data-start=\"353\" data-end=\"529\">\n<li data-start=\"353\" data-end=\"398\">\n<p data-start=\"355\" data-end=\"398\"><strong data-start=\"355\" data-end=\"373\">Pod\u00e1vat p\u0159\u00edmo<\/strong> psovi jako pamlsek.<\/p>\n<\/li>\n<li data-start=\"399\" data-end=\"448\">\n<p data-start=\"401\" data-end=\"448\"><strong data-start=\"401\" data-end=\"420\">P\u0159im\u00edchat do krmiva<\/strong> pro snaz\u0161\u00ed p\u0159\u00edjem.<\/p>\n<\/li>\n<li data-start=\"449\" data-end=\"529\">\n<p data-start=\"451\" data-end=\"529\"><strong data-start=\"451\" data-end=\"487\">Vlo\u017eit na ko\u0159en jazyka<\/strong>, aby bylo zaji\u0161t\u011bno \u00fapln\u00e9 spolknut\u00ed, je-li to nutn\u00e9.<\/p>\n<\/li>\n<\/ul>\n<p data-start=\"531\" data-end=\"682\">Zajist\u011bte, aby m\u011bl pes neust\u00e1l\u00fd p\u0159\u00edstup k \u010derstv\u00e9 pitn\u00e9 vod\u011b. Pro optim\u00e1ln\u00ed d\u00e1vkov\u00e1n\u00ed a d\u00e9lku u\u017e\u00edv\u00e1n\u00ed se \u0159i\u010fte doporu\u010den\u00edm sv\u00e9ho veterin\u00e1\u0159e. <\/p>\n","protected":false},"excerpt":{"rendered":"<p>Hebk\u00e1 a hust\u00e1 srst je to prvn\u00ed, \u010deho si na psovi v\u0161imnete, a jej\u00ed p\u011bkn\u00fd vzhled je ve skute\u010dnosti zrcadlem zdrav\u00ed k\u016f\u017ee. N\u00e1\u0161 dopln\u011bk stravy pro psy na k\u016f\u017ei a srst poskytuje z\u00e1kladn\u00ed \u017eiviny, kter\u00e9 pom\u00e1haj\u00ed udr\u017eovat rovnov\u00e1hu a lesk. R\u016fzn\u00e9 nedostatky v t\u011ble se \u010dasto projevuj\u00ed pr\u00e1v\u011b na k\u016f\u017ei a srsti, a jako\u017eto org\u00e1n, kter\u00fd je spolu se srst\u00ed denn\u011b nejv\u00edce vystaven vn\u011bj\u0161\u00edm vliv\u016fm, vy\u017eaduje \u010dasto zvl\u00e1\u0161tn\u00ed p\u00e9\u010di a ochranu.  <\/p>\n<p><strong>KDY POU\u017d\u00cdVAT K\u016e\u017dE A SRST?<\/strong><\/p>\n<ul>\n<li>Udr\u017euje zdravou k\u016f\u017ei a srst<\/li>\n<li>Jako prevence v p\u0159\u00edpad\u011b ko\u017en\u00edch alergi\u00ed a podr\u00e1\u017ed\u011bn\u00ed (spole\u010dn\u011b s p\u0159\u00edpravkem Allergy Relief)<\/li>\n<li>Zm\u00edr\u0148uje pot\u00ed\u017ee u such\u00e9 a podr\u00e1\u017ed\u011bn\u00e9 k\u016f\u017ee<\/li>\n<li>Jako prevence v p\u0159\u00edpad\u011b rizika ko\u017en\u00edch onemocn\u011bn\u00ed a p\u0159ecitliv\u011blosti<\/li>\n<li>Podp\u016frn\u00e1 l\u00e9\u010dba v p\u0159\u00edpad\u011b alopecie zp\u016fsoben\u00e9 ko\u017en\u00edmi parazity<\/li>\n<\/ul>\n","protected":false},"featured_media":3974,"comment_status":"open","ping_status":"closed","template":"","meta":{"_acf_changed":false},"pwb-brand":[],"product_brand":[228],"product_cat":[229,195],"product_tag":[],"class_list":{"0":"post-3973","1":"product","2":"type-product","3":"status-publish","4":"has-post-thumbnail","6":"product_brand-regalena","7":"product_cat-dog-supplements","8":"product_cat-dog-food","10":"first","11":"instock","12":"taxable","13":"shipping-taxable","14":"product-type-variable"},"acf":[],"brands":[],"_links":{"self":[{"href":"https:\/\/kraftiapet.com\/cs\/wp-json\/wp\/v2\/product\/3973","targetHints":{"allow":["GET"]}}],"collection":[{"href":"https:\/\/kraftiapet.com\/cs\/wp-json\/wp\/v2\/product"}],"about":[{"href":"https:\/\/kraftiapet.com\/cs\/wp-json\/wp\/v2\/types\/product"}],"replies":[{"embeddable":true,"href":"https:\/\/kraftiapet.com\/cs\/wp-json\/wp\/v2\/comments?post=3973"}],"wp:featuredmedia":[{"embeddable":true,"href":"https:\/\/kraftiapet.com\/cs\/wp-json\/wp\/v2\/media\/3974"}],"wp:attachment":[{"href":"https:\/\/kraftiapet.com\/cs\/wp-json\/wp\/v2\/media?parent=3973"}],"wp:term":[{"taxonomy":"pwb-brand","embeddable":true,"href":"https:\/\/kraftiapet.com\/cs\/wp-json\/wp\/v2\/pwb-brand?post=3973"},{"taxonomy":"product_brand","embeddable":true,"href":"https:\/\/kraftiapet.com\/cs\/wp-json\/wp\/v2\/product_brand?post=3973"},{"taxonomy":"product_cat","embeddable":true,"href":"https:\/\/kraftiapet.com\/cs\/wp-json\/wp\/v2\/product_cat?post=3973"},{"taxonomy":"product_tag","embeddable":true,"href":"https:\/\/kraftiapet.com\/cs\/wp-json\/wp\/v2\/product_tag?post=3973"}],"curies":[{"name":"wp","href":"https:\/\/api.w.org\/{rel}","templated":true}]}}