{"id":3980,"date":"2025-10-13T06:59:05","date_gmt":"2025-10-13T06:59:05","guid":{"rendered":"https:\/\/kraftiapet.com\/?post_type=product&#038;p=3980"},"modified":"2026-03-05T10:39:24","modified_gmt":"2026-03-05T10:39:24","slug":"immune-boost","status":"publish","type":"product","link":"https:\/\/kraftiapet.com\/cs\/produkt\/immune-boost\/","title":{"rendered":"Immune Boost"},"content":{"rendered":"<p data-start=\"249\" data-end=\"352\"><strong>N\u00e1vod k pou\u017eit\u00ed<\/strong>: 1 tableta na 10 kg \u017e. h. (\u017eiv\u00e9 hmotnosti) denn\u011b.<\/p>\n<p data-start=\"249\" data-end=\"352\">\u017dv\u00fdkac\u00ed tabletu (tablety) pod\u00e1vejte <strong data-start=\"280\" data-end=\"294\">jednou denn\u011b<\/strong> podle doporu\u010den\u00e9ho d\u00e1vkov\u00e1n\u00ed. Tabletu lze: <\/p>\n<ul data-start=\"353\" data-end=\"529\">\n<li data-start=\"353\" data-end=\"398\">\n<p data-start=\"355\" data-end=\"398\"><strong data-start=\"355\" data-end=\"373\">Podat p\u0159\u00edmo<\/strong> psovi jako pamlsek.<\/p>\n<\/li>\n<li data-start=\"399\" data-end=\"448\">\n<p data-start=\"401\" data-end=\"448\"><strong data-start=\"401\" data-end=\"420\">Sm\u00edchat s krmivem<\/strong> pro snaz\u0161\u00ed p\u0159ijet\u00ed.<\/p>\n<\/li>\n<li data-start=\"449\" data-end=\"529\">\n<p data-start=\"451\" data-end=\"529\"><strong data-start=\"451\" data-end=\"487\">Vlo\u017eit na ko\u0159en jazyka<\/strong> pro zaji\u0161t\u011bn\u00ed \u00fapln\u00e9ho polknut\u00ed, je-li to nutn\u00e9.<\/p>\n<\/li>\n<\/ul>\n<p data-start=\"531\" data-end=\"682\">Zajist\u011bte, aby m\u011bl pes neust\u00e1le p\u0159\u00edstup k \u010derstv\u00e9 pitn\u00e9 vod\u011b. Pro optim\u00e1ln\u00ed d\u00e1vkov\u00e1n\u00ed a d\u00e9lku u\u017e\u00edv\u00e1n\u00ed se \u0159i\u010fte doporu\u010den\u00edm sv\u00e9ho veterin\u00e1\u0159e. <\/p>\n","protected":false},"excerpt":{"rendered":"<p>Strava bohat\u00e1 na \u017eiviny, fyzick\u00e1 aktivita a vhodn\u00e1 suplementace jsou kl\u00ed\u010dov\u00e9 pro siln\u00fd imunitn\u00ed syst\u00e9m, zejm\u00e9na v obdob\u00ed zv\u00fd\u0161en\u00e9ho rizika nachlazen\u00ed, \u00fanavy a vy\u010derp\u00e1n\u00ed organismu. N\u00e1\u0161 dopln\u011bk stravy pro psy pom\u00e1h\u00e1 zvy\u0161ovat odolnost, podporuje regeneraci a udr\u017euje vitalitu ve v\u0161ech f\u00e1z\u00edch \u017eivota. <\/p>\n<p><strong>KDY POU\u017d\u00cdT IMMUNE BOOST?<\/strong><\/p>\n<ul>\n<li>P\u0159i \u010dast\u00fdch bakteri\u00e1ln\u00edch, pl\u00eds\u0148ov\u00fdch a virov\u00fdch infekc\u00edch<\/li>\n<li>P\u0159i z\u00e1n\u011btech plic a u\u0161\u00ed<\/li>\n<li>P\u0159i chronick\u00fdch onemocn\u011bn\u00edch<\/li>\n<li>P\u0159i vy\u010derp\u00e1n\u00ed organismu<\/li>\n<li>P\u0159i nechutenstv\u00ed<\/li>\n<li>V obdob\u00ed rekonvalescence<\/li>\n<\/ul>\n","protected":false},"featured_media":3981,"comment_status":"open","ping_status":"closed","template":"","meta":{"_acf_changed":false},"pwb-brand":[],"product_brand":[228],"product_cat":[229,195],"product_tag":[],"class_list":{"0":"post-3980","1":"product","2":"type-product","3":"status-publish","4":"has-post-thumbnail","6":"product_brand-regalena","7":"product_cat-dog-supplements","8":"product_cat-dog-food","10":"first","11":"instock","12":"taxable","13":"shipping-taxable","14":"product-type-variable"},"acf":[],"brands":[],"_links":{"self":[{"href":"https:\/\/kraftiapet.com\/cs\/wp-json\/wp\/v2\/product\/3980","targetHints":{"allow":["GET"]}}],"collection":[{"href":"https:\/\/kraftiapet.com\/cs\/wp-json\/wp\/v2\/product"}],"about":[{"href":"https:\/\/kraftiapet.com\/cs\/wp-json\/wp\/v2\/types\/product"}],"replies":[{"embeddable":true,"href":"https:\/\/kraftiapet.com\/cs\/wp-json\/wp\/v2\/comments?post=3980"}],"wp:featuredmedia":[{"embeddable":true,"href":"https:\/\/kraftiapet.com\/cs\/wp-json\/wp\/v2\/media\/3981"}],"wp:attachment":[{"href":"https:\/\/kraftiapet.com\/cs\/wp-json\/wp\/v2\/media?parent=3980"}],"wp:term":[{"taxonomy":"pwb-brand","embeddable":true,"href":"https:\/\/kraftiapet.com\/cs\/wp-json\/wp\/v2\/pwb-brand?post=3980"},{"taxonomy":"product_brand","embeddable":true,"href":"https:\/\/kraftiapet.com\/cs\/wp-json\/wp\/v2\/product_brand?post=3980"},{"taxonomy":"product_cat","embeddable":true,"href":"https:\/\/kraftiapet.com\/cs\/wp-json\/wp\/v2\/product_cat?post=3980"},{"taxonomy":"product_tag","embeddable":true,"href":"https:\/\/kraftiapet.com\/cs\/wp-json\/wp\/v2\/product_tag?post=3980"}],"curies":[{"name":"wp","href":"https:\/\/api.w.org\/{rel}","templated":true}]}}