{"id":3985,"date":"2025-10-13T06:44:03","date_gmt":"2025-10-13T06:44:03","guid":{"rendered":"https:\/\/kraftiapet.com\/?post_type=product&#038;p=3985"},"modified":"2026-03-05T10:39:24","modified_gmt":"2026-03-05T10:39:24","slug":"cognitive","status":"publish","type":"product","link":"https:\/\/kraftiapet.com\/cs\/produkt\/cognitive\/","title":{"rendered":"Cognitive"},"content":{"rendered":"<p data-start=\"249\" data-end=\"352\"><strong>N\u00e1vod k pou\u017eit\u00ed<\/strong>: 1 tableta na 20 kg \u017eiv\u00e9 hmotnosti denn\u011b.<\/p>\n<p data-start=\"249\" data-end=\"352\">\u017dv\u00fdkac\u00ed tabletu(y) pod\u00e1vejte <strong data-start=\"280\" data-end=\"294\">jednou denn\u011b<\/strong> podle doporu\u010den\u00e9ho d\u00e1vkov\u00e1n\u00ed. Tabletu lze: <\/p>\n<ul data-start=\"353\" data-end=\"529\">\n<li data-start=\"353\" data-end=\"398\">\n<p data-start=\"355\" data-end=\"398\"><strong data-start=\"355\" data-end=\"373\">Podat p\u0159\u00edmo<\/strong> psovi jako pamlsek.<\/p>\n<\/li>\n<li data-start=\"399\" data-end=\"448\">\n<p data-start=\"401\" data-end=\"448\"><strong data-start=\"401\" data-end=\"420\">Sm\u00edchat s krmivem<\/strong> pro snaz\u0161\u00ed p\u0159ijet\u00ed.<\/p>\n<\/li>\n<li data-start=\"449\" data-end=\"529\">\n<p data-start=\"451\" data-end=\"529\"><strong data-start=\"451\" data-end=\"487\">Vlo\u017eit na ko\u0159en jazyka<\/strong>, aby bylo zaji\u0161t\u011bno \u00fapln\u00e9 spolknut\u00ed, je-li to nutn\u00e9.<\/p>\n<\/li>\n<\/ul>\n<p data-start=\"531\" data-end=\"682\">Zajist\u011bte, aby m\u011bl pes neust\u00e1le p\u0159\u00edstup k \u010derstv\u00e9 pitn\u00e9 vod\u011b. Pro optim\u00e1ln\u00ed d\u00e1vkov\u00e1n\u00ed a d\u00e9lku u\u017e\u00edv\u00e1n\u00ed se \u0159i\u010fte doporu\u010den\u00edm sv\u00e9ho veterin\u00e1\u0159e. <\/p>\n","protected":false},"excerpt":{"rendered":"<p>V\u011b\u0159\u00edme, \u017ee n\u00e1m psi dokonale rozum\u011bj\u00ed a \u010dasto se zd\u00e1, jako by se chystali promluvit. Je to d\u00edky nejv\u00fdkonn\u011bj\u0161\u00edmu org\u00e1nu nervov\u00e9 soustavy \u2013 mozku, kter\u00fd pracuje na pln\u00e9 obr\u00e1tky, aby psi mohli l\u00e9pe ch\u00e1pat sv\u011bt kolem sebe. N\u00e1\u0161 dopln\u011bk pro mozek psa podporuje koncentraci, pam\u011b\u0165 a kognitivn\u00ed funkce, \u010d\u00edm\u017e pom\u00e1h\u00e1 ps\u016fm z\u016fstat bystr\u00fdmi a ment\u00e1ln\u011b aktivn\u00edmi. Nervov\u00fd syst\u00e9m je zodpov\u011bdn\u00fd za v\u0161echny druhy pam\u011bti, jako je u\u010den\u00ed se hr\u00e1m, ka\u017edodenn\u00edm n\u00e1vyk\u016fm, ale i za \u010detn\u00e9 dal\u0161\u00ed procesy \u201ev pozad\u00ed\u201c.   <\/p>\n<p><strong>KDY POU\u017d\u00cdT COGNITIVE?<\/strong><\/p>\n<ul>\n<li>Pro psy v procesu u\u010den\u00ed \u2013 b\u011bhem v\u00fdcviku, u slu\u017eebn\u00edch ps\u016f<\/li>\n<li>U star\u0161\u00edch ps\u016f jako prevence neurologick\u00fdch onemocn\u011bn\u00ed<\/li>\n<li>Jako podpora p\u0159i l\u00e9\u010db\u011b onemocn\u011bn\u00ed centr\u00e1ln\u00ed nervov\u00e9 soustavy<\/li>\n<li>Ps\u016fm v tr\u00e9ninku, b\u011bhem b\u0159ezosti a laktace<\/li>\n<li>P\u0159i probl\u00e9mech s pam\u011bt\u00ed, u\u010den\u00edm a koncentrac\u00ed<\/li>\n<li>V p\u0159\u00edpad\u011b dezorientace\/demence<\/li>\n<\/ul>\n","protected":false},"featured_media":3986,"comment_status":"open","ping_status":"closed","template":"","meta":{"_acf_changed":false},"pwb-brand":[],"product_brand":[228],"product_cat":[229,195],"product_tag":[],"class_list":{"0":"post-3985","1":"product","2":"type-product","3":"status-publish","4":"has-post-thumbnail","6":"product_brand-regalena","7":"product_cat-dog-supplements","8":"product_cat-dog-food","10":"first","11":"instock","12":"taxable","13":"shipping-taxable","14":"product-type-variable"},"acf":[],"brands":[],"_links":{"self":[{"href":"https:\/\/kraftiapet.com\/cs\/wp-json\/wp\/v2\/product\/3985","targetHints":{"allow":["GET"]}}],"collection":[{"href":"https:\/\/kraftiapet.com\/cs\/wp-json\/wp\/v2\/product"}],"about":[{"href":"https:\/\/kraftiapet.com\/cs\/wp-json\/wp\/v2\/types\/product"}],"replies":[{"embeddable":true,"href":"https:\/\/kraftiapet.com\/cs\/wp-json\/wp\/v2\/comments?post=3985"}],"wp:featuredmedia":[{"embeddable":true,"href":"https:\/\/kraftiapet.com\/cs\/wp-json\/wp\/v2\/media\/3986"}],"wp:attachment":[{"href":"https:\/\/kraftiapet.com\/cs\/wp-json\/wp\/v2\/media?parent=3985"}],"wp:term":[{"taxonomy":"pwb-brand","embeddable":true,"href":"https:\/\/kraftiapet.com\/cs\/wp-json\/wp\/v2\/pwb-brand?post=3985"},{"taxonomy":"product_brand","embeddable":true,"href":"https:\/\/kraftiapet.com\/cs\/wp-json\/wp\/v2\/product_brand?post=3985"},{"taxonomy":"product_cat","embeddable":true,"href":"https:\/\/kraftiapet.com\/cs\/wp-json\/wp\/v2\/product_cat?post=3985"},{"taxonomy":"product_tag","embeddable":true,"href":"https:\/\/kraftiapet.com\/cs\/wp-json\/wp\/v2\/product_tag?post=3985"}],"curies":[{"name":"wp","href":"https:\/\/api.w.org\/{rel}","templated":true}]}}