{"id":3990,"date":"2025-10-13T08:59:55","date_gmt":"2025-10-13T08:59:55","guid":{"rendered":"https:\/\/kraftiapet.com\/?post_type=product&#038;p=3990"},"modified":"2026-03-05T11:51:08","modified_gmt":"2026-03-05T11:51:08","slug":"senior","status":"publish","type":"product","link":"https:\/\/kraftiapet.com\/cs\/produkt\/senior\/","title":{"rendered":"Senior +"},"content":{"rendered":"<p data-start=\"249\" data-end=\"352\"><strong>N\u00e1vod k pou\u017eit\u00ed<\/strong>: 1 d\u00e1vka (2,7 g) na 15 kg \u017eiv\u00e9 hmotnosti denn\u011b, zam\u00edchat do krmiva.<\/p>\n<p data-start=\"249\" data-end=\"352\">Pod\u00e1vejte \u017ev\u00fdkac\u00ed tabletu (tablety) <strong data-start=\"280\" data-end=\"294\">jednou denn\u011b<\/strong> podle doporu\u010den\u00e9ho d\u00e1vkov\u00e1n\u00ed. Tabletu lze: <\/p>\n<ul data-start=\"353\" data-end=\"529\">\n<li data-start=\"353\" data-end=\"398\">\n<p data-start=\"355\" data-end=\"398\"><strong data-start=\"355\" data-end=\"373\">Pod\u00e1vat p\u0159\u00edmo<\/strong> psovi jako pamlsek.<\/p>\n<\/li>\n<li data-start=\"399\" data-end=\"448\">\n<p data-start=\"401\" data-end=\"448\"><strong data-start=\"401\" data-end=\"420\">P\u0159im\u00edchat do krmiva<\/strong> pro snaz\u0161\u00ed p\u0159\u00edjem.<\/p>\n<\/li>\n<li data-start=\"449\" data-end=\"529\">\n<p data-start=\"451\" data-end=\"529\"><strong data-start=\"451\" data-end=\"487\">Vlo\u017eit na ko\u0159en jazyka<\/strong>, aby bylo zaji\u0161t\u011bno \u00fapln\u00e9 spolknut\u00ed, je-li to nutn\u00e9.<\/p>\n<\/li>\n<\/ul>\n<p data-start=\"531\" data-end=\"682\">Zajist\u011bte, aby m\u011bl pes neust\u00e1l\u00fd p\u0159\u00edstup k \u010derstv\u00e9 pitn\u00e9 vod\u011b. Pro optim\u00e1ln\u00ed d\u00e1vkov\u00e1n\u00ed a d\u00e9lku u\u017e\u00edv\u00e1n\u00ed se \u0159i\u010fte doporu\u010den\u00edm sv\u00e9ho veterin\u00e1\u0159e. <\/p>\n","protected":false},"excerpt":{"rendered":"<p>St\u00e1rnut\u00ed je postupn\u00fd a nep\u0159etr\u017eit\u00fd proces, b\u011bhem n\u011bho\u017e psi proch\u00e1zej\u00ed specifick\u00fdmi vnit\u0159n\u00edmi i vn\u011bj\u0161\u00edmi zm\u011bnami. N\u00e1\u0161 dopln\u011bk pro star\u0161\u00ed psy podporuje pohyblivost, kognitivn\u00ed funkce, srde\u010dn\u00ed \u010dinnost a celkovou vitalitu. \u0160ediv\u011bn\u00ed srsti, p\u0159ib\u00fdv\u00e1n\u00ed na v\u00e1ze, dysplazie ky\u010dl\u00ed nebo lokt\u016f, ale tak\u00e9 oslaben\u00e9 srdce, dezorientace a sn\u00ed\u017een\u00e1 imunita jsou jen n\u011bkter\u00e9 z obt\u00ed\u017e\u00ed, kter\u00fdm star\u0161\u00ed psi \u010del\u00ed.  <\/p>\n<p><strong>KDY POU\u017d\u00cdVAT SENIOR PLUS?<\/strong><\/p>\n<ul>\n<li>U star\u0161\u00edch ps\u016f (7+ let) s kloubn\u00edmi probl\u00e9my<\/li>\n<li>Pro psy s omezenou pohyblivost\u00ed a ztuhlost\u00ed<\/li>\n<li>V p\u0159\u00edpad\u011b oslaben\u00e9 srde\u010dn\u00ed funkce v d\u016fsledku kardiomyopatie<\/li>\n<li>U zmaten\u00fdch a dezorientovan\u00fdch ps\u016f<\/li>\n<li>Pro zlep\u0161en\u00ed imunitn\u00edho syst\u00e9mu<\/li>\n<\/ul>\n","protected":false},"featured_media":3991,"comment_status":"open","ping_status":"closed","template":"","meta":{"_acf_changed":false},"pwb-brand":[],"product_brand":[228],"product_cat":[229,195],"product_tag":[],"class_list":{"0":"post-3990","1":"product","2":"type-product","3":"status-publish","4":"has-post-thumbnail","6":"product_brand-regalena","7":"product_cat-dog-supplements","8":"product_cat-dog-food","10":"first","11":"instock","12":"taxable","13":"shipping-taxable","14":"product-type-variable"},"acf":[],"brands":[],"_links":{"self":[{"href":"https:\/\/kraftiapet.com\/cs\/wp-json\/wp\/v2\/product\/3990","targetHints":{"allow":["GET"]}}],"collection":[{"href":"https:\/\/kraftiapet.com\/cs\/wp-json\/wp\/v2\/product"}],"about":[{"href":"https:\/\/kraftiapet.com\/cs\/wp-json\/wp\/v2\/types\/product"}],"replies":[{"embeddable":true,"href":"https:\/\/kraftiapet.com\/cs\/wp-json\/wp\/v2\/comments?post=3990"}],"wp:featuredmedia":[{"embeddable":true,"href":"https:\/\/kraftiapet.com\/cs\/wp-json\/wp\/v2\/media\/3991"}],"wp:attachment":[{"href":"https:\/\/kraftiapet.com\/cs\/wp-json\/wp\/v2\/media?parent=3990"}],"wp:term":[{"taxonomy":"pwb-brand","embeddable":true,"href":"https:\/\/kraftiapet.com\/cs\/wp-json\/wp\/v2\/pwb-brand?post=3990"},{"taxonomy":"product_brand","embeddable":true,"href":"https:\/\/kraftiapet.com\/cs\/wp-json\/wp\/v2\/product_brand?post=3990"},{"taxonomy":"product_cat","embeddable":true,"href":"https:\/\/kraftiapet.com\/cs\/wp-json\/wp\/v2\/product_cat?post=3990"},{"taxonomy":"product_tag","embeddable":true,"href":"https:\/\/kraftiapet.com\/cs\/wp-json\/wp\/v2\/product_tag?post=3990"}],"curies":[{"name":"wp","href":"https:\/\/api.w.org\/{rel}","templated":true}]}}