{"id":3993,"date":"2025-10-13T06:30:04","date_gmt":"2025-10-13T06:30:04","guid":{"rendered":"https:\/\/kraftiapet.com\/?post_type=product&#038;p=3993"},"modified":"2026-03-05T10:39:24","modified_gmt":"2026-03-05T10:39:24","slug":"strong-bone-ca-mg-p","status":"publish","type":"product","link":"https:\/\/kraftiapet.com\/cs\/produkt\/strong-bone-ca-mg-p\/","title":{"rendered":"Strong Bone Ca-Mg-P"},"content":{"rendered":"<p data-start=\"249\" data-end=\"352\"><strong>N\u00e1vod k pou\u017eit\u00ed<\/strong>: 1 odm\u011brka (2,7 g) nebo 1 tableta na 15 kg \u017e. v. (\u017eiv\u00e9 v\u00e1hy) denn\u011b.<\/p>\n<p data-start=\"249\" data-end=\"352\">\u017dv\u00fdkac\u00ed tabletu(y) pod\u00e1vejte <strong data-start=\"280\" data-end=\"294\">jednou denn\u011b<\/strong> podle doporu\u010den\u00e9ho d\u00e1vkov\u00e1n\u00ed. Tabletu lze: <\/p>\n<ul data-start=\"353\" data-end=\"529\">\n<li data-start=\"353\" data-end=\"398\">\n<p data-start=\"355\" data-end=\"398\"><strong data-start=\"355\" data-end=\"373\">Podat p\u0159\u00edmo<\/strong> psovi jako pamlsek.<\/p>\n<\/li>\n<li data-start=\"399\" data-end=\"448\">\n<p data-start=\"401\" data-end=\"448\"><strong data-start=\"401\" data-end=\"420\">P\u0159im\u00edchat do krmiva<\/strong> pro snaz\u0161\u00ed p\u0159ijet\u00ed.<\/p>\n<\/li>\n<li data-start=\"449\" data-end=\"529\">\n<p data-start=\"451\" data-end=\"529\"><strong data-start=\"451\" data-end=\"487\">Um\u00edstit na ko\u0159en jazyka<\/strong>, aby bylo v p\u0159\u00edpad\u011b pot\u0159eby zaji\u0161t\u011bno \u00fapln\u00e9 spolknut\u00ed.<\/p>\n<\/li>\n<\/ul>\n<p data-start=\"531\" data-end=\"682\">Zajist\u011bte, aby m\u011bl pes neust\u00e1le p\u0159\u00edstup k \u010derstv\u00e9 pitn\u00e9 vod\u011b. Pro optim\u00e1ln\u00ed d\u00e1vkov\u00e1n\u00ed a d\u00e9lku u\u017e\u00edv\u00e1n\u00ed dodr\u017eujte doporu\u010den\u00ed sv\u00e9ho veterin\u00e1\u0159e. <\/p>\n","protected":false},"excerpt":{"rendered":"<p>Stejn\u011b jako u lid\u00ed je v\u00e1pn\u00edk nezbytn\u00fdm dopl\u0148kem v nejran\u011bj\u0161\u00edm v\u011bku, proto\u017ee jde o obdob\u00ed nejrychlej\u0161\u00edho r\u016fstu a v\u00fdvoje, kdy t\u011blo pot\u0159ebuje zv\u00fd\u0161en\u00fd p\u0159\u00edjem v\u00e1pn\u00edku. N\u00e1\u0161 v\u00e1pn\u00edkov\u00fd dopln\u011bk pro psy pom\u00e1h\u00e1 udr\u017eovat siln\u00e9 kosti, zuby a spr\u00e1vnou funkci sval\u016f a nerv\u016f. U ps\u016f je to mezi 3. a 12. m\u011bs\u00edcem v\u011bku, co\u017e plat\u00ed zejm\u00e9na pro psy velk\u00fdch a st\u0159edn\u00edch plemen, kte\u0159\u00ed rostou rychle.  <\/p>\n<p><strong>KDY POU\u017d\u00cdT STRONG BONE?<\/strong><\/p>\n<ul>\n<li>Pro \u0161t\u011b\u0148ata a mlad\u00e9 psy od 12 t\u00fddn\u016f do 1 roku v\u011bku k udr\u017een\u00ed zdrav\u00e9ho kostern\u00edho syst\u00e9mu, norm\u00e1ln\u00ed funkce sval\u016f a nervov\u00e9 soustavy<\/li>\n<li>U b\u0159ez\u00edch a koj\u00edc\u00edch fen<\/li>\n<li>Ve f\u00e1z\u00edch intenzivn\u00edho r\u016fstu velk\u00fdch ps\u016f<\/li>\n<li>Pro podporu integrity kost\u00ed a zub\u016f<\/li>\n<li>Olizov\u00e1n\u00ed a kous\u00e1n\u00ed zd\u00ed je b\u011b\u017en\u00fdm sign\u00e1lem nedostatku v\u00e1pn\u00edku<\/li>\n<\/ul>\n","protected":false},"featured_media":3994,"comment_status":"open","ping_status":"closed","template":"","meta":{"_acf_changed":false},"pwb-brand":[],"product_brand":[228],"product_cat":[229,195],"product_tag":[],"class_list":{"0":"post-3993","1":"product","2":"type-product","3":"status-publish","4":"has-post-thumbnail","6":"product_brand-regalena","7":"product_cat-dog-supplements","8":"product_cat-dog-food","10":"first","11":"instock","12":"taxable","13":"shipping-taxable","14":"product-type-variable"},"acf":[],"brands":[],"_links":{"self":[{"href":"https:\/\/kraftiapet.com\/cs\/wp-json\/wp\/v2\/product\/3993","targetHints":{"allow":["GET"]}}],"collection":[{"href":"https:\/\/kraftiapet.com\/cs\/wp-json\/wp\/v2\/product"}],"about":[{"href":"https:\/\/kraftiapet.com\/cs\/wp-json\/wp\/v2\/types\/product"}],"replies":[{"embeddable":true,"href":"https:\/\/kraftiapet.com\/cs\/wp-json\/wp\/v2\/comments?post=3993"}],"wp:featuredmedia":[{"embeddable":true,"href":"https:\/\/kraftiapet.com\/cs\/wp-json\/wp\/v2\/media\/3994"}],"wp:attachment":[{"href":"https:\/\/kraftiapet.com\/cs\/wp-json\/wp\/v2\/media?parent=3993"}],"wp:term":[{"taxonomy":"pwb-brand","embeddable":true,"href":"https:\/\/kraftiapet.com\/cs\/wp-json\/wp\/v2\/pwb-brand?post=3993"},{"taxonomy":"product_brand","embeddable":true,"href":"https:\/\/kraftiapet.com\/cs\/wp-json\/wp\/v2\/product_brand?post=3993"},{"taxonomy":"product_cat","embeddable":true,"href":"https:\/\/kraftiapet.com\/cs\/wp-json\/wp\/v2\/product_cat?post=3993"},{"taxonomy":"product_tag","embeddable":true,"href":"https:\/\/kraftiapet.com\/cs\/wp-json\/wp\/v2\/product_tag?post=3993"}],"curies":[{"name":"wp","href":"https:\/\/api.w.org\/{rel}","templated":true}]}}