{"id":3999,"date":"2025-10-10T10:05:34","date_gmt":"2025-10-10T10:05:34","guid":{"rendered":"https:\/\/kraftiapet.com\/?post_type=product&#038;p=3999"},"modified":"2026-03-05T10:39:25","modified_gmt":"2026-03-05T10:39:25","slug":"multivitamin","status":"publish","type":"product","link":"https:\/\/kraftiapet.com\/cs\/produkt\/multivitamin\/","title":{"rendered":"Multivitamin"},"content":{"rendered":"<p data-start=\"249\" data-end=\"352\"><strong>N\u00e1vod k pou\u017eit\u00ed<\/strong>: 1 d\u00e1vka (2,7 g) nebo 1 tableta na 15 kg \u017eiv\u00e9 hmotnosti denn\u011b.<\/p>\n<p data-start=\"249\" data-end=\"352\">Pod\u00e1vejte \u017ev\u00fdkac\u00ed tablety <strong data-start=\"280\" data-end=\"294\">jednou denn\u011b<\/strong> podle doporu\u010den\u00e9ho d\u00e1vkov\u00e1n\u00ed. Tabletu lze: <\/p>\n<ul data-start=\"353\" data-end=\"529\">\n<li data-start=\"353\" data-end=\"398\">\n<p data-start=\"355\" data-end=\"398\"><strong data-start=\"355\" data-end=\"373\">Podat p\u0159\u00edmo<\/strong> psovi jako pamlsek.<\/p>\n<\/li>\n<li data-start=\"399\" data-end=\"448\">\n<p data-start=\"401\" data-end=\"448\"><strong data-start=\"401\" data-end=\"420\">Sm\u00edchat s krmivem<\/strong> pro snaz\u0161\u00ed p\u0159ijet\u00ed.<\/p>\n<\/li>\n<li data-start=\"449\" data-end=\"529\">\n<p data-start=\"451\" data-end=\"529\"><strong data-start=\"451\" data-end=\"487\">Vlo\u017eit na ko\u0159en jazyka<\/strong> pro zaji\u0161t\u011bn\u00ed \u00fapln\u00e9ho poz\u0159en\u00ed, je-li to nutn\u00e9.<\/p>\n<\/li>\n<\/ul>\n<p data-start=\"531\" data-end=\"682\">Zajist\u011bte psovi neust\u00e1l\u00fd p\u0159\u00edstup k \u010derstv\u00e9 pitn\u00e9 vod\u011b. Pro optim\u00e1ln\u00ed d\u00e1vkov\u00e1n\u00ed a d\u00e9lku u\u017e\u00edv\u00e1n\u00ed se \u0159i\u010fte doporu\u010den\u00edm sv\u00e9ho veterin\u00e1\u0159e. <\/p>\n","protected":false},"excerpt":{"rendered":"<p>Spr\u00e1vn\u00e1 v\u00fd\u017eiva by m\u011bla ps\u016fm poskytnout v\u0161echny pot\u0159ebn\u00e9 \u017eiviny, ale t\u011blo \u010dasto vy\u017eaduje dal\u0161\u00ed vitaminy a miner\u00e1ly, aby se vyrovnalo se sez\u00f3nn\u00edm nachlazen\u00edm, oslabenou imunitou a \u010detn\u00fdmi vn\u011bj\u0161\u00edmi vlivy. N\u00e1\u0161 multivitaminov\u00fd dopln\u011bk pro psy podporuje vyv\u00e1\u017eenou v\u00fd\u017eivu, posiluje imunitu a pom\u00e1h\u00e1 udr\u017eovat energii a vitalitu po cel\u00fd rok. <\/p>\n<p><strong>KDY POU\u017d\u00cdT MULTIVITAMIN?<\/strong><\/p>\n<ul>\n<li>Pro spr\u00e1vn\u00fd r\u016fst a v\u00fdvoj v\u0161ech plemen<\/li>\n<li>B\u011bhem b\u0159ezosti a laktace<\/li>\n<li>Podpora p\u0159i l\u00e9\u010db\u011b a rekonvalescenci<\/li>\n<li>Podpora nervov\u00e9ho a kardiovaskul\u00e1rn\u00edho syst\u00e9mu<\/li>\n<li>Udr\u017euje a posiluje imunitu<\/li>\n<\/ul>\n","protected":false},"featured_media":4000,"comment_status":"open","ping_status":"closed","template":"","meta":{"_acf_changed":false},"pwb-brand":[],"product_brand":[228],"product_cat":[229,195],"product_tag":[],"class_list":{"0":"post-3999","1":"product","2":"type-product","3":"status-publish","4":"has-post-thumbnail","6":"product_brand-regalena","7":"product_cat-dog-supplements","8":"product_cat-dog-food","10":"first","11":"instock","12":"taxable","13":"shipping-taxable","14":"product-type-variable"},"acf":[],"brands":[],"_links":{"self":[{"href":"https:\/\/kraftiapet.com\/cs\/wp-json\/wp\/v2\/product\/3999","targetHints":{"allow":["GET"]}}],"collection":[{"href":"https:\/\/kraftiapet.com\/cs\/wp-json\/wp\/v2\/product"}],"about":[{"href":"https:\/\/kraftiapet.com\/cs\/wp-json\/wp\/v2\/types\/product"}],"replies":[{"embeddable":true,"href":"https:\/\/kraftiapet.com\/cs\/wp-json\/wp\/v2\/comments?post=3999"}],"wp:featuredmedia":[{"embeddable":true,"href":"https:\/\/kraftiapet.com\/cs\/wp-json\/wp\/v2\/media\/4000"}],"wp:attachment":[{"href":"https:\/\/kraftiapet.com\/cs\/wp-json\/wp\/v2\/media?parent=3999"}],"wp:term":[{"taxonomy":"pwb-brand","embeddable":true,"href":"https:\/\/kraftiapet.com\/cs\/wp-json\/wp\/v2\/pwb-brand?post=3999"},{"taxonomy":"product_brand","embeddable":true,"href":"https:\/\/kraftiapet.com\/cs\/wp-json\/wp\/v2\/product_brand?post=3999"},{"taxonomy":"product_cat","embeddable":true,"href":"https:\/\/kraftiapet.com\/cs\/wp-json\/wp\/v2\/product_cat?post=3999"},{"taxonomy":"product_tag","embeddable":true,"href":"https:\/\/kraftiapet.com\/cs\/wp-json\/wp\/v2\/product_tag?post=3999"}],"curies":[{"name":"wp","href":"https:\/\/api.w.org\/{rel}","templated":true}]}}