{"id":4010,"date":"2025-09-28T21:58:27","date_gmt":"2025-09-28T21:58:27","guid":{"rendered":"https:\/\/kraftiapet.com\/?post_type=product&#038;p=4010"},"modified":"2026-04-16T07:22:55","modified_gmt":"2026-04-16T07:22:55","slug":"gifts-of-fields-branches","status":"publish","type":"product","link":"https:\/\/kraftiapet.com\/cs\/produkt\/gifts-of-fields-branches\/","title":{"rendered":"Gifts of Fields &amp; Branches"},"content":{"rendered":"","protected":false},"excerpt":{"rendered":"<p>Dary pol\u00ed a v\u011btv\u00ed \u2013 Rawival je pr\u00e9miov\u00e9 krmivo pro \u0161t\u011b\u0148ata trpasli\u010d\u00edch a mal\u00fdch plemen s jehn\u011b\u010d\u00edm a k\u0159epelkou. Syrov\u00e9 jehn\u011b\u010d\u00ed maso bez kost\u00ed a syrov\u00e1 k\u0159epelka bez kost\u00ed tvo\u0159\u00ed dokonalou sm\u011bs p\u0159\u00edrodn\u00edch protein\u016f a dod\u00e1vaj\u00ed esenci\u00e1ln\u00ed \u017eiviny pot\u0159ebn\u00e9 pro podporu zdrav\u00e9ho r\u016fstu a v\u00fdvoje. Sm\u011bs zdrav\u00fdch obilovin, v\u010detn\u011b prastar\u00fdch zdroj\u016f, poskytuje stabiln\u00ed energii pro r\u016fst a receptura je vhodn\u00e1 i pro feny v obdob\u00ed b\u0159ezosti a laktace.    <\/p>\n","protected":false},"featured_media":4081,"comment_status":"open","ping_status":"closed","template":"","meta":{"_acf_changed":false},"pwb-brand":[],"product_brand":[227],"product_cat":[209,195],"product_tag":[],"class_list":{"0":"post-4010","1":"product","2":"type-product","3":"status-publish","4":"has-post-thumbnail","6":"product_brand-rawival","7":"product_cat-puppy","8":"product_cat-dog-food","10":"first","11":"instock","12":"taxable","13":"shipping-taxable","14":"product-type-variable"},"acf":[],"brands":[],"_links":{"self":[{"href":"https:\/\/kraftiapet.com\/cs\/wp-json\/wp\/v2\/product\/4010","targetHints":{"allow":["GET"]}}],"collection":[{"href":"https:\/\/kraftiapet.com\/cs\/wp-json\/wp\/v2\/product"}],"about":[{"href":"https:\/\/kraftiapet.com\/cs\/wp-json\/wp\/v2\/types\/product"}],"replies":[{"embeddable":true,"href":"https:\/\/kraftiapet.com\/cs\/wp-json\/wp\/v2\/comments?post=4010"}],"wp:featuredmedia":[{"embeddable":true,"href":"https:\/\/kraftiapet.com\/cs\/wp-json\/wp\/v2\/media\/4081"}],"wp:attachment":[{"href":"https:\/\/kraftiapet.com\/cs\/wp-json\/wp\/v2\/media?parent=4010"}],"wp:term":[{"taxonomy":"pwb-brand","embeddable":true,"href":"https:\/\/kraftiapet.com\/cs\/wp-json\/wp\/v2\/pwb-brand?post=4010"},{"taxonomy":"product_brand","embeddable":true,"href":"https:\/\/kraftiapet.com\/cs\/wp-json\/wp\/v2\/product_brand?post=4010"},{"taxonomy":"product_cat","embeddable":true,"href":"https:\/\/kraftiapet.com\/cs\/wp-json\/wp\/v2\/product_cat?post=4010"},{"taxonomy":"product_tag","embeddable":true,"href":"https:\/\/kraftiapet.com\/cs\/wp-json\/wp\/v2\/product_tag?post=4010"}],"curies":[{"name":"wp","href":"https:\/\/api.w.org\/{rel}","templated":true}]}}