{"id":4014,"date":"2025-09-29T08:46:19","date_gmt":"2025-09-29T08:46:19","guid":{"rendered":"https:\/\/kraftiapet.com\/?post_type=product&#038;p=4014"},"modified":"2026-04-16T07:22:46","modified_gmt":"2026-04-16T07:22:46","slug":"north-seas-finest-3","status":"publish","type":"product","link":"https:\/\/kraftiapet.com\/cs\/produkt\/north-seas-finest-3\/","title":{"rendered":"North Sea\u2019s Finest"},"content":{"rendered":"","protected":false},"excerpt":{"rendered":"<p>North Sea&#8217;s Finest \u2013 Rawival je prvot\u0159\u00eddn\u00ed krmivo pro dosp\u011bl\u00e9 psy miniaturn\u00edch a mal\u00fdch plemen s lososem a sled\u011bm. \u010cerstv\u011b mra\u017een\u00fd losos a \u010derstv\u011b mra\u017een\u00fd sle\u010f poskytuj\u00ed v\u00fdjime\u010dn\u011b chutnou sm\u011bs a dod\u00e1vaj\u00ed ve\u0161ker\u00e9 v\u00fd\u017eivn\u00e9 proteiny, kter\u00e9 aktivn\u00ed pes pot\u0159ebuje. Sm\u011bs zdrav\u00fdch obilovin, v\u010detn\u011b prastar\u00fdch druh\u016f, dod\u00e1v\u00e1 energii pro b\u011bh a hru a speci\u00e1ln\u00ed slo\u017eka v podob\u011b hn\u011bd\u00e9 mo\u0159sk\u00e9 \u0159asy pom\u00e1h\u00e1 udr\u017eovat zdrav\u00e9 zuby a d\u00e1sn\u011b.   <\/p>\n","protected":false},"featured_media":4098,"comment_status":"open","ping_status":"closed","template":"","meta":{"_acf_changed":false},"pwb-brand":[],"product_brand":[227],"product_cat":[196,195],"product_tag":[],"class_list":{"0":"post-4014","1":"product","2":"type-product","3":"status-publish","4":"has-post-thumbnail","6":"product_brand-rawival","7":"product_cat-adult-dog","8":"product_cat-dog-food","10":"first","11":"instock","12":"taxable","13":"shipping-taxable","14":"product-type-variable"},"acf":[],"brands":[],"_links":{"self":[{"href":"https:\/\/kraftiapet.com\/cs\/wp-json\/wp\/v2\/product\/4014","targetHints":{"allow":["GET"]}}],"collection":[{"href":"https:\/\/kraftiapet.com\/cs\/wp-json\/wp\/v2\/product"}],"about":[{"href":"https:\/\/kraftiapet.com\/cs\/wp-json\/wp\/v2\/types\/product"}],"replies":[{"embeddable":true,"href":"https:\/\/kraftiapet.com\/cs\/wp-json\/wp\/v2\/comments?post=4014"}],"wp:featuredmedia":[{"embeddable":true,"href":"https:\/\/kraftiapet.com\/cs\/wp-json\/wp\/v2\/media\/4098"}],"wp:attachment":[{"href":"https:\/\/kraftiapet.com\/cs\/wp-json\/wp\/v2\/media?parent=4014"}],"wp:term":[{"taxonomy":"pwb-brand","embeddable":true,"href":"https:\/\/kraftiapet.com\/cs\/wp-json\/wp\/v2\/pwb-brand?post=4014"},{"taxonomy":"product_brand","embeddable":true,"href":"https:\/\/kraftiapet.com\/cs\/wp-json\/wp\/v2\/product_brand?post=4014"},{"taxonomy":"product_cat","embeddable":true,"href":"https:\/\/kraftiapet.com\/cs\/wp-json\/wp\/v2\/product_cat?post=4014"},{"taxonomy":"product_tag","embeddable":true,"href":"https:\/\/kraftiapet.com\/cs\/wp-json\/wp\/v2\/product_tag?post=4014"}],"curies":[{"name":"wp","href":"https:\/\/api.w.org\/{rel}","templated":true}]}}